{"id":2664,"date":"2023-11-14T12:48:16","date_gmt":"2023-11-14T05:48:16","guid":{"rendered":"https:\/\/bynature.vn\/product\/vien-sui-collagen-biotin-kudos-beauty\/"},"modified":"2024-04-10T16:05:54","modified_gmt":"2024-04-10T09:05:54","slug":"vien-sui-collagen-biotin-kudos-beauty","status":"publish","type":"product","link":"https:\/\/bynature.vn\/vi\/product\/vien-sui-collagen-biotin-kudos-beauty\/","title":{"rendered":"Vi\u00ean S\u1ee7i Collagen + Biotin Kudos Beauty"},"content":{"rendered":"<h6 style=\"text-align: justify;\">Vi\u00ean s\u1ee7i Collagen + Biotin Kudos Beauty<\/h6>\n<p style=\"text-align: justify;\">Vi\u00ean S\u1ee7i Collagen + Biotin Kudos Beauty: C\u00f4ng th\u1ee9c g\u1ed3m Collagen t\u1eeb c\u00e1 v\u00e0 Biotin gi\u00fap ng\u0103n ng\u1eeba l\u00e3o h\u00f3a, gi\u1ea3m th\u00e2m n\u00e1m, n\u1ebfp nh\u0103n, cho l\u00e0n da s\u00e1ng m\u1ecbn. Gi\u00fap t\u00f3c v\u00e0 m\u00f3ng m\u1ecdc nhanh, ch\u1eafc kh\u1ecfe.<\/p>\n<p style=\"text-align: justify;\"><em><strong>H\u01b0\u1edbng d\u1eabn s\u1eed d\u1ee5ng:<\/strong><\/em> 01 vi\u00ean m\u1ed7i ng\u00e0y, h\u00f2a tan v\u1edbi 200ml n\u01b0\u1edbc.<\/p>\n<p style=\"text-align: justify;\"><em><strong>\u0110\u1ed1i t\u01b0\u1ee3ng s\u1eed d\u1ee5ng:<\/strong> <\/em>Ng\u01b0\u1eddi t\u1eeb 14 tu\u1ed5i tr\u1edf l\u00ean.<\/p>\n<p style=\"text-align: justify;\"><em><strong>\u0110i\u1ec3m n\u1ed5i b\u1eadt:<\/strong><\/em><\/p>\n<ul>\n<li style=\"text-align: justify;\">S\u1ea3n xu\u1ea5t t\u1ea1i \u0110\u1ee9c, ti\u00eau chu\u1ea9n ch\u1ea5t l\u01b0\u1ee3ng Ch\u00e2u \u00c2u<\/li>\n<li style=\"text-align: justify;\">H\u01b0\u01a1ng v\u1ecb th\u01a1m ngon, t\u1ef1 nhi\u00ean<\/li>\n<li style=\"text-align: justify;\">Vi\u00ean s\u1ee7i ti\u1ec7n l\u1ee3i, h\u1ea5p th\u1ee5 nhanh<\/li>\n<li style=\"text-align: justify;\">Kh\u00f4ng ch\u1ee9a lactose, gluten v\u00e0 d\u00f9ng \u0111\u01b0\u1ee3c cho ng\u01b0\u1eddi \u0103n chay<\/li>\n<\/ul>\n<p style=\"text-align: justify;\"><em><strong>C\u00f4ng d\u1ee5ng:<\/strong><\/em><\/p>\n<ul>\n<li style=\"text-align: justify;\">T\u0103ng \u0111\u1ed9 \u0111\u00e0n h\u1ed3i da, cho da s\u00e1ng \u0111\u1ec1u m\u00e0u<\/li>\n<li style=\"text-align: justify;\">Ch\u1eadm qu\u00e1 tr\u00ecnh l\u00e3o h\u00f3a<\/li>\n<li style=\"text-align: justify;\">Gi\u1ea3m th\u00e2m n\u00e1m, n\u1ebfp nh\u0103n<\/li>\n<li style=\"text-align: justify;\">K\u00edch th\u00edch t\u00f3c, m\u00f3ng m\u1ecdc nhanh, ch\u1eafc kh\u1ecfe<\/li>\n<\/ul>\n<p style=\"text-align: justify;\">Xem th\u00eam <span style=\"text-decoration: underline; color: #008000;\"><a style=\"color: #008000; text-decoration: underline;\" href=\"https:\/\/bynature.vn\/vi\/danh-muc-san-pham\/suc-khoe-lam-dep\/vien-sui-vitamin-khoang-chat\/\">VI\u00caN S\u1ee6I B\u1ed4 SUNG VITAMIN<\/a><\/span><\/p>\n","protected":false},"excerpt":{"rendered":"<p>Vi\u00ean s\u1ee7i Collagen + Biotin Kudos Beauty Vi\u00ean S\u1ee7i Collagen + Biotin Kudos Beauty: C\u00f4ng th\u1ee9c g\u1ed3m Collagen t\u1eeb c\u00e1 v\u00e0 Biotin gi\u00fap ng\u0103n ng\u1eeba l\u00e3o h\u00f3a, gi\u1ea3m th\u00e2m n\u00e1m, n\u1ebfp nh\u0103n, cho l\u00e0n da s\u00e1ng m\u1ecbn. Gi\u00fap t\u00f3c v\u00e0 m\u00f3ng m\u1ecdc nhanh, ch\u1eafc kh\u1ecfe. H\u01b0\u1edbng d\u1eabn s\u1eed d\u1ee5ng: 01 vi\u00ean m\u1ed7i ng\u00e0y, h\u00f2a tan &hellip; <\/p>\n<p class=\"link-more\"><a href=\"https:\/\/bynature.vn\/vi\/product\/vien-sui-collagen-biotin-kudos-beauty\/\" class=\"more-link\">Continue reading<span class=\"screen-reader-text\"> &#8220;Vi\u00ean S\u1ee7i Collagen + Biotin Kudos Beauty&#8221;<\/span><\/a><\/p>\n","protected":false},"featured_media":4082,"template":"","meta":[],"pwb-brand":[295],"product_cat":[185,219],"product_tag":[],"class_list":{"0":"post-2664","1":"product","2":"type-product","3":"status-publish","4":"has-post-thumbnail","6":"pwb-brand-kudos-vi","7":"product_cat-suc-khoe-lam-dep","8":"product_cat-vien-sui-vitamin-khoang-chat","10":"first","11":"instock","12":"purchasable","13":"product-type-simple"},"acf":[],"brands":[{"id":295,"name":"Kudos","slug":"kudos-vi"}],"_links":{"self":[{"href":"https:\/\/bynature.vn\/vi\/wp-json\/wp\/v2\/product\/2664","targetHints":{"allow":["GET"]}}],"collection":[{"href":"https:\/\/bynature.vn\/vi\/wp-json\/wp\/v2\/product"}],"about":[{"href":"https:\/\/bynature.vn\/vi\/wp-json\/wp\/v2\/types\/product"}],"wp:featuredmedia":[{"embeddable":true,"href":"https:\/\/bynature.vn\/vi\/wp-json\/wp\/v2\/media\/4082"}],"wp:attachment":[{"href":"https:\/\/bynature.vn\/vi\/wp-json\/wp\/v2\/media?parent=2664"}],"wp:term":[{"taxonomy":"pwb-brand","embeddable":true,"href":"https:\/\/bynature.vn\/vi\/wp-json\/wp\/v2\/pwb-brand?post=2664"},{"taxonomy":"product_cat","embeddable":true,"href":"https:\/\/bynature.vn\/vi\/wp-json\/wp\/v2\/product_cat?post=2664"},{"taxonomy":"product_tag","embeddable":true,"href":"https:\/\/bynature.vn\/vi\/wp-json\/wp\/v2\/product_tag?post=2664"}],"curies":[{"name":"wp","href":"https:\/\/api.w.org\/{rel}","templated":true}]}}