{"id":2663,"date":"2023-11-14T12:48:16","date_gmt":"2023-11-14T05:48:16","guid":{"rendered":"https:\/\/bynature.vn\/product\/vien-sui-18-loai-vitamin-khoang-chat-kudos-extra-huong-trai-cay-nhiet-doi\/"},"modified":"2024-04-10T16:13:58","modified_gmt":"2024-04-10T09:13:58","slug":"vien-sui-18-loai-vitamin-khoang-chat-kudos","status":"publish","type":"product","link":"https:\/\/bynature.vn\/vi\/product\/vien-sui-18-loai-vitamin-khoang-chat-kudos\/","title":{"rendered":"Vi\u00ean S\u1ee7i 18 Lo\u1ea1i Vitamin &#038; Kho\u00e1ng Ch\u1ea5t Kudos Extra (H\u01b0\u01a1ng Tr\u00e1i C\u00e2y Nhi\u1ec7t \u0110\u1edbi)"},"content":{"rendered":"<h6 style=\"text-align: justify;\">Vi\u00ean s\u1ee7i 18 lo\u1ea1i Vitamin v\u00e0 Kho\u00e1ng ch\u1ea5t Kudos Extra (H\u01b0\u01a1ng tr\u00e1i c\u00e2y nhi\u1ec7t \u0111\u1edbi)<\/h6>\n<p style=\"text-align: justify;\"><em><strong>H\u01b0\u1edbng d\u1eabn s\u1eed d\u1ee5ng:<\/strong><\/em> 01 vi\u00ean m\u1ed7i ng\u00e0y, h\u00f2a tan v\u1edbi 200ml n\u01b0\u1edbc.<\/p>\n<p style=\"text-align: justify;\"><em><strong>\u0110\u1ed1i t\u01b0\u1ee3ng s\u1eed d\u1ee5ng:<\/strong> <\/em>Ng\u01b0\u1eddi t\u1eeb 14 tu\u1ed5i tr\u1edf l\u00ean.<\/p>\n<p style=\"text-align: justify;\"><em><strong>\u0110i\u1ec3m n\u1ed5i b\u1eadt:<\/strong><\/em><\/p>\n<ul>\n<li style=\"text-align: justify;\">S\u1ea3n xu\u1ea5t t\u1ea1i \u0110\u1ee9c, ti\u00eau chu\u1ea9n ch\u1ea5t l\u01b0\u1ee3ng Ch\u00e2u \u00c2u<\/li>\n<li style=\"text-align: justify;\">H\u01b0\u01a1ng v\u1ecb th\u01a1m ngon, t\u1ef1 nhi\u00ean<\/li>\n<li style=\"text-align: justify;\">Vi\u00ean s\u1ee7i ti\u1ec7n l\u1ee3i, h\u1ea5p th\u1ee5 nhanh<\/li>\n<li style=\"text-align: justify;\">Kh\u00f4ng ch\u1ee9a lactose, gluten v\u00e0 d\u00f9ng \u0111\u01b0\u1ee3c cho ng\u01b0\u1eddi \u0103n chay<\/li>\n<\/ul>\n<p style=\"text-align: justify;\"><em><strong>C\u00f4ng d\u1ee5ng: <\/strong><\/em>C\u00f4ng th\u1ee9c \u0111\u1eb7c bi\u1ec7t thi\u1ebft k\u1ebf d\u00e0nh cho ng\u01b0\u1eddi c\u00f3 l\u1ed1i s\u1ed1ng n\u0103ng \u0111\u1ed9ng, g\u1ed3m 18 lo\u1ea1i vitamin v\u00e0 kho\u00e1ng ch\u1ea5t. Gi\u00fap t\u0103ng c\u01b0\u1eddng s\u1ee9c kh\u1ecfe mi\u1ec5n d\u1ecbch, th\u00fac \u0111\u1ea9y qu\u00e1 tr\u00ecnh chuy\u1ec3n h\u00f3a n\u0103ng l\u01b0\u1ee3ng, duy tr\u00ec hi\u1ec7u su\u1ea5t ho\u1ea1t \u0111\u1ed9ng c\u1ee7a c\u01a1 th\u1ec3. T\u0103ng s\u1ef1 b\u1ec1n b\u1ec9 c\u1ee7a c\u01a1 b\u1eafp, x\u01b0\u01a1ng kh\u1edbp, c\u1ea3i thi\u1ec7n tim m\u1ea1ch. Ginseng b\u1ed5 sung n\u0103ng l\u01b0\u1ee3ng, cho c\u01a1 th\u1ec3 t\u1ec9nh t\u00e1o.<\/p>\n<p>Xem th\u00eam <span style=\"text-decoration: underline; color: #008000;\"><a style=\"color: #008000; text-decoration: underline;\" href=\"https:\/\/bynature.vn\/vi\/danh-muc-san-pham\/suc-khoe-lam-dep\/vien-sui-vitamin-khoang-chat\/\">VI\u00caN S\u1ee6I B\u1ed4 SUNG VITAMIN<\/a><\/span><\/p>\n","protected":false},"excerpt":{"rendered":"<p>Vi\u00ean s\u1ee7i 18 lo\u1ea1i Vitamin v\u00e0 Kho\u00e1ng ch\u1ea5t Kudos Extra (H\u01b0\u01a1ng tr\u00e1i c\u00e2y nhi\u1ec7t \u0111\u1edbi) H\u01b0\u1edbng d\u1eabn s\u1eed d\u1ee5ng: 01 vi\u00ean m\u1ed7i ng\u00e0y, h\u00f2a tan v\u1edbi 200ml n\u01b0\u1edbc. \u0110\u1ed1i t\u01b0\u1ee3ng s\u1eed d\u1ee5ng: Ng\u01b0\u1eddi t\u1eeb 14 tu\u1ed5i tr\u1edf l\u00ean. \u0110i\u1ec3m n\u1ed5i b\u1eadt: S\u1ea3n xu\u1ea5t t\u1ea1i \u0110\u1ee9c, ti\u00eau chu\u1ea9n ch\u1ea5t l\u01b0\u1ee3ng Ch\u00e2u \u00c2u H\u01b0\u01a1ng v\u1ecb th\u01a1m ngon, &hellip; <\/p>\n<p class=\"link-more\"><a href=\"https:\/\/bynature.vn\/vi\/product\/vien-sui-18-loai-vitamin-khoang-chat-kudos\/\" class=\"more-link\">Continue reading<span class=\"screen-reader-text\"> &#8220;Vi\u00ean S\u1ee7i 18 Lo\u1ea1i Vitamin &#038; Kho\u00e1ng Ch\u1ea5t Kudos Extra (H\u01b0\u01a1ng Tr\u00e1i C\u00e2y Nhi\u1ec7t \u0110\u1edbi)&#8221;<\/span><\/a><\/p>\n","protected":false},"featured_media":4098,"template":"","meta":[],"pwb-brand":[295],"product_cat":[185,219],"product_tag":[],"class_list":{"0":"post-2663","1":"product","2":"type-product","3":"status-publish","4":"has-post-thumbnail","6":"pwb-brand-kudos-vi","7":"product_cat-suc-khoe-lam-dep","8":"product_cat-vien-sui-vitamin-khoang-chat","10":"first","11":"instock","12":"purchasable","13":"product-type-simple"},"acf":[],"brands":[{"id":295,"name":"Kudos","slug":"kudos-vi"}],"_links":{"self":[{"href":"https:\/\/bynature.vn\/vi\/wp-json\/wp\/v2\/product\/2663","targetHints":{"allow":["GET"]}}],"collection":[{"href":"https:\/\/bynature.vn\/vi\/wp-json\/wp\/v2\/product"}],"about":[{"href":"https:\/\/bynature.vn\/vi\/wp-json\/wp\/v2\/types\/product"}],"wp:featuredmedia":[{"embeddable":true,"href":"https:\/\/bynature.vn\/vi\/wp-json\/wp\/v2\/media\/4098"}],"wp:attachment":[{"href":"https:\/\/bynature.vn\/vi\/wp-json\/wp\/v2\/media?parent=2663"}],"wp:term":[{"taxonomy":"pwb-brand","embeddable":true,"href":"https:\/\/bynature.vn\/vi\/wp-json\/wp\/v2\/pwb-brand?post=2663"},{"taxonomy":"product_cat","embeddable":true,"href":"https:\/\/bynature.vn\/vi\/wp-json\/wp\/v2\/product_cat?post=2663"},{"taxonomy":"product_tag","embeddable":true,"href":"https:\/\/bynature.vn\/vi\/wp-json\/wp\/v2\/product_tag?post=2663"}],"curies":[{"name":"wp","href":"https:\/\/api.w.org\/{rel}","templated":true}]}}