{"id":2662,"date":"2023-11-14T12:48:16","date_gmt":"2023-11-14T05:48:16","guid":{"rendered":"https:\/\/bynature.vn\/product\/vien-sui-vitamin-tong-hop-canxi-d3-cho-be-kudos-kids-huong-dua-hau\/"},"modified":"2024-04-10T16:04:01","modified_gmt":"2024-04-10T09:04:01","slug":"vien-sui-vitamin-tong-hop-canxi-d3-cho-be","status":"publish","type":"product","link":"https:\/\/bynature.vn\/vi\/product\/vien-sui-vitamin-tong-hop-canxi-d3-cho-be\/","title":{"rendered":"Vi\u00ean S\u1ee7i Vitamin T\u1ed5ng H\u1ee3p Canxi &#038; D3 Cho B\u00e9 Kudos Kids (H\u01b0\u01a1ng D\u01b0a H\u1ea5u)"},"content":{"rendered":"<h6 style=\"text-align: justify;\">Vi\u00ean s\u1ee7i Vitamin t\u1ed5ng h\u1ee3p Canxi &amp; D3 cho b\u00e9 Kudos Kids (H\u01b0\u01a1ng d\u01b0a h\u1ea5u)<\/h6>\n<p style=\"text-align: justify;\">T\u1eadp h\u1ee3p c\u00e1c lo\u1ea1i vitamin v\u00e0 kho\u00e1ng ch\u1ea5t c\u1ea7n thi\u1ebft gi\u00fap t\u0103ng c\u01b0\u1eddng \u0111\u1ec1 kh\u00e1ng, cho b\u00e9 ph\u00e1t tri\u1ec3n to\u00e0n di\u1ec7n, cao l\u1edbn, kh\u1ecfe m\u1ea1nh.<\/p>\n<p style=\"text-align: justify;\"><em><strong>H\u01b0\u1edbng d\u1eabn s\u1eed d\u1ee5ng:<\/strong><\/em> 01 vi\u00ean m\u1ed7i ng\u00e0y, h\u00f2a tan v\u1edbi 200ml n\u01b0\u1edbc.<\/p>\n<p style=\"text-align: justify;\"><em><strong>\u0110\u1ed1i t\u01b0\u1ee3ng s\u1eed d\u1ee5ng: <\/strong><\/em>Tr\u1ebb em t\u1eeb 4 tu\u1ed5i tr\u1edf l\u00ean.<\/p>\n<p style=\"text-align: justify;\"><em><strong>\u0110i\u1ec3m n\u1ed5i b\u1eadt:<\/strong><\/em><\/p>\n<ul style=\"text-align: justify;\">\n<li>S\u1ea3n xu\u1ea5t t\u1ea1i \u0110\u1ee9c, ti\u00eau chu\u1ea9n ch\u1ea5t l\u01b0\u1ee3ng Ch\u00e2u \u00c2u<\/li>\n<li>H\u01b0\u01a1ng v\u1ecb tr\u00e1i c\u00e2y th\u01a1m ngon, t\u1ef1 nhi\u00ean, b\u00e9 vui th\u01b0\u1edfng th\u1ee9c<\/li>\n<li>Kh\u00f4ng ch\u1ee9a lactose, gluten v\u00e0 d\u00f9ng d\u01b0\u1ee3c cho ng\u01b0\u1eddi \u0103n chay<\/li>\n<\/ul>\n<p style=\"text-align: justify;\"><em><strong>C\u00f4ng d\u1ee5ng: <\/strong><\/em>T\u1eadp h\u1ee3p c\u00e1c lo\u1ea1i vitamin v\u00e0 kho\u00e1ng ch\u1ea5t c\u1ea7n thi\u1ebft cho b\u00e9 ph\u00e1t tri\u1ec3n kh\u1ecfe m\u1ea1nh:<\/p>\n<ul style=\"text-align: justify;\">\n<li>Vitamin C t\u0103ng c\u01b0\u1eddng \u0111\u1ec1 kh\u00e1ng, gi\u1ea3m nguy c\u01a1 suy y\u1ebfu h\u1ec7 mi\u1ec5n d\u1ecbch.<\/li>\n<li>Vitamin B, Vitamin A duy tr\u00ec qu\u00e1 tr\u00ecnh trao \u0111\u1ed5i ch\u1ea5t, t\u0103ng c\u01b0\u1eddng h\u1ea5p thu, \u0111\u1ea3m b\u1ea3o s\u1ef1 ph\u00e1t tri\u1ec3n kh\u1ecfe m\u1ea1nh, b\u1ec1n v\u1eefng cho b\u00e9.<\/li>\n<li>Vitamin A: ph\u00e1t tri\u1ec3n th\u1ecb l\u1ef1c<\/li>\n<li>Vitamin D3, Canxi gi\u00fap t\u0103ng tr\u01b0\u1edfng chi\u1ec1u cao, h\u1ed7 tr\u1ee3 x\u01b0\u01a1ng v\u00e0 r\u0103ng ch\u1eafc kh\u1ecfe.<\/li>\n<\/ul>\n<p style=\"text-align: justify;\">Xem th\u00eam <span style=\"text-decoration: underline; color: #008000;\"><a style=\"color: #008000; text-decoration: underline;\" href=\"https:\/\/bynature.vn\/vi\/danh-muc-san-pham\/suc-khoe-lam-dep\/vien-sui-vitamin-khoang-chat\/\">VI\u00caN S\u1ee6I B\u1ed4 SUNG VITAMIN<\/a><\/span><\/p>\n","protected":false},"excerpt":{"rendered":"<p>Vi\u00ean s\u1ee7i Vitamin t\u1ed5ng h\u1ee3p Canxi &amp; D3 cho b\u00e9 Kudos Kids (H\u01b0\u01a1ng d\u01b0a h\u1ea5u) T\u1eadp h\u1ee3p c\u00e1c lo\u1ea1i vitamin v\u00e0 kho\u00e1ng ch\u1ea5t c\u1ea7n thi\u1ebft gi\u00fap t\u0103ng c\u01b0\u1eddng \u0111\u1ec1 kh\u00e1ng, cho b\u00e9 ph\u00e1t tri\u1ec3n to\u00e0n di\u1ec7n, cao l\u1edbn, kh\u1ecfe m\u1ea1nh. H\u01b0\u1edbng d\u1eabn s\u1eed d\u1ee5ng: 01 vi\u00ean m\u1ed7i ng\u00e0y, h\u00f2a tan v\u1edbi 200ml n\u01b0\u1edbc. \u0110\u1ed1i t\u01b0\u1ee3ng &hellip; <\/p>\n<p class=\"link-more\"><a href=\"https:\/\/bynature.vn\/vi\/product\/vien-sui-vitamin-tong-hop-canxi-d3-cho-be\/\" class=\"more-link\">Continue reading<span class=\"screen-reader-text\"> &#8220;Vi\u00ean S\u1ee7i Vitamin T\u1ed5ng H\u1ee3p Canxi &#038; D3 Cho B\u00e9 Kudos Kids (H\u01b0\u01a1ng D\u01b0a H\u1ea5u)&#8221;<\/span><\/a><\/p>\n","protected":false},"featured_media":13473,"template":"","meta":[],"pwb-brand":[295],"product_cat":[185,219],"product_tag":[],"class_list":{"0":"post-2662","1":"product","2":"type-product","3":"status-publish","4":"has-post-thumbnail","6":"pwb-brand-kudos-vi","7":"product_cat-suc-khoe-lam-dep","8":"product_cat-vien-sui-vitamin-khoang-chat","10":"first","11":"instock","12":"purchasable","13":"product-type-simple"},"acf":[],"brands":[{"id":295,"name":"Kudos","slug":"kudos-vi"}],"_links":{"self":[{"href":"https:\/\/bynature.vn\/vi\/wp-json\/wp\/v2\/product\/2662","targetHints":{"allow":["GET"]}}],"collection":[{"href":"https:\/\/bynature.vn\/vi\/wp-json\/wp\/v2\/product"}],"about":[{"href":"https:\/\/bynature.vn\/vi\/wp-json\/wp\/v2\/types\/product"}],"wp:featuredmedia":[{"embeddable":true,"href":"https:\/\/bynature.vn\/vi\/wp-json\/wp\/v2\/media\/13473"}],"wp:attachment":[{"href":"https:\/\/bynature.vn\/vi\/wp-json\/wp\/v2\/media?parent=2662"}],"wp:term":[{"taxonomy":"pwb-brand","embeddable":true,"href":"https:\/\/bynature.vn\/vi\/wp-json\/wp\/v2\/pwb-brand?post=2662"},{"taxonomy":"product_cat","embeddable":true,"href":"https:\/\/bynature.vn\/vi\/wp-json\/wp\/v2\/product_cat?post=2662"},{"taxonomy":"product_tag","embeddable":true,"href":"https:\/\/bynature.vn\/vi\/wp-json\/wp\/v2\/product_tag?post=2662"}],"curies":[{"name":"wp","href":"https:\/\/api.w.org\/{rel}","templated":true}]}}