{"id":2661,"date":"2023-11-14T12:48:16","date_gmt":"2023-11-14T05:48:16","guid":{"rendered":"https:\/\/bynature.vn\/product\/vien-sui-vitamin-tong-hop-nhan-sam-biotin-kudos-daily-huong-cam\/"},"modified":"2024-04-10T15:49:39","modified_gmt":"2024-04-10T08:49:39","slug":"vien-sui-vitamin-tong-hop-nhan-sam-biotin","status":"publish","type":"product","link":"https:\/\/bynature.vn\/vi\/product\/vien-sui-vitamin-tong-hop-nhan-sam-biotin\/","title":{"rendered":"Vi\u00ean S\u1ee7i Vitamin T\u1ed5ng H\u1ee3p &#038; Nh\u00e2n S\u00e2m + Biotin Kudos Daily (H\u01b0\u01a1ng Cam)"},"content":{"rendered":"<h6 style=\"text-align: justify;\">Vi\u00ean s\u1ee7i vitamin t\u1ed5ng h\u1ee3p &amp; nh\u00e2n s\u00e2m + biotin Kudos Daily (H\u01b0\u01a1ng cam)<\/h6>\n<p style=\"text-align: justify;\">Kudos Daily Vitamins plus Biotin &amp; Ginseng t\u1ed5ng h\u1ee3p 12 lo\u1ea1i vitamin c\u1ea7n thi\u1ebft cho m\u1ed9t c\u01a1 th\u1ec3 kh\u1ecfe m\u1ea1nh. Gi\u00fap t\u0103ng c\u01b0\u1eddng \u0111\u1ec1 kh\u00e1ng, gi\u1ea3m c\u0103ng th\u1eb3ng, m\u1ec7t m\u1ecfi, b\u1ed5 sung n\u0103ng l\u01b0\u1ee3ng cho c\u01a1 th\u1ec3 b\u1ec1n b\u1ec9. Biotin gi\u00fap l\u00e0n da kh\u1ecfe, k\u00edch th\u00edch t\u00f3c v\u00e0 m\u00f3ng m\u1ecdc nhanh, ch\u1eafc kh\u1ecfe.<\/p>\n<p style=\"text-align: justify;\"><em><strong>H\u01b0\u1edbng d\u1eabn s\u1eed d\u1ee5ng:<\/strong><\/em> 01 vi\u00ean m\u1ed7i ng\u00e0y, h\u00f2a tan v\u1edbi 200ml n\u01b0\u1edbc.<\/p>\n<p style=\"text-align: justify;\"><em><strong>\u0110\u1ed1i t\u01b0\u1ee3ng s\u1eed d\u1ee5ng:<\/strong> <\/em>Ng\u01b0\u1eddi t\u1eeb 14 tu\u1ed5i tr\u1edf l\u00ean.<\/p>\n<p style=\"text-align: justify;\"><em><strong>\u0110i\u1ec3m n\u1ed5i b\u1eadt:<\/strong><\/em><\/p>\n<ul style=\"text-align: justify;\">\n<li>Cung c\u1ea5p 12 lo\u1ea1i vitamin c\u1ea7n thi\u1ebft cho c\u01a1 th\u1ec3 v\u00e0 chi\u1ebft xu\u1ea5t nh\u00e2n s\u00e2m<\/li>\n<li>S\u1ea3n xu\u1ea5t t\u1ea1i \u0110\u1ee9c, ti\u00eau chu\u1ea9n ch\u1ea5t l\u01b0\u1ee3ng Ch\u00e2u \u00c2u<\/li>\n<li>H\u01b0\u01a1ng cam th\u01a1m ngon, t\u1ef1 nhi\u00ean, d\u1ec5 th\u01b0\u1edfng th\u1ee9c<\/li>\n<li>Vi\u00ean s\u1ee7i ti\u1ec7n l\u1ee3i, h\u1ea5p th\u1ee5 nhanh<\/li>\n<li>Kh\u00f4ng ch\u1ee9a lactose, gluten v\u00e0 d\u00f9ng \u0111\u01b0\u1ee3c cho ng\u01b0\u1eddi \u0103n chay<\/li>\n<\/ul>\n<p style=\"text-align: justify;\"><em><strong>C\u00f4ng d\u1ee5ng s\u1ea3n ph\u1ea9m: <\/strong><\/em>T\u1ed5ng h\u1ee3p 12 lo\u1ea1i vitamin c\u1ea7n thi\u1ebft cho m\u1ed9t c\u01a1 th\u1ec3 kh\u1ecfe m\u1ea1nh. Gi\u00fap t\u0103ng c\u01b0\u1eddng \u0111\u1ec1 kh\u00e1ng, gi\u1ea3m c\u0103ng th\u1eb3ng, m\u1ec7t m\u1ecfi, b\u1ed5 sung n\u0103ng l\u01b0\u1ee3ng cho c\u01a1 th\u1ec3 b\u1ec1n b\u1ec9. Biotin gi\u00fap l\u00e0n da s\u00e1ng m\u1ecbn, k\u00edch th\u00edch t\u00f3c v\u00e0 m\u00f3ng m\u1ecdc nhanh, ch\u1eafc kh\u1ecfe. Chi\u1ebfc xu\u1ea5t nh\u00e2n s\u00e2m gi\u00fap t\u0103ng c\u01b0\u1edfng sinh l\u1ef1c v\u00e0 ch\u1ee9c n\u0103ng h\u1ec7 th\u1ea7n kinh.<\/p>\n<p style=\"text-align: justify;\">Xem th\u00eam <span style=\"text-decoration: underline; color: #008000;\"><a style=\"color: #008000; text-decoration: underline;\" href=\"https:\/\/bynature.vn\/vi\/danh-muc-san-pham\/suc-khoe-lam-dep\/vien-sui-vitamin-khoang-chat\/\">VI\u00caN S\u1ee6I B\u1ed4 SUNG VITAMIN<\/a><\/span><\/p>\n","protected":false},"excerpt":{"rendered":"<p>Vi\u00ean s\u1ee7i vitamin t\u1ed5ng h\u1ee3p &amp; nh\u00e2n s\u00e2m + biotin Kudos Daily (H\u01b0\u01a1ng cam) Kudos Daily Vitamins plus Biotin &amp; Ginseng t\u1ed5ng h\u1ee3p 12 lo\u1ea1i vitamin c\u1ea7n thi\u1ebft cho m\u1ed9t c\u01a1 th\u1ec3 kh\u1ecfe m\u1ea1nh. Gi\u00fap t\u0103ng c\u01b0\u1eddng \u0111\u1ec1 kh\u00e1ng, gi\u1ea3m c\u0103ng th\u1eb3ng, m\u1ec7t m\u1ecfi, b\u1ed5 sung n\u0103ng l\u01b0\u1ee3ng cho c\u01a1 th\u1ec3 b\u1ec1n b\u1ec9. Biotin gi\u00fap &hellip; <\/p>\n<p class=\"link-more\"><a href=\"https:\/\/bynature.vn\/vi\/product\/vien-sui-vitamin-tong-hop-nhan-sam-biotin\/\" class=\"more-link\">Continue reading<span class=\"screen-reader-text\"> &#8220;Vi\u00ean S\u1ee7i Vitamin T\u1ed5ng H\u1ee3p &#038; Nh\u00e2n S\u00e2m + Biotin Kudos Daily (H\u01b0\u01a1ng Cam)&#8221;<\/span><\/a><\/p>\n","protected":false},"featured_media":13471,"template":"","meta":[],"pwb-brand":[295],"product_cat":[185,219],"product_tag":[],"class_list":{"0":"post-2661","1":"product","2":"type-product","3":"status-publish","4":"has-post-thumbnail","6":"pwb-brand-kudos-vi","7":"product_cat-suc-khoe-lam-dep","8":"product_cat-vien-sui-vitamin-khoang-chat","10":"first","11":"instock","12":"purchasable","13":"product-type-simple"},"acf":[],"brands":[{"id":295,"name":"Kudos","slug":"kudos-vi"}],"_links":{"self":[{"href":"https:\/\/bynature.vn\/vi\/wp-json\/wp\/v2\/product\/2661","targetHints":{"allow":["GET"]}}],"collection":[{"href":"https:\/\/bynature.vn\/vi\/wp-json\/wp\/v2\/product"}],"about":[{"href":"https:\/\/bynature.vn\/vi\/wp-json\/wp\/v2\/types\/product"}],"wp:featuredmedia":[{"embeddable":true,"href":"https:\/\/bynature.vn\/vi\/wp-json\/wp\/v2\/media\/13471"}],"wp:attachment":[{"href":"https:\/\/bynature.vn\/vi\/wp-json\/wp\/v2\/media?parent=2661"}],"wp:term":[{"taxonomy":"pwb-brand","embeddable":true,"href":"https:\/\/bynature.vn\/vi\/wp-json\/wp\/v2\/pwb-brand?post=2661"},{"taxonomy":"product_cat","embeddable":true,"href":"https:\/\/bynature.vn\/vi\/wp-json\/wp\/v2\/product_cat?post=2661"},{"taxonomy":"product_tag","embeddable":true,"href":"https:\/\/bynature.vn\/vi\/wp-json\/wp\/v2\/product_tag?post=2661"}],"curies":[{"name":"wp","href":"https:\/\/api.w.org\/{rel}","templated":true}]}}