{"id":2659,"date":"2023-11-14T12:48:16","date_gmt":"2023-11-14T05:48:16","guid":{"rendered":"https:\/\/bynature.vn\/product\/vien-sui-kudos-immunity-boost-extra-strength-huong-chanh-gung\/"},"modified":"2024-04-10T15:59:55","modified_gmt":"2024-04-10T08:59:55","slug":"vien-sui-kudos-immunity-boost-extra","status":"publish","type":"product","link":"https:\/\/bynature.vn\/vi\/product\/vien-sui-kudos-immunity-boost-extra\/","title":{"rendered":"Vi\u00ean S\u1ee7i Kudos Immunity Boost, Extra Strength (H\u01b0\u01a1ng Chanh G\u1eebng)"},"content":{"rendered":"<h6>Vi\u00ean s\u1ee7i Kudos Immunity Boost, Extra Strength (H\u01b0\u01a1ng chanh g\u1eebng)<\/h6>\n<p style=\"text-align: justify;\">Vi\u00ean s\u1ee7i g\u1ea5p \u0111\u00f4i \u0110\u1ec1 Kh\u00e1ng KUDOS IMMUNITY t\u0103ng c\u01b0\u1eddng h\u1ec7 mi\u1ec5n d\u1ecbch, gi\u1ea3m tri\u1ec7u ch\u1ee9ng c\u1ea3m c\u00fam: C\u00f4ng th\u1ee9c v\u01b0\u1ee3t tr\u1ed9i g\u1ed3m c\u00e1c vitamin v\u00e0 kho\u00e1ng ch\u1ea5t gi\u00fap t\u0103ng c\u01b0\u1eddng s\u1ee9c \u0111\u1ec1 kh\u00e1ng. Ph\u00f2ng ng\u1eeba v\u00e0 gi\u1ea3m nh\u1eefng tri\u1ec7u ch\u1ee9ng c\u1ee7a c\u1ea3m c\u00fam, c\u1ea3m l\u1ea1nh.<\/p>\n<p style=\"text-align: justify;\"><em><strong>H\u01b0\u1edbng d\u1eabn s\u1eed d\u1ee5ng:<\/strong><\/em> 01 vi\u00ean m\u1ed7i ng\u00e0y, h\u00f2a tan v\u1edbi 200ml n\u01b0\u1edbc.<\/p>\n<p style=\"text-align: justify;\"><em><strong>\u0110\u1ed1i t\u01b0\u1ee3ng s\u1eed d\u1ee5ng:<\/strong> <\/em>Ng\u01b0\u1eddi t\u1eeb 14 tu\u1ed5i tr\u1edf l\u00ean.<\/p>\n<p style=\"text-align: justify;\"><em><strong>\u0110i\u1ec3m n\u1ed5i b\u1eadt:<\/strong><\/em><\/p>\n<ul style=\"text-align: justify;\">\n<li>S\u1ea3n xu\u1ea5t t\u1ea1i \u0110\u1ee9c, ti\u00eau chu\u1ea9n ch\u1ea5t l\u01b0\u1ee3ng Ch\u00e2u \u00c2u<\/li>\n<li>H\u01b0\u01a1ng v\u1ecb th\u01a1m ngon, t\u1ef1 nhi\u00ean<\/li>\n<li>Vi\u00ean s\u1ee7i ti\u1ec7n l\u1ee3i, h\u1ea5p th\u1ee5 nhanh<\/li>\n<li>Kh\u00f4ng ch\u1ee9a lactose, gluten v\u00e0 d\u00f9ng \u0111\u01b0\u1ee3c cho ng\u01b0\u1eddi \u0103n chay<\/li>\n<\/ul>\n<p style=\"text-align: justify;\">Xem th\u00eam <span style=\"text-decoration: underline; color: #008000;\"><a style=\"color: #008000; text-decoration: underline;\" href=\"https:\/\/bynature.vn\/vi\/danh-muc-san-pham\/suc-khoe-lam-dep\/vien-sui-vitamin-khoang-chat\/\">VI\u00caN S\u1ee6I B\u1ed4 SUNG VITAMIN<\/a><\/span><\/p>\n","protected":false},"excerpt":{"rendered":"<p>Vi\u00ean s\u1ee7i Kudos Immunity Boost, Extra Strength (H\u01b0\u01a1ng chanh g\u1eebng) Vi\u00ean s\u1ee7i g\u1ea5p \u0111\u00f4i \u0110\u1ec1 Kh\u00e1ng KUDOS IMMUNITY t\u0103ng c\u01b0\u1eddng h\u1ec7 mi\u1ec5n d\u1ecbch, gi\u1ea3m tri\u1ec7u ch\u1ee9ng c\u1ea3m c\u00fam: C\u00f4ng th\u1ee9c v\u01b0\u1ee3t tr\u1ed9i g\u1ed3m c\u00e1c vitamin v\u00e0 kho\u00e1ng ch\u1ea5t gi\u00fap t\u0103ng c\u01b0\u1eddng s\u1ee9c \u0111\u1ec1 kh\u00e1ng. Ph\u00f2ng ng\u1eeba v\u00e0 gi\u1ea3m nh\u1eefng tri\u1ec7u ch\u1ee9ng c\u1ee7a c\u1ea3m c\u00fam, c\u1ea3m &hellip; <\/p>\n<p class=\"link-more\"><a href=\"https:\/\/bynature.vn\/vi\/product\/vien-sui-kudos-immunity-boost-extra\/\" class=\"more-link\">Continue reading<span class=\"screen-reader-text\"> &#8220;Vi\u00ean S\u1ee7i Kudos Immunity Boost, Extra Strength (H\u01b0\u01a1ng Chanh G\u1eebng)&#8221;<\/span><\/a><\/p>\n","protected":false},"featured_media":13469,"template":"","meta":[],"pwb-brand":[295],"product_cat":[185,219],"product_tag":[],"class_list":{"0":"post-2659","1":"product","2":"type-product","3":"status-publish","4":"has-post-thumbnail","6":"pwb-brand-kudos-vi","7":"product_cat-suc-khoe-lam-dep","8":"product_cat-vien-sui-vitamin-khoang-chat","10":"first","11":"instock","12":"purchasable","13":"product-type-simple"},"acf":[],"brands":[{"id":295,"name":"Kudos","slug":"kudos-vi"}],"_links":{"self":[{"href":"https:\/\/bynature.vn\/vi\/wp-json\/wp\/v2\/product\/2659","targetHints":{"allow":["GET"]}}],"collection":[{"href":"https:\/\/bynature.vn\/vi\/wp-json\/wp\/v2\/product"}],"about":[{"href":"https:\/\/bynature.vn\/vi\/wp-json\/wp\/v2\/types\/product"}],"wp:featuredmedia":[{"embeddable":true,"href":"https:\/\/bynature.vn\/vi\/wp-json\/wp\/v2\/media\/13469"}],"wp:attachment":[{"href":"https:\/\/bynature.vn\/vi\/wp-json\/wp\/v2\/media?parent=2659"}],"wp:term":[{"taxonomy":"pwb-brand","embeddable":true,"href":"https:\/\/bynature.vn\/vi\/wp-json\/wp\/v2\/pwb-brand?post=2659"},{"taxonomy":"product_cat","embeddable":true,"href":"https:\/\/bynature.vn\/vi\/wp-json\/wp\/v2\/product_cat?post=2659"},{"taxonomy":"product_tag","embeddable":true,"href":"https:\/\/bynature.vn\/vi\/wp-json\/wp\/v2\/product_tag?post=2659"}],"curies":[{"name":"wp","href":"https:\/\/api.w.org\/{rel}","templated":true}]}}