{"id":2658,"date":"2023-11-14T12:48:16","date_gmt":"2023-11-14T05:48:16","guid":{"rendered":"https:\/\/bynature.vn\/product\/vien-sui-canxi-d3-vitamin-k2-kudos-bone-huong-cam\/"},"modified":"2024-04-10T15:45:22","modified_gmt":"2024-04-10T08:45:22","slug":"vien-sui-canxi-d3-vitamin-k2-kudos-bone","status":"publish","type":"product","link":"https:\/\/bynature.vn\/vi\/product\/vien-sui-canxi-d3-vitamin-k2-kudos-bone\/","title":{"rendered":"Vi\u00ean S\u1ee7i Canxi, D3 &#038; Vitamin K2 Kudos Bone (H\u01b0\u01a1ng Cam)"},"content":{"rendered":"<h6 style=\"text-align: justify;\">Vi\u00ean s\u1ee7i Canxi, D3 &amp; Vitamin K2 Kudos Bone (H\u01b0\u01a1ng cam)<\/h6>\n<p style=\"text-align: justify;\">T\u0103ng c\u01b0\u1eddng s\u1ee9c kh\u1ecfe x\u01b0\u01a1ng, r\u0103ng, kh\u1edbp. Ph\u00f2ng ng\u1eeba lo\u00e3ng x\u01b0\u01a1ng. Vitamin K2, D3 th\u00fac \u0111\u1ea9y chuy\u1ec3n h\u00f3a v\u00e0 h\u1ea5p thu canxi, c\u1ea7n thi\u1ebft cho qu\u00e1 tr\u00ecnh kho\u00e1ng h\u00f3a x\u01b0\u01a1ng, ng\u0103n ng\u1eeba c\u00f2i x\u01b0\u01a1ng.<\/p>\n<p style=\"text-align: justify;\"><em><strong>H\u01b0\u1edbng d\u1eabn s\u1eed d\u1ee5ng:<\/strong><\/em> 01 vi\u00ean m\u1ed7i ng\u00e0y, h\u00f2a tan v\u1edbi 200ml n\u01b0\u1edbc.<\/p>\n<p style=\"text-align: justify;\"><em><strong>\u0110\u1ed1i t\u01b0\u1ee3ng s\u1eed d\u1ee5ng:<\/strong> <\/em>Ng\u01b0\u1eddi t\u1eeb 14 tu\u1ed5i tr\u1edf l\u00ean.<\/p>\n<p style=\"text-align: justify;\"><em><strong>\u0110i\u1ec3m n\u1ed5i b\u1eadt:<\/strong><\/em><\/p>\n<ul>\n<li style=\"text-align: justify;\">S\u1ea3n xu\u1ea5t t\u1ea1i \u0110\u1ee9c, ti\u00eau chu\u1ea9n ch\u1ea5t l\u01b0\u1ee3ng Ch\u00e2u \u00c2u<\/li>\n<li style=\"text-align: justify;\">H\u01b0\u01a1ng v\u1ecb th\u01a1m ngon, t\u1ef1 nhi\u00ean<\/li>\n<li style=\"text-align: justify;\">Vi\u00ean s\u1ee7i ti\u1ec7n l\u1ee3i, h\u1ea5p th\u1ee5 nhanh<\/li>\n<li style=\"text-align: justify;\">Kh\u00f4ng ch\u1ee9a lactose, gluten v\u00e0 d\u00f9ng \u0111\u01b0\u1ee3c cho ng\u01b0\u1eddi \u0103n chay<\/li>\n<\/ul>\n<p style=\"text-align: justify;\"><em><strong>C\u00f4ng d\u1ee5ng s\u1ea3n ph\u1ea9m:<\/strong> <\/em>Canxi l\u00e0 ho\u1ea1t ch\u1ea5t thi\u1ebft y\u1ebfu gi\u00fap x\u01b0\u01a1ng v\u00e0 r\u0103ng ch\u1eafc kh\u1ecfe. Vitamin D2 v\u00e0 vitamin K2 gi\u00fap x\u01b0\u01a1ng h\u1ea5p th\u1ee5 Canxi t\u1ed1t h\u01a1n.<\/p>\n<p style=\"text-align: justify;\">Xem th\u00eam <span style=\"text-decoration: underline; color: #008000;\"><a style=\"color: #008000; text-decoration: underline;\" href=\"https:\/\/bynature.vn\/vi\/danh-muc-san-pham\/suc-khoe-lam-dep\/vien-sui-vitamin-khoang-chat\/\">VI\u00caN S\u1ee6I B\u1ed4 SUNG VITAMIN<\/a><\/span><\/p>\n","protected":false},"excerpt":{"rendered":"<p>Vi\u00ean s\u1ee7i Canxi, D3 &amp; Vitamin K2 Kudos Bone (H\u01b0\u01a1ng cam) T\u0103ng c\u01b0\u1eddng s\u1ee9c kh\u1ecfe x\u01b0\u01a1ng, r\u0103ng, kh\u1edbp. Ph\u00f2ng ng\u1eeba lo\u00e3ng x\u01b0\u01a1ng. Vitamin K2, D3 th\u00fac \u0111\u1ea9y chuy\u1ec3n h\u00f3a v\u00e0 h\u1ea5p thu canxi, c\u1ea7n thi\u1ebft cho qu\u00e1 tr\u00ecnh kho\u00e1ng h\u00f3a x\u01b0\u01a1ng, ng\u0103n ng\u1eeba c\u00f2i x\u01b0\u01a1ng. H\u01b0\u1edbng d\u1eabn s\u1eed d\u1ee5ng: 01 vi\u00ean m\u1ed7i ng\u00e0y, h\u00f2a tan &hellip; <\/p>\n<p class=\"link-more\"><a href=\"https:\/\/bynature.vn\/vi\/product\/vien-sui-canxi-d3-vitamin-k2-kudos-bone\/\" class=\"more-link\">Continue reading<span class=\"screen-reader-text\"> &#8220;Vi\u00ean S\u1ee7i Canxi, D3 &#038; Vitamin K2 Kudos Bone (H\u01b0\u01a1ng Cam)&#8221;<\/span><\/a><\/p>\n","protected":false},"featured_media":13463,"template":"","meta":[],"pwb-brand":[295],"product_cat":[185,219],"product_tag":[],"class_list":{"0":"post-2658","1":"product","2":"type-product","3":"status-publish","4":"has-post-thumbnail","6":"pwb-brand-kudos-vi","7":"product_cat-suc-khoe-lam-dep","8":"product_cat-vien-sui-vitamin-khoang-chat","10":"first","11":"instock","12":"purchasable","13":"product-type-simple"},"acf":[],"brands":[{"id":295,"name":"Kudos","slug":"kudos-vi"}],"_links":{"self":[{"href":"https:\/\/bynature.vn\/vi\/wp-json\/wp\/v2\/product\/2658","targetHints":{"allow":["GET"]}}],"collection":[{"href":"https:\/\/bynature.vn\/vi\/wp-json\/wp\/v2\/product"}],"about":[{"href":"https:\/\/bynature.vn\/vi\/wp-json\/wp\/v2\/types\/product"}],"wp:featuredmedia":[{"embeddable":true,"href":"https:\/\/bynature.vn\/vi\/wp-json\/wp\/v2\/media\/13463"}],"wp:attachment":[{"href":"https:\/\/bynature.vn\/vi\/wp-json\/wp\/v2\/media?parent=2658"}],"wp:term":[{"taxonomy":"pwb-brand","embeddable":true,"href":"https:\/\/bynature.vn\/vi\/wp-json\/wp\/v2\/pwb-brand?post=2658"},{"taxonomy":"product_cat","embeddable":true,"href":"https:\/\/bynature.vn\/vi\/wp-json\/wp\/v2\/product_cat?post=2658"},{"taxonomy":"product_tag","embeddable":true,"href":"https:\/\/bynature.vn\/vi\/wp-json\/wp\/v2\/product_tag?post=2658"}],"curies":[{"name":"wp","href":"https:\/\/api.w.org\/{rel}","templated":true}]}}