{"id":2657,"date":"2023-11-14T12:48:16","date_gmt":"2023-11-14T05:48:16","guid":{"rendered":"https:\/\/bynature.vn\/product\/vien-sui-magie-vitamin-nhom-b-kudos-balance-huong-tao\/"},"modified":"2024-04-10T15:54:28","modified_gmt":"2024-04-10T08:54:28","slug":"vien-sui-magie-vitamin-nhom-b-kudos-balance","status":"publish","type":"product","link":"https:\/\/bynature.vn\/vi\/product\/vien-sui-magie-vitamin-nhom-b-kudos-balance\/","title":{"rendered":"Vi\u00ean S\u1ee7i Magie + Vitamin Nh\u00f3m B Kudos Balance (H\u01b0\u01a1ng T\u00e1o)"},"content":{"rendered":"<h6 style=\"text-align: justify;\">Vi\u00ean s\u1ee7i Magie + Vitamin nh\u00f3m B Kudos Balance (H\u01b0\u01a1ng t\u00e1o)<\/h6>\n<p style=\"text-align: justify;\">Vi\u00ean s\u1ee7i Magie + Vitamin nh\u00f3m B KUDOS BALANCE h\u1ed7 tr\u1ee3 gi\u1ea3m stress, ng\u1ee7 ngon, tinh th\u1ea7n tho\u1ea3i m\u00e1i: Ph\u1ee9c h\u1ee3p vitamin B h\u1ed7 tr\u1ee3 ch\u1ee9c n\u0103ng th\u1ea7n kinh, c\u1ea3i thi\u1ec7n t\u00ecnh tr\u1ea1ng lo \u00e2u, m\u1ec7t m\u1ecfi, stress. Magie \u0111\u00f3ng vai tr\u00f2 quan tr\u1ecdng trong ho\u1ea1t \u0111\u1ed9ng c\u1ee7a tim, l\u00e0m d\u1ecbu h\u1ec7 th\u1ea7n kinh, gi\u1ea3m c\u00e1c tri\u1ec7u ch\u1ee9ng c\u1ee7a tr\u1ea7m c\u1ea3m.<\/p>\n<p style=\"text-align: justify;\"><em><strong>H\u01b0\u1edbng d\u1eabn s\u1eed d\u1ee5ng:<\/strong><\/em> 01 vi\u00ean m\u1ed7i ng\u00e0y, h\u00f2a tan v\u1edbi 200ml n\u01b0\u1edbc.<\/p>\n<p style=\"text-align: justify;\"><em><strong>\u0110\u1ed1i t\u01b0\u1ee3ng s\u1eed d\u1ee5ng:<\/strong> <\/em>Ng\u01b0\u1eddi t\u1eeb 14 tu\u1ed5i tr\u1edf l\u00ean.<\/p>\n<p style=\"text-align: justify;\"><em><strong>\u0110i\u1ec3m n\u1ed5i b\u1eadt:<\/strong><\/em><\/p>\n<ul style=\"text-align: justify;\">\n<li style=\"text-align: justify;\">S\u1ea3n xu\u1ea5t t\u1ea1i \u0110\u1ee9c, ti\u00eau chu\u1ea9n ch\u1ea5t l\u01b0\u1ee3ng Ch\u00e2u \u00c2u<\/li>\n<li style=\"text-align: justify;\">H\u01b0\u01a1ng v\u1ecb th\u01a1m ngon, t\u1ef1 nhi\u00ean<\/li>\n<li style=\"text-align: justify;\">Vi\u00ean s\u1ee7i ti\u1ec7n l\u1ee3i, h\u1ea5p th\u1ee5 nhanh<\/li>\n<li style=\"text-align: justify;\">Kh\u00f4ng ch\u1ee9a lactose, gluten v\u00e0 d\u00f9ng \u0111\u01b0\u1ee3c cho ng\u01b0\u1eddi \u0103n chay.<\/li>\n<\/ul>\n<p style=\"text-align: justify;\"><em><strong>C\u00f4ng d\u1ee5ng:<\/strong><\/em> Ph\u1ee9c h\u1ee3p vitamin B h\u1ed7 tr\u1ee3 ch\u1ee9c n\u0103ng th\u1ea7n kinh, c\u1ea3i thi\u1ec7n t\u00ecnh trang lo \u00e2u, m\u1ec7t m\u1ecfi, stress. Magie \u0111\u00f3ng vai tr\u00f2 quan tr\u1ecdng trong ho\u1ea1t \u0111\u1ed9ng c\u1ee7a tim, l\u00e0m d\u1ecbu h\u1ec7 th\u1ea7n kinh, gi\u1ea3m c\u00e1c tri\u1ec7u ch\u1ee9ng c\u1ee7a tr\u1ea7m c\u1ea3m.<\/p>\n<p style=\"text-align: justify;\">Xem th\u00eam <span style=\"text-decoration: underline; color: #008000;\"><a style=\"color: #008000; text-decoration: underline;\" href=\"https:\/\/bynature.vn\/vi\/danh-muc-san-pham\/suc-khoe-lam-dep\/vien-sui-vitamin-khoang-chat\/\">VI\u00caN S\u1ee6I B\u1ed4 SUNG VITAMIN<\/a><\/span><\/p>\n","protected":false},"excerpt":{"rendered":"<p>Vi\u00ean s\u1ee7i Magie + Vitamin nh\u00f3m B Kudos Balance (H\u01b0\u01a1ng t\u00e1o) Vi\u00ean s\u1ee7i Magie + Vitamin nh\u00f3m B KUDOS BALANCE h\u1ed7 tr\u1ee3 gi\u1ea3m stress, ng\u1ee7 ngon, tinh th\u1ea7n tho\u1ea3i m\u00e1i: Ph\u1ee9c h\u1ee3p vitamin B h\u1ed7 tr\u1ee3 ch\u1ee9c n\u0103ng th\u1ea7n kinh, c\u1ea3i thi\u1ec7n t\u00ecnh tr\u1ea1ng lo \u00e2u, m\u1ec7t m\u1ecfi, stress. Magie \u0111\u00f3ng vai tr\u00f2 quan tr\u1ecdng &hellip; <\/p>\n<p class=\"link-more\"><a href=\"https:\/\/bynature.vn\/vi\/product\/vien-sui-magie-vitamin-nhom-b-kudos-balance\/\" class=\"more-link\">Continue reading<span class=\"screen-reader-text\"> &#8220;Vi\u00ean S\u1ee7i Magie + Vitamin Nh\u00f3m B Kudos Balance (H\u01b0\u01a1ng T\u00e1o)&#8221;<\/span><\/a><\/p>\n","protected":false},"featured_media":13477,"template":"","meta":[],"pwb-brand":[295],"product_cat":[185,219],"product_tag":[],"class_list":{"0":"post-2657","1":"product","2":"type-product","3":"status-publish","4":"has-post-thumbnail","6":"pwb-brand-kudos-vi","7":"product_cat-suc-khoe-lam-dep","8":"product_cat-vien-sui-vitamin-khoang-chat","10":"first","11":"instock","12":"purchasable","13":"product-type-simple"},"acf":[],"brands":[{"id":295,"name":"Kudos","slug":"kudos-vi"}],"_links":{"self":[{"href":"https:\/\/bynature.vn\/vi\/wp-json\/wp\/v2\/product\/2657","targetHints":{"allow":["GET"]}}],"collection":[{"href":"https:\/\/bynature.vn\/vi\/wp-json\/wp\/v2\/product"}],"about":[{"href":"https:\/\/bynature.vn\/vi\/wp-json\/wp\/v2\/types\/product"}],"wp:featuredmedia":[{"embeddable":true,"href":"https:\/\/bynature.vn\/vi\/wp-json\/wp\/v2\/media\/13477"}],"wp:attachment":[{"href":"https:\/\/bynature.vn\/vi\/wp-json\/wp\/v2\/media?parent=2657"}],"wp:term":[{"taxonomy":"pwb-brand","embeddable":true,"href":"https:\/\/bynature.vn\/vi\/wp-json\/wp\/v2\/pwb-brand?post=2657"},{"taxonomy":"product_cat","embeddable":true,"href":"https:\/\/bynature.vn\/vi\/wp-json\/wp\/v2\/product_cat?post=2657"},{"taxonomy":"product_tag","embeddable":true,"href":"https:\/\/bynature.vn\/vi\/wp-json\/wp\/v2\/product_tag?post=2657"}],"curies":[{"name":"wp","href":"https:\/\/api.w.org\/{rel}","templated":true}]}}