{"id":2639,"date":"2023-11-14T12:48:12","date_gmt":"2023-11-14T05:48:12","guid":{"rendered":"https:\/\/bynature.vn\/product\/1-banh-mi-dai-baguette-bot-chua-truyen-thong\/"},"modified":"2024-03-28T11:50:34","modified_gmt":"2024-03-28T04:50:34","slug":"1-banh-mi-dai-baguette-bot-chua-truyen-thong","status":"publish","type":"product","link":"https:\/\/bynature.vn\/vi\/product\/1-banh-mi-dai-baguette-bot-chua-truyen-thong\/","title":{"rendered":"1 B\u00e1nh M\u00ec D\u00e0i (Baguette) B\u1ed9t Chua Truy\u1ec1n Th\u1ed1ng"},"content":{"rendered":"<h6>B\u00e1nh m\u00ec d\u00e0i (baguette) b\u1ed9t chua truy\u1ec1n th\u1ed1ng<\/h6>\n<p style=\"text-align: justify;\">\u0110at gi\u1ea3i nh\u1ea5t c\u1ee7a Cu\u1ed9c thi Baguette du Cinquantenaire n\u0103m 2023. B\u00e1nh m\u00ec Ph\u00e1p ngon nh\u1ea5t theo b\u00ecnh ch\u1ecdn c\u1ee7a ban gi\u00e1m kh\u1ea3o g\u1ed3m \u0110\u1ea7u b\u1ebfp ng\u01b0\u1eddi Ph\u00e1p, Vi\u1ec7n nghi\u00ean c\u1ee9u Ph\u00e1p v\u00e0 \u0111\u1ea1i di\u1ec7n L\u00e3nh s\u1ef1 qu\u00e1n Ph\u00e1p.<\/p>\n<p style=\"text-align: justify;\">\u0110\u1ecdc th\u00eam: <span style=\"text-decoration: underline; color: #008000;\"><a style=\"color: #008000; text-decoration: underline;\" href=\"https:\/\/bynature.vn\/vi\/nuong-de-thay-doi-la-boulangerie-francaise\/\">N\u01b0\u1edbng \u0111\u1ec3 thay \u0111\u1ed5i \u2013 La Boulangerie Fran\u00e7aise<\/a><\/span><\/p>\n","protected":false},"excerpt":{"rendered":"<p>B\u00e1nh m\u00ec d\u00e0i (baguette) b\u1ed9t chua truy\u1ec1n th\u1ed1ng \u0110at gi\u1ea3i nh\u1ea5t c\u1ee7a Cu\u1ed9c thi Baguette du Cinquantenaire n\u0103m 2023. B\u00e1nh m\u00ec Ph\u00e1p ngon nh\u1ea5t theo b\u00ecnh ch\u1ecdn c\u1ee7a ban gi\u00e1m kh\u1ea3o g\u1ed3m \u0110\u1ea7u b\u1ebfp ng\u01b0\u1eddi Ph\u00e1p, Vi\u1ec7n nghi\u00ean c\u1ee9u Ph\u00e1p v\u00e0 \u0111\u1ea1i di\u1ec7n L\u00e3nh s\u1ef1 qu\u00e1n Ph\u00e1p. \u0110\u1ecdc th\u00eam: N\u01b0\u1edbng \u0111\u1ec3 thay \u0111\u1ed5i \u2013 La &hellip; <\/p>\n<p class=\"link-more\"><a href=\"https:\/\/bynature.vn\/vi\/product\/1-banh-mi-dai-baguette-bot-chua-truyen-thong\/\" class=\"more-link\">Continue reading<span class=\"screen-reader-text\"> &#8220;1 B\u00e1nh M\u00ec D\u00e0i (Baguette) B\u1ed9t Chua Truy\u1ec1n Th\u1ed1ng&#8221;<\/span><\/a><\/p>\n","protected":false},"featured_media":3236,"template":"","meta":[],"pwb-brand":[],"product_cat":[181],"product_tag":[],"class_list":{"0":"post-2639","1":"product","2":"type-product","3":"status-publish","4":"has-post-thumbnail","6":"product_cat-banh-mi-baguette","8":"first","9":"instock","10":"purchasable","11":"product-type-simple"},"acf":[],"brands":[],"_links":{"self":[{"href":"https:\/\/bynature.vn\/vi\/wp-json\/wp\/v2\/product\/2639","targetHints":{"allow":["GET"]}}],"collection":[{"href":"https:\/\/bynature.vn\/vi\/wp-json\/wp\/v2\/product"}],"about":[{"href":"https:\/\/bynature.vn\/vi\/wp-json\/wp\/v2\/types\/product"}],"wp:featuredmedia":[{"embeddable":true,"href":"https:\/\/bynature.vn\/vi\/wp-json\/wp\/v2\/media\/3236"}],"wp:attachment":[{"href":"https:\/\/bynature.vn\/vi\/wp-json\/wp\/v2\/media?parent=2639"}],"wp:term":[{"taxonomy":"pwb-brand","embeddable":true,"href":"https:\/\/bynature.vn\/vi\/wp-json\/wp\/v2\/pwb-brand?post=2639"},{"taxonomy":"product_cat","embeddable":true,"href":"https:\/\/bynature.vn\/vi\/wp-json\/wp\/v2\/product_cat?post=2639"},{"taxonomy":"product_tag","embeddable":true,"href":"https:\/\/bynature.vn\/vi\/wp-json\/wp\/v2\/product_tag?post=2639"}],"curies":[{"name":"wp","href":"https:\/\/api.w.org\/{rel}","templated":true}]}}