{"id":2638,"date":"2023-11-14T12:48:07","date_gmt":"2023-11-14T05:48:07","guid":{"rendered":"https:\/\/bynature.vn\/product\/2638\/"},"modified":"2024-04-03T16:09:04","modified_gmt":"2024-04-03T09:09:04","slug":"100g-hat-mac-ca","status":"publish","type":"product","link":"https:\/\/bynature.vn\/vi\/product\/100g-hat-mac-ca\/","title":{"rendered":"100g H\u1ea1t M\u1eafc Ca"},"content":{"rendered":"<h6 style=\"text-align: justify;\">H\u1ea1t m\u1eafc ca<\/h6>\n<p style=\"text-align: justify;\">Macadamia nguy\u00ean v\u1ecf. H\u1ea1t m\u1eafc ca c\u00f3 h\u01b0\u01a1ng v\u1ecb tinh t\u1ebf, gi\u1ed1ng nh\u01b0 b\u01a1 v\u00e0 c\u00f3 k\u1ebft c\u1ea5u d\u1ea1ng kem.<\/p>\n<p style=\"text-align: justify;\">C\u00f3 ngu\u1ed3n g\u1ed1c t\u1eeb \u00dac, c\u00e2y macadamia hi\u1ec7n nay \u0111\u01b0\u1ee3c tr\u1ed3ng \u1edf nhi\u1ec1u n\u01a1i tr\u00ean th\u1ebf gi\u1edbi nh\u01b0 Vi\u1ec7t Nam, Brazil, Costa Rica, Hawaii v\u00e0 New Zealand.<\/p>\n<p style=\"text-align: justify;\">H\u1ea1t m\u1eafc ca r\u1ea5t gi\u00e0u dinh d\u01b0\u1ee1ng v\u00e0 c\u00f3 nhi\u1ec1u l\u1ee3i \u00edch, ch\u1eb3ng h\u1ea1n nh\u01b0 c\u1ea3i thi\u1ec7n ti\u00eau h\u00f3a, s\u1ee9c kh\u1ecfe tim m\u1ea1ch, qu\u1ea3n l\u00fd c\u00e2n n\u1eb7ng v\u00e0 ki\u1ec3m so\u00e1t l\u01b0\u1ee3ng \u0111\u01b0\u1eddng trong m\u00e1u.<\/p>\n<p style=\"text-align: justify;\"><em>B\u1ea3o qu\u1ea3n n\u01a1i kh\u00f4 r\u00e1o, tho\u00e1ng m\u00e1t c\u00f3 th\u1ec3 gi\u00fap s\u1ea3n ph\u1ea9m v\u1eabn th\u01a1m ngon sau 1 th\u00e1ng m\u1edf bao b\u00ec.<\/em><\/p>\n<p style=\"text-align: justify;\">Xem th\u00eam: <span style=\"text-decoration: underline; color: #008000;\"><a style=\"color: #008000; text-decoration: underline;\" href=\"https:\/\/bynature.vn\/vi\/danh-muc-san-pham\/do-kho\/snacks-vi\/dau-hat\/\">\u0110\u1eadu v\u00e0 H\u1ea1t<\/a><\/span><\/p>\n","protected":false},"excerpt":{"rendered":"<p>H\u1ea1t m\u1eafc ca Macadamia nguy\u00ean v\u1ecf. H\u1ea1t m\u1eafc ca c\u00f3 h\u01b0\u01a1ng v\u1ecb tinh t\u1ebf, gi\u1ed1ng nh\u01b0 b\u01a1 v\u00e0 c\u00f3 k\u1ebft c\u1ea5u d\u1ea1ng kem. C\u00f3 ngu\u1ed3n g\u1ed1c t\u1eeb \u00dac, c\u00e2y macadamia hi\u1ec7n nay \u0111\u01b0\u1ee3c tr\u1ed3ng \u1edf nhi\u1ec1u n\u01a1i tr\u00ean th\u1ebf gi\u1edbi nh\u01b0 Vi\u1ec7t Nam, Brazil, Costa Rica, Hawaii v\u00e0 New Zealand. H\u1ea1t m\u1eafc ca r\u1ea5t gi\u00e0u &hellip; <\/p>\n<p class=\"link-more\"><a href=\"https:\/\/bynature.vn\/vi\/product\/100g-hat-mac-ca\/\" class=\"more-link\">Continue reading<span class=\"screen-reader-text\"> &#8220;100g H\u1ea1t M\u1eafc Ca&#8221;<\/span><\/a><\/p>\n","protected":false},"featured_media":3449,"template":"","meta":[],"pwb-brand":[],"product_cat":[261],"product_tag":[],"class_list":{"0":"post-2638","1":"product","2":"type-product","3":"status-publish","4":"has-post-thumbnail","6":"product_cat-dau-hat","8":"first","9":"instock","10":"purchasable","11":"product-type-simple"},"acf":[],"brands":[],"_links":{"self":[{"href":"https:\/\/bynature.vn\/vi\/wp-json\/wp\/v2\/product\/2638","targetHints":{"allow":["GET"]}}],"collection":[{"href":"https:\/\/bynature.vn\/vi\/wp-json\/wp\/v2\/product"}],"about":[{"href":"https:\/\/bynature.vn\/vi\/wp-json\/wp\/v2\/types\/product"}],"wp:featuredmedia":[{"embeddable":true,"href":"https:\/\/bynature.vn\/vi\/wp-json\/wp\/v2\/media\/3449"}],"wp:attachment":[{"href":"https:\/\/bynature.vn\/vi\/wp-json\/wp\/v2\/media?parent=2638"}],"wp:term":[{"taxonomy":"pwb-brand","embeddable":true,"href":"https:\/\/bynature.vn\/vi\/wp-json\/wp\/v2\/pwb-brand?post=2638"},{"taxonomy":"product_cat","embeddable":true,"href":"https:\/\/bynature.vn\/vi\/wp-json\/wp\/v2\/product_cat?post=2638"},{"taxonomy":"product_tag","embeddable":true,"href":"https:\/\/bynature.vn\/vi\/wp-json\/wp\/v2\/product_tag?post=2638"}],"curies":[{"name":"wp","href":"https:\/\/api.w.org\/{rel}","templated":true}]}}