{"id":2637,"date":"2023-11-14T12:48:07","date_gmt":"2023-11-14T05:48:07","guid":{"rendered":"https:\/\/bynature.vn\/product\/2637\/"},"modified":"2024-04-03T15:58:22","modified_gmt":"2024-04-03T08:58:22","slug":"100g-mo-kho","status":"publish","type":"product","link":"https:\/\/bynature.vn\/vi\/product\/100g-mo-kho\/","title":{"rendered":"100g M\u01a1 Kh\u00f4"},"content":{"rendered":"<h6 style=\"text-align: justify;\">M\u01a1 kh\u00f4<\/h6>\n<p style=\"text-align: justify;\">M\u1ed9t ch\u00e9n m\u01a1 kh\u00f4 cung c\u1ea5p 94% nhu c\u1ea7u h\u00e0ng ng\u00e0y c\u1ee7a c\u01a1 th\u1ec3 v\u1ec1 Vitamin A v\u00e0 19% l\u01b0\u1ee3ng s\u1eaft. M\u01a1 kh\u00f4 c\u0169ng ch\u1ee9a kali v\u00e0 c\u00e1c ch\u1ea5t ch\u1ed1ng oxy h\u00f3a, c\u00f3 th\u1ec3 l\u00e0m gi\u1ea3m cholesterol v\u00e0 c\u1ea3i thi\u1ec7n ti\u00eau h\u00f3a. M\u01a1 kh\u00f4 kh\u00f4ng c\u00f3 ch\u1ea5t b\u00e9o, \u00edt calo.<\/p>\n<p style=\"text-align: justify;\"><em>B\u1ea3o qu\u1ea3n n\u01a1i kh\u00f4 r\u00e1o, tho\u00e1ng m\u00e1t c\u00f3 th\u1ec3 gi\u00fap s\u1ea3n ph\u1ea9m v\u1eabn th\u01a1m ngon sau 1 th\u00e1ng m\u1edf bao b\u00ec.<\/em><\/p>\n<p style=\"text-align: justify;\">Xem th\u00eam: <span style=\"text-decoration: underline; color: #008000;\"><a style=\"color: #008000; text-decoration: underline;\" href=\"https:\/\/bynature.vn\/vi\/danh-muc-san-pham\/do-kho\/snacks-vi\/trai-cay-say-deo\/\">Tr\u00e1i c\u00e2y s\u1ea5y<\/a><\/span><\/p>\n","protected":false},"excerpt":{"rendered":"<p>M\u01a1 kh\u00f4 M\u1ed9t ch\u00e9n m\u01a1 kh\u00f4 cung c\u1ea5p 94% nhu c\u1ea7u h\u00e0ng ng\u00e0y c\u1ee7a c\u01a1 th\u1ec3 v\u1ec1 Vitamin A v\u00e0 19% l\u01b0\u1ee3ng s\u1eaft. M\u01a1 kh\u00f4 c\u0169ng ch\u1ee9a kali v\u00e0 c\u00e1c ch\u1ea5t ch\u1ed1ng oxy h\u00f3a, c\u00f3 th\u1ec3 l\u00e0m gi\u1ea3m cholesterol v\u00e0 c\u1ea3i thi\u1ec7n ti\u00eau h\u00f3a. M\u01a1 kh\u00f4 kh\u00f4ng c\u00f3 ch\u1ea5t b\u00e9o, \u00edt calo. B\u1ea3o qu\u1ea3n n\u01a1i &hellip; <\/p>\n<p class=\"link-more\"><a href=\"https:\/\/bynature.vn\/vi\/product\/100g-mo-kho\/\" class=\"more-link\">Continue reading<span class=\"screen-reader-text\"> &#8220;100g M\u01a1 Kh\u00f4&#8221;<\/span><\/a><\/p>\n","protected":false},"featured_media":3234,"template":"","meta":[],"pwb-brand":[],"product_cat":[260],"product_tag":[],"class_list":{"0":"post-2637","1":"product","2":"type-product","3":"status-publish","4":"has-post-thumbnail","6":"product_cat-trai-cay-say-deo","8":"first","9":"instock","10":"purchasable","11":"product-type-simple"},"acf":[],"brands":[],"_links":{"self":[{"href":"https:\/\/bynature.vn\/vi\/wp-json\/wp\/v2\/product\/2637","targetHints":{"allow":["GET"]}}],"collection":[{"href":"https:\/\/bynature.vn\/vi\/wp-json\/wp\/v2\/product"}],"about":[{"href":"https:\/\/bynature.vn\/vi\/wp-json\/wp\/v2\/types\/product"}],"wp:featuredmedia":[{"embeddable":true,"href":"https:\/\/bynature.vn\/vi\/wp-json\/wp\/v2\/media\/3234"}],"wp:attachment":[{"href":"https:\/\/bynature.vn\/vi\/wp-json\/wp\/v2\/media?parent=2637"}],"wp:term":[{"taxonomy":"pwb-brand","embeddable":true,"href":"https:\/\/bynature.vn\/vi\/wp-json\/wp\/v2\/pwb-brand?post=2637"},{"taxonomy":"product_cat","embeddable":true,"href":"https:\/\/bynature.vn\/vi\/wp-json\/wp\/v2\/product_cat?post=2637"},{"taxonomy":"product_tag","embeddable":true,"href":"https:\/\/bynature.vn\/vi\/wp-json\/wp\/v2\/product_tag?post=2637"}],"curies":[{"name":"wp","href":"https:\/\/api.w.org\/{rel}","templated":true}]}}