{"id":2636,"date":"2023-11-14T12:48:07","date_gmt":"2023-11-14T05:48:07","guid":{"rendered":"https:\/\/bynature.vn\/product\/2636\/"},"modified":"2024-04-03T16:00:09","modified_gmt":"2024-04-03T09:00:09","slug":"100g-cha-la-kho","status":"publish","type":"product","link":"https:\/\/bynature.vn\/vi\/product\/100g-cha-la-kho\/","title":{"rendered":"100g Ch\u00e0 L\u00e0 Kh\u00f4"},"content":{"rendered":"<h6 style=\"text-align: justify;\">Ch\u00e0 l\u00e0 kh\u00f4<\/h6>\n<p style=\"text-align: justify;\">Qu\u1ea3 ch\u00e0 l\u00e0 kh\u00f4 r\u1ea5t gi\u00e0u polyphenol. Nh\u1eefng h\u1ee3p ch\u1ea5t n\u00e0y mang l\u1ea1i nhi\u1ec1u l\u1ee3i \u00edch cho s\u1ee9c kh\u1ecfe, ch\u1eb3ng h\u1ea1n nh\u01b0 ti\u00eau h\u00f3a t\u1ed1t h\u01a1n, ki\u1ec3m so\u00e1t b\u1ec7nh ti\u1ec3u \u0111\u01b0\u1eddng v\u00e0 th\u1eadm ch\u00ed l\u00e0 ng\u0103n ng\u1eeba ung th\u01b0. Ch\u00e0 l\u00e0 c\u00f3 th\u1ec3 \u0111\u01b0\u1ee3c xem l\u00e0 qu\u1ea3 ch\u1ee9a nhi\u1ec1u polyphenol nh\u1ea5t trong c\u00e1c lo\u1ea1i qu\u1ea3 s\u1ea5y kh\u00f4.<\/p>\n<p style=\"text-align: justify;\"><em>B\u1ea3o qu\u1ea3n n\u01a1i kh\u00f4 r\u00e1o, tho\u00e1ng m\u00e1t c\u00f3 th\u1ec3 gi\u00fap s\u1ea3n ph\u1ea9m v\u1eabn th\u01a1m ngon sau 1 th\u00e1ng m\u1edf bao b\u00ec.<\/em><\/p>\n<p>Xem th\u00eam: <span style=\"text-decoration: underline; color: #008000;\"><a style=\"color: #008000; text-decoration: underline;\" href=\"https:\/\/bynature.vn\/vi\/danh-muc-san-pham\/do-kho\/snacks-vi\/trai-cay-say-deo\/\">Tr\u00e1i c\u00e2y s\u1ea5y<\/a><\/span><\/p>\n<p>&nbsp;<\/p>\n","protected":false},"excerpt":{"rendered":"<p>Ch\u00e0 l\u00e0 kh\u00f4 Qu\u1ea3 ch\u00e0 l\u00e0 kh\u00f4 r\u1ea5t gi\u00e0u polyphenol. Nh\u1eefng h\u1ee3p ch\u1ea5t n\u00e0y mang l\u1ea1i nhi\u1ec1u l\u1ee3i \u00edch cho s\u1ee9c kh\u1ecfe, ch\u1eb3ng h\u1ea1n nh\u01b0 ti\u00eau h\u00f3a t\u1ed1t h\u01a1n, ki\u1ec3m so\u00e1t b\u1ec7nh ti\u1ec3u \u0111\u01b0\u1eddng v\u00e0 th\u1eadm ch\u00ed l\u00e0 ng\u0103n ng\u1eeba ung th\u01b0. Ch\u00e0 l\u00e0 c\u00f3 th\u1ec3 \u0111\u01b0\u1ee3c xem l\u00e0 qu\u1ea3 ch\u1ee9a nhi\u1ec1u polyphenol nh\u1ea5t trong &hellip; <\/p>\n<p class=\"link-more\"><a href=\"https:\/\/bynature.vn\/vi\/product\/100g-cha-la-kho\/\" class=\"more-link\">Continue reading<span class=\"screen-reader-text\"> &#8220;100g Ch\u00e0 L\u00e0 Kh\u00f4&#8221;<\/span><\/a><\/p>\n","protected":false},"featured_media":3232,"template":"","meta":[],"pwb-brand":[],"product_cat":[260],"product_tag":[],"class_list":{"0":"post-2636","1":"product","2":"type-product","3":"status-publish","4":"has-post-thumbnail","6":"product_cat-trai-cay-say-deo","8":"first","9":"instock","10":"purchasable","11":"product-type-simple"},"acf":[],"brands":[],"_links":{"self":[{"href":"https:\/\/bynature.vn\/vi\/wp-json\/wp\/v2\/product\/2636","targetHints":{"allow":["GET"]}}],"collection":[{"href":"https:\/\/bynature.vn\/vi\/wp-json\/wp\/v2\/product"}],"about":[{"href":"https:\/\/bynature.vn\/vi\/wp-json\/wp\/v2\/types\/product"}],"wp:featuredmedia":[{"embeddable":true,"href":"https:\/\/bynature.vn\/vi\/wp-json\/wp\/v2\/media\/3232"}],"wp:attachment":[{"href":"https:\/\/bynature.vn\/vi\/wp-json\/wp\/v2\/media?parent=2636"}],"wp:term":[{"taxonomy":"pwb-brand","embeddable":true,"href":"https:\/\/bynature.vn\/vi\/wp-json\/wp\/v2\/pwb-brand?post=2636"},{"taxonomy":"product_cat","embeddable":true,"href":"https:\/\/bynature.vn\/vi\/wp-json\/wp\/v2\/product_cat?post=2636"},{"taxonomy":"product_tag","embeddable":true,"href":"https:\/\/bynature.vn\/vi\/wp-json\/wp\/v2\/product_tag?post=2636"}],"curies":[{"name":"wp","href":"https:\/\/api.w.org\/{rel}","templated":true}]}}