{"id":2635,"date":"2023-11-14T12:48:07","date_gmt":"2023-11-14T05:48:07","guid":{"rendered":"https:\/\/bynature.vn\/product\/2635\/"},"modified":"2024-04-03T15:54:30","modified_gmt":"2024-04-03T08:54:30","slug":"100g-dua-min","status":"publish","type":"product","link":"https:\/\/bynature.vn\/vi\/product\/100g-dua-min\/","title":{"rendered":"100g D\u1eeba M\u1ecbn"},"content":{"rendered":"<h6 style=\"text-align: justify;\">D\u1eeba m\u1ecbn<\/h6>\n<p style=\"text-align: justify;\">C\u01a1m d\u1eeba l\u00e0 ngu\u1ed3n cung c\u1ea5p c\u00e1c ch\u1ea5t b\u00e9o l\u00e0nh m\u1ea1nh, kh\u00f4ng ch\u1ee9a cholesterol, ch\u1ee9a nhi\u1ec1u ch\u1ea5t x\u01a1, \u0111\u1ed3ng v\u00e0 mangan.<\/p>\n<p style=\"text-align: justify;\"><em>B\u1ea3o qu\u1ea3n n\u01a1i kh\u00f4 r\u00e1o, tho\u00e1ng m\u00e1t c\u00f3 th\u1ec3 gi\u00fap s\u1ea3n ph\u1ea9m v\u1eabn th\u01a1m ngon sau 1 th\u00e1ng m\u1edf bao b\u00ec.<\/em><\/p>\n<p>Xem th\u00eam: <span style=\"text-decoration: underline; color: #008000;\"><a style=\"color: #008000; text-decoration: underline;\" href=\"https:\/\/bynature.vn\/vi\/danh-muc-san-pham\/do-kho\/snacks-vi\/trai-cay-say-deo\/\">Tr\u00e1i c\u00e2y s\u1ea5y<\/a><\/span><\/p>\n","protected":false},"excerpt":{"rendered":"<p>D\u1eeba m\u1ecbn C\u01a1m d\u1eeba l\u00e0 ngu\u1ed3n cung c\u1ea5p c\u00e1c ch\u1ea5t b\u00e9o l\u00e0nh m\u1ea1nh, kh\u00f4ng ch\u1ee9a cholesterol, ch\u1ee9a nhi\u1ec1u ch\u1ea5t x\u01a1, \u0111\u1ed3ng v\u00e0 mangan. B\u1ea3o qu\u1ea3n n\u01a1i kh\u00f4 r\u00e1o, tho\u00e1ng m\u00e1t c\u00f3 th\u1ec3 gi\u00fap s\u1ea3n ph\u1ea9m v\u1eabn th\u01a1m ngon sau 1 th\u00e1ng m\u1edf bao b\u00ec. Xem th\u00eam: Tr\u00e1i c\u00e2y s\u1ea5y<\/p>\n","protected":false},"featured_media":3444,"template":"","meta":[],"pwb-brand":[],"product_cat":[260],"product_tag":[],"class_list":{"0":"post-2635","1":"product","2":"type-product","3":"status-publish","4":"has-post-thumbnail","6":"product_cat-trai-cay-say-deo","8":"first","9":"instock","10":"purchasable","11":"product-type-simple"},"acf":[],"brands":[],"_links":{"self":[{"href":"https:\/\/bynature.vn\/vi\/wp-json\/wp\/v2\/product\/2635","targetHints":{"allow":["GET"]}}],"collection":[{"href":"https:\/\/bynature.vn\/vi\/wp-json\/wp\/v2\/product"}],"about":[{"href":"https:\/\/bynature.vn\/vi\/wp-json\/wp\/v2\/types\/product"}],"wp:featuredmedia":[{"embeddable":true,"href":"https:\/\/bynature.vn\/vi\/wp-json\/wp\/v2\/media\/3444"}],"wp:attachment":[{"href":"https:\/\/bynature.vn\/vi\/wp-json\/wp\/v2\/media?parent=2635"}],"wp:term":[{"taxonomy":"pwb-brand","embeddable":true,"href":"https:\/\/bynature.vn\/vi\/wp-json\/wp\/v2\/pwb-brand?post=2635"},{"taxonomy":"product_cat","embeddable":true,"href":"https:\/\/bynature.vn\/vi\/wp-json\/wp\/v2\/product_cat?post=2635"},{"taxonomy":"product_tag","embeddable":true,"href":"https:\/\/bynature.vn\/vi\/wp-json\/wp\/v2\/product_tag?post=2635"}],"curies":[{"name":"wp","href":"https:\/\/api.w.org\/{rel}","templated":true}]}}