{"id":2633,"date":"2023-11-14T12:48:07","date_gmt":"2023-11-14T05:48:07","guid":{"rendered":"https:\/\/bynature.vn\/product\/2633\/"},"modified":"2024-04-03T16:11:48","modified_gmt":"2024-04-03T09:11:48","slug":"100g-hat-de-cuoi","status":"publish","type":"product","link":"https:\/\/bynature.vn\/vi\/product\/100g-hat-de-cuoi\/","title":{"rendered":"100g H\u1ea1t D\u1ebb C\u01b0\u1eddi"},"content":{"rendered":"<h6 style=\"text-align: justify;\">H\u1ea1t d\u1ebb c\u01b0\u1eddi<\/h6>\n<p style=\"text-align: justify;\">Nguy\u00ean h\u1ea1t v\u00e0 c\u00f3 v\u1ecf. H\u1ea1t d\u1ebb c\u01b0\u1eddi ch\u1ee9a nh\u1eefng ch\u1ea5t b\u00e9o l\u00e0nh m\u1ea1nh v\u00e0 l\u00e0 ngu\u1ed3n cung c\u1ea5p protein, ch\u1ea5t x\u01a1 v\u00e0 ch\u1ea5t ch\u1ed1ng oxy h\u00f3a d\u1ed3i d\u00e0o.<\/p>\n<p style=\"text-align: justify;\">Ngo\u00e0i ra, ch\u00fang c\u0169ng ch\u1ee9a m\u1ed9t s\u1ed1 ch\u1ea5t dinh d\u01b0\u1ee1ng thi\u1ebft y\u1ebfu v\u00e0 c\u00f3 th\u1ec3 h\u1ed7 tr\u1ee3 gi\u1ea3m c\u00e2n, t\u0103ng c\u01b0\u1eddng s\u1ee9c kh\u1ecfe tim m\u1ea1ch v\u00e0 \u0111\u01b0\u1eddng ru\u1ed9t.<\/p>\n<p style=\"text-align: justify;\"><em>B\u1ea3o qu\u1ea3n n\u01a1i kh\u00f4 r\u00e1o, tho\u00e1ng m\u00e1t c\u00f3 th\u1ec3 gi\u00fap s\u1ea3n ph\u1ea9m v\u1eabn th\u01a1m ngon sau 1 th\u00e1ng m\u1edf bao b\u00ec.<\/em><\/p>\n<p>Xem th\u00eam: <span style=\"text-decoration: underline; color: #008000;\"><a style=\"color: #008000; text-decoration: underline;\" href=\"https:\/\/bynature.vn\/vi\/danh-muc-san-pham\/do-kho\/snacks-vi\/dau-hat\/\">\u0110\u1eadu v\u00e0 H\u1ea1t<\/a><\/span><\/p>\n","protected":false},"excerpt":{"rendered":"<p>H\u1ea1t d\u1ebb c\u01b0\u1eddi Nguy\u00ean h\u1ea1t v\u00e0 c\u00f3 v\u1ecf. H\u1ea1t d\u1ebb c\u01b0\u1eddi ch\u1ee9a nh\u1eefng ch\u1ea5t b\u00e9o l\u00e0nh m\u1ea1nh v\u00e0 l\u00e0 ngu\u1ed3n cung c\u1ea5p protein, ch\u1ea5t x\u01a1 v\u00e0 ch\u1ea5t ch\u1ed1ng oxy h\u00f3a d\u1ed3i d\u00e0o. Ngo\u00e0i ra, ch\u00fang c\u0169ng ch\u1ee9a m\u1ed9t s\u1ed1 ch\u1ea5t dinh d\u01b0\u1ee1ng thi\u1ebft y\u1ebfu v\u00e0 c\u00f3 th\u1ec3 h\u1ed7 tr\u1ee3 gi\u1ea3m c\u00e2n, t\u0103ng c\u01b0\u1eddng s\u1ee9c kh\u1ecfe &hellip; <\/p>\n<p class=\"link-more\"><a href=\"https:\/\/bynature.vn\/vi\/product\/100g-hat-de-cuoi\/\" class=\"more-link\">Continue reading<span class=\"screen-reader-text\"> &#8220;100g H\u1ea1t D\u1ebb C\u01b0\u1eddi&#8221;<\/span><\/a><\/p>\n","protected":false},"featured_media":2928,"template":"","meta":[],"pwb-brand":[],"product_cat":[261],"product_tag":[],"class_list":{"0":"post-2633","1":"product","2":"type-product","3":"status-publish","4":"has-post-thumbnail","6":"product_cat-dau-hat","8":"first","9":"instock","10":"purchasable","11":"product-type-simple"},"acf":[],"brands":[],"_links":{"self":[{"href":"https:\/\/bynature.vn\/vi\/wp-json\/wp\/v2\/product\/2633","targetHints":{"allow":["GET"]}}],"collection":[{"href":"https:\/\/bynature.vn\/vi\/wp-json\/wp\/v2\/product"}],"about":[{"href":"https:\/\/bynature.vn\/vi\/wp-json\/wp\/v2\/types\/product"}],"wp:featuredmedia":[{"embeddable":true,"href":"https:\/\/bynature.vn\/vi\/wp-json\/wp\/v2\/media\/2928"}],"wp:attachment":[{"href":"https:\/\/bynature.vn\/vi\/wp-json\/wp\/v2\/media?parent=2633"}],"wp:term":[{"taxonomy":"pwb-brand","embeddable":true,"href":"https:\/\/bynature.vn\/vi\/wp-json\/wp\/v2\/pwb-brand?post=2633"},{"taxonomy":"product_cat","embeddable":true,"href":"https:\/\/bynature.vn\/vi\/wp-json\/wp\/v2\/product_cat?post=2633"},{"taxonomy":"product_tag","embeddable":true,"href":"https:\/\/bynature.vn\/vi\/wp-json\/wp\/v2\/product_tag?post=2633"}],"curies":[{"name":"wp","href":"https:\/\/api.w.org\/{rel}","templated":true}]}}