{"id":2632,"date":"2023-11-14T12:48:07","date_gmt":"2023-11-14T05:48:07","guid":{"rendered":"https:\/\/bynature.vn\/product\/2632\/"},"modified":"2024-04-03T16:06:42","modified_gmt":"2024-04-03T09:06:42","slug":"100g-hat-phi","status":"publish","type":"product","link":"https:\/\/bynature.vn\/vi\/product\/100g-hat-phi\/","title":{"rendered":"100g H\u1ea1t Ph\u1ec9"},"content":{"rendered":"<h6 style=\"text-align: justify;\">H\u1ea1t ph\u1ec9<\/h6>\n<p style=\"text-align: justify;\">Nguy\u00ean h\u1ea1t, c\u00f3 v\u1ecf. H\u1ea1t ph\u1ec9 c\u00f3 h\u01b0\u01a1ng v\u1ecb ng\u1ecdt ng\u00e0o v\u00e0 c\u00f3 th\u1ec3 \u0103n s\u1ed1ng, rang ho\u1eb7c xay th\u00e0nh b\u1ed9t.<\/p>\n<p style=\"text-align: justify;\">T\u01b0\u01a1ng t\u1ef1 c\u00e1c lo\u1ea1i h\u1ea1t kh\u00e1c, h\u1ea1t ph\u1ec9 r\u1ea5t gi\u00e0u ch\u1ea5t dinh d\u01b0\u1ee1ng v\u00e0 c\u00f3 h\u00e0m l\u01b0\u1ee3ng protein, ch\u1ea5t b\u00e9o, vitamin v\u00e0 kho\u00e1ng ch\u1ea5t cao.<\/p>\n<p style=\"text-align: justify;\"><em>B\u1ea3o qu\u1ea3n n\u01a1i kh\u00f4 r\u00e1o, tho\u00e1ng m\u00e1t c\u00f3 th\u1ec3 gi\u00fap s\u1ea3n ph\u1ea9m v\u1eabn th\u01a1m ngon sau 1 th\u00e1ng m\u1edf bao b\u00ec.<\/em><\/p>\n<p>Xem th\u00eam: <span style=\"text-decoration: underline; color: #008000;\"><a style=\"color: #008000; text-decoration: underline;\" href=\"https:\/\/bynature.vn\/vi\/danh-muc-san-pham\/do-kho\/snacks-vi\/dau-hat\/\">\u0110\u1eadu v\u00e0 H\u1ea1t<\/a><\/span><\/p>\n","protected":false},"excerpt":{"rendered":"<p>H\u1ea1t ph\u1ec9 Nguy\u00ean h\u1ea1t, c\u00f3 v\u1ecf. H\u1ea1t ph\u1ec9 c\u00f3 h\u01b0\u01a1ng v\u1ecb ng\u1ecdt ng\u00e0o v\u00e0 c\u00f3 th\u1ec3 \u0103n s\u1ed1ng, rang ho\u1eb7c xay th\u00e0nh b\u1ed9t. T\u01b0\u01a1ng t\u1ef1 c\u00e1c lo\u1ea1i h\u1ea1t kh\u00e1c, h\u1ea1t ph\u1ec9 r\u1ea5t gi\u00e0u ch\u1ea5t dinh d\u01b0\u1ee1ng v\u00e0 c\u00f3 h\u00e0m l\u01b0\u1ee3ng protein, ch\u1ea5t b\u00e9o, vitamin v\u00e0 kho\u00e1ng ch\u1ea5t cao. B\u1ea3o qu\u1ea3n n\u01a1i kh\u00f4 r\u00e1o, tho\u00e1ng m\u00e1t &hellip; <\/p>\n<p class=\"link-more\"><a href=\"https:\/\/bynature.vn\/vi\/product\/100g-hat-phi\/\" class=\"more-link\">Continue reading<span class=\"screen-reader-text\"> &#8220;100g H\u1ea1t Ph\u1ec9&#8221;<\/span><\/a><\/p>\n","protected":false},"featured_media":3230,"template":"","meta":[],"pwb-brand":[],"product_cat":[261],"product_tag":[],"class_list":{"0":"post-2632","1":"product","2":"type-product","3":"status-publish","4":"has-post-thumbnail","6":"product_cat-dau-hat","8":"first","9":"instock","10":"purchasable","11":"product-type-simple"},"acf":[],"brands":[],"_links":{"self":[{"href":"https:\/\/bynature.vn\/vi\/wp-json\/wp\/v2\/product\/2632","targetHints":{"allow":["GET"]}}],"collection":[{"href":"https:\/\/bynature.vn\/vi\/wp-json\/wp\/v2\/product"}],"about":[{"href":"https:\/\/bynature.vn\/vi\/wp-json\/wp\/v2\/types\/product"}],"wp:featuredmedia":[{"embeddable":true,"href":"https:\/\/bynature.vn\/vi\/wp-json\/wp\/v2\/media\/3230"}],"wp:attachment":[{"href":"https:\/\/bynature.vn\/vi\/wp-json\/wp\/v2\/media?parent=2632"}],"wp:term":[{"taxonomy":"pwb-brand","embeddable":true,"href":"https:\/\/bynature.vn\/vi\/wp-json\/wp\/v2\/pwb-brand?post=2632"},{"taxonomy":"product_cat","embeddable":true,"href":"https:\/\/bynature.vn\/vi\/wp-json\/wp\/v2\/product_cat?post=2632"},{"taxonomy":"product_tag","embeddable":true,"href":"https:\/\/bynature.vn\/vi\/wp-json\/wp\/v2\/product_tag?post=2632"}],"curies":[{"name":"wp","href":"https:\/\/api.w.org\/{rel}","templated":true}]}}