{"id":2631,"date":"2023-11-14T12:48:07","date_gmt":"2023-11-14T05:48:07","guid":{"rendered":"https:\/\/bynature.vn\/product\/2631\/"},"modified":"2024-04-03T16:48:25","modified_gmt":"2024-04-03T09:48:25","slug":"325g-mega-healthy-muesli","status":"publish","type":"product","link":"https:\/\/bynature.vn\/vi\/product\/325g-mega-healthy-muesli\/","title":{"rendered":"325g Mega-healthy Muesli"},"content":{"rendered":"<h6 style=\"text-align: justify;\">Mega-healthy muesli<\/h6>\n<p style=\"text-align: justify;\">Mega-healthy Muesli Pete&#8217;s &#8211; M\u1ed9t lo\u1ea1i muesli ch\u1ee9a \u0111\u1ea7y c\u00e1c lo\u1ea1i h\u1ea1t th\u01a1m ngon, h\u1ea1t v\u00e0 tr\u00e1i c\u00e2y s\u1ea5y kh\u00f4\u2026 \u0110\u00e2y th\u1ef1c s\u1ef1 l\u00e0 m\u1ed9t b\u1eefa \u0103n c\u1ef1c k\u1ef3 l\u00e0nh m\u1ea1nh \u0111\u1ec3 b\u1eaft \u0111\u1ea7u ng\u00e0y m\u1edbi. H\u00e3y th\u1eed n\u00f3 v\u1edbi s\u1eefa, s\u1eefa chua, ho\u1eb7c kem.<\/p>\n<p style=\"text-align: justify;\"><em>B\u1ea3o qu\u1ea3n n\u01a1i kh\u00f4 r\u00e1o, tho\u00e1ng m\u00e1t c\u00f3 th\u1ec3 gi\u00fap s\u1ea3n ph\u1ea9m v\u1eabn th\u01a1m ngon sau 1 th\u00e1ng m\u1edf bao b\u00ec.<\/em><\/p>\n<p style=\"text-align: justify;\"><em><strong>Th\u00e0nh ph\u1ea7n:<\/strong><\/em> Y\u1ebfn m\u1ea1ch cu\u1ed9n, l\u00faa m\u1ea1ch, h\u1ea1nh nh\u00e2n, h\u1ea1t \u0111i\u1ec1u, b\u00ed \u0111\u1ecf, h\u1ea1t chia, h\u1ea1t lanh v\u00e0 h\u1ea1t h\u01b0\u1edbng d\u01b0\u01a1ng, d\u1eeba, qu\u1ea3 goji, qu\u1ea3 nam vi\u1ec7t qu\u1ea5t, nho kh\u00f4, qu\u1ea3 ch\u00e0 l\u00e0. Kh\u00f4ng th\u00eam \u0111\u01b0\u1eddng, ph\u1ea9m m\u00e0u ho\u1eb7c ch\u1ea5t b\u1ea3o qu\u1ea3n.<\/p>\n<p style=\"text-align: justify;\">Xem th\u00eam: <span style=\"text-decoration: underline; color: #008000;\"><a style=\"color: #008000; text-decoration: underline;\" href=\"https:\/\/bynature.vn\/vi\/danh-muc-san-pham\/do-kho\/hang-kho\/gao-ngu-coc\/\">G\u1ea1o v\u00e0 ng\u0169 c\u1ed1c<\/a><\/span><\/p>\n","protected":false},"excerpt":{"rendered":"<p>Mega-healthy muesli Mega-healthy Muesli Pete&#8217;s &#8211; M\u1ed9t lo\u1ea1i muesli ch\u1ee9a \u0111\u1ea7y c\u00e1c lo\u1ea1i h\u1ea1t th\u01a1m ngon, h\u1ea1t v\u00e0 tr\u00e1i c\u00e2y s\u1ea5y kh\u00f4\u2026 \u0110\u00e2y th\u1ef1c s\u1ef1 l\u00e0 m\u1ed9t b\u1eefa \u0103n c\u1ef1c k\u1ef3 l\u00e0nh m\u1ea1nh \u0111\u1ec3 b\u1eaft \u0111\u1ea7u ng\u00e0y m\u1edbi. H\u00e3y th\u1eed n\u00f3 v\u1edbi s\u1eefa, s\u1eefa chua, ho\u1eb7c kem. B\u1ea3o qu\u1ea3n n\u01a1i kh\u00f4 r\u00e1o, tho\u00e1ng m\u00e1t c\u00f3 &hellip; <\/p>\n<p class=\"link-more\"><a href=\"https:\/\/bynature.vn\/vi\/product\/325g-mega-healthy-muesli\/\" class=\"more-link\">Continue reading<span class=\"screen-reader-text\"> &#8220;325g Mega-healthy Muesli&#8221;<\/span><\/a><\/p>\n","protected":false},"featured_media":3228,"template":"","meta":[],"pwb-brand":[],"product_cat":[254],"product_tag":[],"class_list":{"0":"post-2631","1":"product","2":"type-product","3":"status-publish","4":"has-post-thumbnail","6":"product_cat-gao-ngu-coc","8":"first","9":"instock","10":"purchasable","11":"product-type-simple"},"acf":[],"brands":[],"_links":{"self":[{"href":"https:\/\/bynature.vn\/vi\/wp-json\/wp\/v2\/product\/2631","targetHints":{"allow":["GET"]}}],"collection":[{"href":"https:\/\/bynature.vn\/vi\/wp-json\/wp\/v2\/product"}],"about":[{"href":"https:\/\/bynature.vn\/vi\/wp-json\/wp\/v2\/types\/product"}],"wp:featuredmedia":[{"embeddable":true,"href":"https:\/\/bynature.vn\/vi\/wp-json\/wp\/v2\/media\/3228"}],"wp:attachment":[{"href":"https:\/\/bynature.vn\/vi\/wp-json\/wp\/v2\/media?parent=2631"}],"wp:term":[{"taxonomy":"pwb-brand","embeddable":true,"href":"https:\/\/bynature.vn\/vi\/wp-json\/wp\/v2\/pwb-brand?post=2631"},{"taxonomy":"product_cat","embeddable":true,"href":"https:\/\/bynature.vn\/vi\/wp-json\/wp\/v2\/product_cat?post=2631"},{"taxonomy":"product_tag","embeddable":true,"href":"https:\/\/bynature.vn\/vi\/wp-json\/wp\/v2\/product_tag?post=2631"}],"curies":[{"name":"wp","href":"https:\/\/api.w.org\/{rel}","templated":true}]}}