{"id":2630,"date":"2023-11-14T12:48:07","date_gmt":"2023-11-14T05:48:07","guid":{"rendered":"https:\/\/bynature.vn\/product\/2630\/"},"modified":"2024-04-03T16:45:29","modified_gmt":"2024-04-03T09:45:29","slug":"325g-ngu-coc-gion-granola","status":"publish","type":"product","link":"https:\/\/bynature.vn\/vi\/product\/325g-ngu-coc-gion-granola\/","title":{"rendered":"325g Ng\u0169 C\u1ed1c Gi\u00f2n Granola"},"content":{"rendered":"<h6 style=\"text-align: justify;\">Ng\u0169 c\u1ed1c gi\u00f2n Granola (thu\u1ea7n chay)<\/h6>\n<p style=\"text-align: justify;\">Gi\u00f2n, k\u1ebft d\u00ednh, h\u01b0\u01a1ng v\u1ecb k\u1ebft h\u1ee3p tinh t\u1ebf (kh\u00f4ng qu\u00e1 ng\u1ecdt), t\u1ed1t cho s\u1ee9c kh\u1ecfe, b\u1ed5 d\u01b0\u1ee1ng v\u00e0 th\u01a1m ngon! H\u00e3y th\u1eed granola v\u1edbi s\u1eefa, s\u1eefa chua, kem, tr\u00e1i c\u00e2y \u0111\u1ec3 c\u00f3 m\u1ed9t b\u00e1t sinh t\u1ed1 ho\u1eb7c ch\u1ec9 \u0111\u01a1n gi\u1ea3n l\u00e0 m\u1ed9t b\u1eefa \u0103n nh\u1eb9 l\u00e0nh m\u1ea1nh v\u1edbi granola.<\/p>\n<p style=\"text-align: justify;\"><em><strong>B\u1ea3o qu\u1ea3n n\u01a1i kh\u00f4 r\u00e1o, tho\u00e1ng m\u00e1t c\u00f3 th\u1ec3 gi\u00fap s\u1ea3n ph\u1ea9m v\u1eabn th\u01a1m ngon sau 1 th\u00e1ng m\u1edf bao b\u00ec.<\/strong><\/em><\/p>\n<p style=\"text-align: justify;\"><em><strong>Th\u00e0nh ph\u1ea7n:<\/strong><\/em> Y\u1ebfn m\u1ea1ch cu\u1ed9n, qu\u1ea3 \u00f3c ch\u00f3, h\u1ed3 \u0111\u00e0o, h\u1ea1nh nh\u00e2n, h\u1ea1t \u0111i\u1ec1u, b\u00ed ng\u00f4, h\u1ea1t h\u01b0\u1edbng d\u01b0\u01a1ng v\u00e0 h\u00fang qu\u1ebf, d\u1eeba n\u1ea1o, nam vi\u1ec7t qu\u1ea5t, nho kh\u00f4, xo\u00e0i kh\u00f4, g\u1eebng kh\u00f4, qu\u1ebf, mu\u1ed1i, siro b\u1eafp v\u00e0 d\u1ea7u d\u1eeba. Kh\u00f4ng th\u00eam \u0111\u01b0\u1eddng tinh luy\u1ec7n, ph\u1ea9m m\u00e0u ho\u1eb7c ch\u1ea5t b\u1ea3o qu\u1ea3n.<\/p>\n<p>Xem th\u00eam: <span style=\"text-decoration: underline; color: #008000;\"><a style=\"color: #008000; text-decoration: underline;\" href=\"https:\/\/bynature.vn\/vi\/danh-muc-san-pham\/do-kho\/hang-kho\/gao-ngu-coc\/\">G\u1ea1o v\u00e0 ng\u0169 c\u1ed1c<\/a><\/span><\/p>\n","protected":false},"excerpt":{"rendered":"<p>Ng\u0169 c\u1ed1c gi\u00f2n Granola (thu\u1ea7n chay) Gi\u00f2n, k\u1ebft d\u00ednh, h\u01b0\u01a1ng v\u1ecb k\u1ebft h\u1ee3p tinh t\u1ebf (kh\u00f4ng qu\u00e1 ng\u1ecdt), t\u1ed1t cho s\u1ee9c kh\u1ecfe, b\u1ed5 d\u01b0\u1ee1ng v\u00e0 th\u01a1m ngon! H\u00e3y th\u1eed granola v\u1edbi s\u1eefa, s\u1eefa chua, kem, tr\u00e1i c\u00e2y \u0111\u1ec3 c\u00f3 m\u1ed9t b\u00e1t sinh t\u1ed1 ho\u1eb7c ch\u1ec9 \u0111\u01a1n gi\u1ea3n l\u00e0 m\u1ed9t b\u1eefa \u0103n nh\u1eb9 l\u00e0nh m\u1ea1nh v\u1edbi &hellip; <\/p>\n<p class=\"link-more\"><a href=\"https:\/\/bynature.vn\/vi\/product\/325g-ngu-coc-gion-granola\/\" class=\"more-link\">Continue reading<span class=\"screen-reader-text\"> &#8220;325g Ng\u0169 C\u1ed1c Gi\u00f2n Granola&#8221;<\/span><\/a><\/p>\n","protected":false},"featured_media":3226,"template":"","meta":[],"pwb-brand":[],"product_cat":[254],"product_tag":[],"class_list":{"0":"post-2630","1":"product","2":"type-product","3":"status-publish","4":"has-post-thumbnail","6":"product_cat-gao-ngu-coc","8":"first","9":"instock","10":"purchasable","11":"product-type-simple"},"acf":[],"brands":[],"_links":{"self":[{"href":"https:\/\/bynature.vn\/vi\/wp-json\/wp\/v2\/product\/2630","targetHints":{"allow":["GET"]}}],"collection":[{"href":"https:\/\/bynature.vn\/vi\/wp-json\/wp\/v2\/product"}],"about":[{"href":"https:\/\/bynature.vn\/vi\/wp-json\/wp\/v2\/types\/product"}],"wp:featuredmedia":[{"embeddable":true,"href":"https:\/\/bynature.vn\/vi\/wp-json\/wp\/v2\/media\/3226"}],"wp:attachment":[{"href":"https:\/\/bynature.vn\/vi\/wp-json\/wp\/v2\/media?parent=2630"}],"wp:term":[{"taxonomy":"pwb-brand","embeddable":true,"href":"https:\/\/bynature.vn\/vi\/wp-json\/wp\/v2\/pwb-brand?post=2630"},{"taxonomy":"product_cat","embeddable":true,"href":"https:\/\/bynature.vn\/vi\/wp-json\/wp\/v2\/product_cat?post=2630"},{"taxonomy":"product_tag","embeddable":true,"href":"https:\/\/bynature.vn\/vi\/wp-json\/wp\/v2\/product_tag?post=2630"}],"curies":[{"name":"wp","href":"https:\/\/api.w.org\/{rel}","templated":true}]}}