{"id":2628,"date":"2023-11-14T12:48:07","date_gmt":"2023-11-14T05:48:07","guid":{"rendered":"https:\/\/bynature.vn\/product\/2628\/"},"modified":"2024-03-28T11:57:06","modified_gmt":"2024-03-28T04:57:06","slug":"banh-mi-coc-bot-chua-traditional-baguette","status":"publish","type":"product","link":"https:\/\/bynature.vn\/vi\/product\/banh-mi-coc-bot-chua-traditional-baguette\/","title":{"rendered":"10 B\u00e1nh M\u00ec C\u00f3c B\u1ed9t Chua Traditional Baguette"},"content":{"rendered":"<h6>B\u00e1nh m\u00ec c\u00f3c b\u1ed9t chua traditional baguette<\/h6>\n<p style=\"text-align: justify;\">B\u00e1nh m\u00ec truy\u1ec1n th\u1ed1ng Ph\u00e1p c\u1ee7a ch\u00fang t\u00f4i \u0111\u01b0\u1ee3c l\u00e0m t\u1eeb levain t\u1ef1 nhi\u00ean v\u00e0 l\u00ean men trong h\u01a1n 24 gi\u1edd. Chu\u1ea9n h\u01b0\u01a1ng v\u1ecb Ph\u00e1p.<\/p>\n<p>\u0110\u1ecdc th\u00eam: <span style=\"text-decoration: underline; color: #008000;\"><a style=\"color: #008000; text-decoration: underline;\" href=\"https:\/\/bynature.vn\/vi\/nuong-de-thay-doi-la-boulangerie-francaise\/\">N\u01b0\u1edbng \u0111\u1ec3 thay \u0111\u1ed5i \u2013 La Boulangerie Fran\u00e7aise<\/a><\/span><\/p>\n","protected":false},"excerpt":{"rendered":"<p>B\u00e1nh m\u00ec c\u00f3c b\u1ed9t chua traditional baguette B\u00e1nh m\u00ec truy\u1ec1n th\u1ed1ng Ph\u00e1p c\u1ee7a ch\u00fang t\u00f4i \u0111\u01b0\u1ee3c l\u00e0m t\u1eeb levain t\u1ef1 nhi\u00ean v\u00e0 l\u00ean men trong h\u01a1n 24 gi\u1edd. Chu\u1ea9n h\u01b0\u01a1ng v\u1ecb Ph\u00e1p. \u0110\u1ecdc th\u00eam: N\u01b0\u1edbng \u0111\u1ec3 thay \u0111\u1ed5i \u2013 La Boulangerie Fran\u00e7aise<\/p>\n","protected":false},"featured_media":921,"template":"","meta":[],"pwb-brand":[],"product_cat":[180,181],"product_tag":[],"class_list":{"0":"post-2628","1":"product","2":"type-product","3":"status-publish","4":"has-post-thumbnail","6":"product_cat-banh-mi-banh-ngot","7":"product_cat-banh-mi-baguette","9":"first","10":"instock","11":"purchasable","12":"product-type-simple"},"acf":[],"brands":[],"_links":{"self":[{"href":"https:\/\/bynature.vn\/vi\/wp-json\/wp\/v2\/product\/2628","targetHints":{"allow":["GET"]}}],"collection":[{"href":"https:\/\/bynature.vn\/vi\/wp-json\/wp\/v2\/product"}],"about":[{"href":"https:\/\/bynature.vn\/vi\/wp-json\/wp\/v2\/types\/product"}],"wp:featuredmedia":[{"embeddable":true,"href":"https:\/\/bynature.vn\/vi\/wp-json\/wp\/v2\/media\/921"}],"wp:attachment":[{"href":"https:\/\/bynature.vn\/vi\/wp-json\/wp\/v2\/media?parent=2628"}],"wp:term":[{"taxonomy":"pwb-brand","embeddable":true,"href":"https:\/\/bynature.vn\/vi\/wp-json\/wp\/v2\/pwb-brand?post=2628"},{"taxonomy":"product_cat","embeddable":true,"href":"https:\/\/bynature.vn\/vi\/wp-json\/wp\/v2\/product_cat?post=2628"},{"taxonomy":"product_tag","embeddable":true,"href":"https:\/\/bynature.vn\/vi\/wp-json\/wp\/v2\/product_tag?post=2628"}],"curies":[{"name":"wp","href":"https:\/\/api.w.org\/{rel}","templated":true}]}}