{"id":2627,"date":"2023-11-14T12:48:07","date_gmt":"2023-11-14T05:48:07","guid":{"rendered":"https:\/\/bynature.vn\/product\/2627\/"},"modified":"2024-03-28T13:39:46","modified_gmt":"2024-03-28T06:39:46","slug":"banh-mi-sandwich","status":"publish","type":"product","link":"https:\/\/bynature.vn\/vi\/product\/banh-mi-sandwich\/","title":{"rendered":"2 B\u00e1nh M\u00ec Sandwich"},"content":{"rendered":"<h6>B\u00e1nh m\u00ec sandwich<\/h6>\n<p style=\"text-align: justify;\">\u0110\u01b0\u1ee3c c\u1eaft l\u00e1t s\u1eb5n \u0111\u1ec3 thu\u1eadn ti\u1ec7n cho b\u1ea1n, b\u00e1nh m\u00ec sandwich c\u1ee7a ch\u00fang t\u00f4i m\u1ec1m v\u00e0 ngon, l\u00fd t\u01b0\u1edfng \u0111\u1ec3 l\u00e0m m\u00f3n \u0103n nh\u1eb9 l\u00e0nh m\u1ea1nh cho m\u1ecdi ng\u01b0\u1eddi trong gia \u0111\u00ecnh.<\/p>\n<p>\u0110\u1ecdc th\u00eam: <span style=\"text-decoration: underline; color: #008000;\"><a style=\"color: #008000; text-decoration: underline;\" href=\"https:\/\/bynature.vn\/vi\/nuong-de-thay-doi-la-boulangerie-francaise\/\">N\u01b0\u1edbng \u0111\u1ec3 thay \u0111\u1ed5i \u2013 La Boulangerie Fran\u00e7aise<\/a><\/span><\/p>\n","protected":false},"excerpt":{"rendered":"<p>B\u00e1nh m\u00ec sandwich \u0110\u01b0\u1ee3c c\u1eaft l\u00e1t s\u1eb5n \u0111\u1ec3 thu\u1eadn ti\u1ec7n cho b\u1ea1n, b\u00e1nh m\u00ec sandwich c\u1ee7a ch\u00fang t\u00f4i m\u1ec1m v\u00e0 ngon, l\u00fd t\u01b0\u1edfng \u0111\u1ec3 l\u00e0m m\u00f3n \u0103n nh\u1eb9 l\u00e0nh m\u1ea1nh cho m\u1ecdi ng\u01b0\u1eddi trong gia \u0111\u00ecnh. \u0110\u1ecdc th\u00eam: N\u01b0\u1edbng \u0111\u1ec3 thay \u0111\u1ed5i \u2013 La Boulangerie Fran\u00e7aise<\/p>\n","protected":false},"featured_media":3224,"template":"","meta":[],"pwb-brand":[],"product_cat":[184],"product_tag":[],"class_list":{"0":"post-2627","1":"product","2":"type-product","3":"status-publish","4":"has-post-thumbnail","6":"product_cat-banh-mi-sandwich","8":"first","9":"instock","10":"purchasable","11":"product-type-simple"},"acf":[],"brands":[],"_links":{"self":[{"href":"https:\/\/bynature.vn\/vi\/wp-json\/wp\/v2\/product\/2627","targetHints":{"allow":["GET"]}}],"collection":[{"href":"https:\/\/bynature.vn\/vi\/wp-json\/wp\/v2\/product"}],"about":[{"href":"https:\/\/bynature.vn\/vi\/wp-json\/wp\/v2\/types\/product"}],"wp:featuredmedia":[{"embeddable":true,"href":"https:\/\/bynature.vn\/vi\/wp-json\/wp\/v2\/media\/3224"}],"wp:attachment":[{"href":"https:\/\/bynature.vn\/vi\/wp-json\/wp\/v2\/media?parent=2627"}],"wp:term":[{"taxonomy":"pwb-brand","embeddable":true,"href":"https:\/\/bynature.vn\/vi\/wp-json\/wp\/v2\/pwb-brand?post=2627"},{"taxonomy":"product_cat","embeddable":true,"href":"https:\/\/bynature.vn\/vi\/wp-json\/wp\/v2\/product_cat?post=2627"},{"taxonomy":"product_tag","embeddable":true,"href":"https:\/\/bynature.vn\/vi\/wp-json\/wp\/v2\/product_tag?post=2627"}],"curies":[{"name":"wp","href":"https:\/\/api.w.org\/{rel}","templated":true}]}}