{"id":2626,"date":"2023-11-14T12:48:07","date_gmt":"2023-11-14T05:48:07","guid":{"rendered":"https:\/\/bynature.vn\/product\/2626\/"},"modified":"2024-03-28T13:25:21","modified_gmt":"2024-03-28T06:25:21","slug":"banh-chocolate-marble-cake","status":"publish","type":"product","link":"https:\/\/bynature.vn\/vi\/product\/banh-chocolate-marble-cake\/","title":{"rendered":"1 B\u00e1nh Chocolate Marble Cake"},"content":{"rendered":"<h6>B\u00e1nh chocolate marble cake<\/h6>\n<p>B\u1ea1n c\u00f3 th\u1ec3 c\u1eaft b\u00e1nh marble chocolate th\u00e0nh 10-12 mi\u1ebfng, th\u00edch h\u1ee3p v\u1edbi tr\u00e0 v\u00e0 c\u00e0 ph\u00ea.<\/p>\n<p>\u0110\u1ecdc th\u00eam: <span style=\"text-decoration: underline; color: #008000;\"><a style=\"color: #008000; text-decoration: underline;\" href=\"https:\/\/bynature.vn\/vi\/nuong-de-thay-doi-la-boulangerie-francaise\/\">N\u01b0\u1edbng \u0111\u1ec3 thay \u0111\u1ed5i \u2013 La Boulangerie Fran\u00e7aise<\/a><\/span><\/p>\n","protected":false},"excerpt":{"rendered":"<p>B\u00e1nh chocolate marble cake B\u1ea1n c\u00f3 th\u1ec3 c\u1eaft b\u00e1nh marble chocolate th\u00e0nh 10-12 mi\u1ebfng, th\u00edch h\u1ee3p v\u1edbi tr\u00e0 v\u00e0 c\u00e0 ph\u00ea. \u0110\u1ecdc th\u00eam: N\u01b0\u1edbng \u0111\u1ec3 thay \u0111\u1ed5i \u2013 La Boulangerie Fran\u00e7aise<\/p>\n","protected":false},"featured_media":2924,"template":"","meta":[],"pwb-brand":[],"product_cat":[183],"product_tag":[],"class_list":{"0":"post-2626","1":"product","2":"type-product","3":"status-publish","4":"has-post-thumbnail","6":"product_cat-banh-kem-banh-quy","8":"first","9":"instock","10":"purchasable","11":"product-type-simple"},"acf":[],"brands":[],"_links":{"self":[{"href":"https:\/\/bynature.vn\/vi\/wp-json\/wp\/v2\/product\/2626","targetHints":{"allow":["GET"]}}],"collection":[{"href":"https:\/\/bynature.vn\/vi\/wp-json\/wp\/v2\/product"}],"about":[{"href":"https:\/\/bynature.vn\/vi\/wp-json\/wp\/v2\/types\/product"}],"wp:featuredmedia":[{"embeddable":true,"href":"https:\/\/bynature.vn\/vi\/wp-json\/wp\/v2\/media\/2924"}],"wp:attachment":[{"href":"https:\/\/bynature.vn\/vi\/wp-json\/wp\/v2\/media?parent=2626"}],"wp:term":[{"taxonomy":"pwb-brand","embeddable":true,"href":"https:\/\/bynature.vn\/vi\/wp-json\/wp\/v2\/pwb-brand?post=2626"},{"taxonomy":"product_cat","embeddable":true,"href":"https:\/\/bynature.vn\/vi\/wp-json\/wp\/v2\/product_cat?post=2626"},{"taxonomy":"product_tag","embeddable":true,"href":"https:\/\/bynature.vn\/vi\/wp-json\/wp\/v2\/product_tag?post=2626"}],"curies":[{"name":"wp","href":"https:\/\/api.w.org\/{rel}","templated":true}]}}