{"id":2624,"date":"2023-11-14T12:48:07","date_gmt":"2023-11-14T05:48:07","guid":{"rendered":"https:\/\/bynature.vn\/product\/2624\/"},"modified":"2024-03-28T13:18:32","modified_gmt":"2024-03-28T06:18:32","slug":"10-banh-mi-tron-burger-bun","status":"publish","type":"product","link":"https:\/\/bynature.vn\/vi\/product\/10-banh-mi-tron-burger-bun\/","title":{"rendered":"10 B\u00e1nh M\u00ec Tr\u00f2n Burger Bun"},"content":{"rendered":"<h6>B\u00e1nh m\u00ec tr\u00f2n burger bun<\/h6>\n<p>B\u00e1nh m\u00ec tr\u00f2n burger bun size ti\u00eau chu\u1ea9n cho b\u1eefa ti\u1ec7c BBQ c\u1ee7a b\u1ea1n. \u0110\u01b0\u1ee3c ph\u1ee7 m\u00e8.<\/p>\n<p>\u0110\u1ecdc th\u00eam: <span style=\"text-decoration: underline; color: #008000;\"><a style=\"color: #008000; text-decoration: underline;\" href=\"https:\/\/bynature.vn\/vi\/nuong-de-thay-doi-la-boulangerie-francaise\/\">N\u01b0\u1edbng \u0111\u1ec3 thay \u0111\u1ed5i \u2013 La Boulangerie Fran\u00e7aise<\/a><\/span><\/p>\n","protected":false},"excerpt":{"rendered":"<p>B\u00e1nh m\u00ec tr\u00f2n burger bun B\u00e1nh m\u00ec tr\u00f2n burger bun size ti\u00eau chu\u1ea9n cho b\u1eefa ti\u1ec7c BBQ c\u1ee7a b\u1ea1n. \u0110\u01b0\u1ee3c ph\u1ee7 m\u00e8. \u0110\u1ecdc th\u00eam: N\u01b0\u1edbng \u0111\u1ec3 thay \u0111\u1ed5i \u2013 La Boulangerie Fran\u00e7aise<\/p>\n","protected":false},"featured_media":2922,"template":"","meta":[],"pwb-brand":[],"product_cat":[182],"product_tag":[],"class_list":{"0":"post-2624","1":"product","2":"type-product","3":"status-publish","4":"has-post-thumbnail","6":"product_cat-banh-mi-banh-nuong","8":"first","9":"instock","10":"purchasable","11":"product-type-simple"},"acf":[],"brands":[],"_links":{"self":[{"href":"https:\/\/bynature.vn\/vi\/wp-json\/wp\/v2\/product\/2624","targetHints":{"allow":["GET"]}}],"collection":[{"href":"https:\/\/bynature.vn\/vi\/wp-json\/wp\/v2\/product"}],"about":[{"href":"https:\/\/bynature.vn\/vi\/wp-json\/wp\/v2\/types\/product"}],"wp:featuredmedia":[{"embeddable":true,"href":"https:\/\/bynature.vn\/vi\/wp-json\/wp\/v2\/media\/2922"}],"wp:attachment":[{"href":"https:\/\/bynature.vn\/vi\/wp-json\/wp\/v2\/media?parent=2624"}],"wp:term":[{"taxonomy":"pwb-brand","embeddable":true,"href":"https:\/\/bynature.vn\/vi\/wp-json\/wp\/v2\/pwb-brand?post=2624"},{"taxonomy":"product_cat","embeddable":true,"href":"https:\/\/bynature.vn\/vi\/wp-json\/wp\/v2\/product_cat?post=2624"},{"taxonomy":"product_tag","embeddable":true,"href":"https:\/\/bynature.vn\/vi\/wp-json\/wp\/v2\/product_tag?post=2624"}],"curies":[{"name":"wp","href":"https:\/\/api.w.org\/{rel}","templated":true}]}}