{"id":2622,"date":"2023-11-14T12:48:07","date_gmt":"2023-11-14T05:48:07","guid":{"rendered":"https:\/\/bynature.vn\/product\/2622\/"},"modified":"2024-03-28T13:32:41","modified_gmt":"2024-03-28T06:32:41","slug":"banh-quy-chocolate","status":"publish","type":"product","link":"https:\/\/bynature.vn\/vi\/product\/banh-quy-chocolate\/","title":{"rendered":"15\u00d73 B\u00e1nh Quy Chocolate"},"content":{"rendered":"<h6>B\u00e1nh quy chocolate<\/h6>\n<p style=\"text-align: justify;\">B\u00e1nh quy s\u00f4c\u00f4la \u0111\u01b0\u1ee3c n\u00e2ng c\u1ea5p v\u1edbi b\u01a1 nguy\u00ean ch\u1ea5t v\u00e0 ba lo\u1ea1i s\u00f4c\u00f4la ch\u1ebf bi\u1ebfn t\u1eeb h\u1ea1t ca cao gieo tr\u1ed3ng b\u1ec1n v\u1eefng t\u1ea1i B\u1ebfn Tre.<\/p>\n<p>\u0110\u1ecdc th\u00eam: <span style=\"text-decoration: underline; color: #008000;\"><a style=\"color: #008000; text-decoration: underline;\" href=\"https:\/\/bynature.vn\/vi\/nuong-de-thay-doi-la-boulangerie-francaise\/\">N\u01b0\u1edbng \u0111\u1ec3 thay \u0111\u1ed5i \u2013 La Boulangerie Fran\u00e7aise<\/a><\/span><\/p>\n","protected":false},"excerpt":{"rendered":"<p>B\u00e1nh quy chocolate B\u00e1nh quy s\u00f4c\u00f4la \u0111\u01b0\u1ee3c n\u00e2ng c\u1ea5p v\u1edbi b\u01a1 nguy\u00ean ch\u1ea5t v\u00e0 ba lo\u1ea1i s\u00f4c\u00f4la ch\u1ebf bi\u1ebfn t\u1eeb h\u1ea1t ca cao gieo tr\u1ed3ng b\u1ec1n v\u1eefng t\u1ea1i B\u1ebfn Tre. \u0110\u1ecdc th\u00eam: N\u01b0\u1edbng \u0111\u1ec3 thay \u0111\u1ed5i \u2013 La Boulangerie Fran\u00e7aise<\/p>\n","protected":false},"featured_media":2920,"template":"","meta":[],"pwb-brand":[],"product_cat":[183],"product_tag":[],"class_list":{"0":"post-2622","1":"product","2":"type-product","3":"status-publish","4":"has-post-thumbnail","6":"product_cat-banh-kem-banh-quy","8":"first","9":"instock","10":"purchasable","11":"product-type-simple"},"acf":[],"brands":[],"_links":{"self":[{"href":"https:\/\/bynature.vn\/vi\/wp-json\/wp\/v2\/product\/2622","targetHints":{"allow":["GET"]}}],"collection":[{"href":"https:\/\/bynature.vn\/vi\/wp-json\/wp\/v2\/product"}],"about":[{"href":"https:\/\/bynature.vn\/vi\/wp-json\/wp\/v2\/types\/product"}],"wp:featuredmedia":[{"embeddable":true,"href":"https:\/\/bynature.vn\/vi\/wp-json\/wp\/v2\/media\/2920"}],"wp:attachment":[{"href":"https:\/\/bynature.vn\/vi\/wp-json\/wp\/v2\/media?parent=2622"}],"wp:term":[{"taxonomy":"pwb-brand","embeddable":true,"href":"https:\/\/bynature.vn\/vi\/wp-json\/wp\/v2\/pwb-brand?post=2622"},{"taxonomy":"product_cat","embeddable":true,"href":"https:\/\/bynature.vn\/vi\/wp-json\/wp\/v2\/product_cat?post=2622"},{"taxonomy":"product_tag","embeddable":true,"href":"https:\/\/bynature.vn\/vi\/wp-json\/wp\/v2\/product_tag?post=2622"}],"curies":[{"name":"wp","href":"https:\/\/api.w.org\/{rel}","templated":true}]}}