{"id":2620,"date":"2023-11-14T12:48:07","date_gmt":"2023-11-14T05:48:07","guid":{"rendered":"https:\/\/bynature.vn\/product\/2620\/"},"modified":"2024-03-28T13:08:01","modified_gmt":"2024-03-28T06:08:01","slug":"banh-mi-pain-au-chocolate","status":"publish","type":"product","link":"https:\/\/bynature.vn\/vi\/product\/banh-mi-pain-au-chocolate\/","title":{"rendered":"1 B\u00e1nh M\u00ec Pain Au Chocolate"},"content":{"rendered":"<h6>B\u00e1nh m\u00ec pain au chocolate<\/h6>\n<p style=\"text-align: justify;\">B\u00e1nh m\u00ec pain au chocolate\u00a0ki\u1ec3u Ph\u00e1p truy\u1ec1n th\u1ed1ng v\u1edbi b\u01a1 nguy\u00ean ch\u1ea5t, b\u00e1nh \u0111\u01b0\u1ee3c n\u01b0\u1edbng m\u1edbi m\u1ed7i bu\u1ed5i s\u00e1ng t\u1ea1i l\u00f2 b\u00e1nh m\u00ec Ph\u00e1p La Boulangerie Fran\u00e7aise. B\u00e1nh ch\u1ee9a 2 thanh socola l\u00e0m t\u1eeb h\u1ea1t ca cao gieo tr\u1ed3ng b\u1ec1n v\u1eefng t\u1ea1i B\u1ebfn Tre (Cacao Trace)<\/p>\n<p>\u0110\u1ecdc th\u00eam: <span style=\"text-decoration: underline;\"><span style=\"color: #008000;\"><a style=\"color: #008000; text-decoration: underline;\" href=\"https:\/\/bynature.vn\/vi\/nghe-banh-mo-canh-cua-vao-doi\/\">Ngh\u1ec1 b\u00e1nh m\u1edf c\u00e1nh c\u1eeda v\u00e0o \u0111\u1eddi<\/a><\/span><\/span><\/p>\n","protected":false},"excerpt":{"rendered":"<p>B\u00e1nh m\u00ec pain au chocolate B\u00e1nh m\u00ec pain au chocolate\u00a0ki\u1ec3u Ph\u00e1p truy\u1ec1n th\u1ed1ng v\u1edbi b\u01a1 nguy\u00ean ch\u1ea5t, b\u00e1nh \u0111\u01b0\u1ee3c n\u01b0\u1edbng m\u1edbi m\u1ed7i bu\u1ed5i s\u00e1ng t\u1ea1i l\u00f2 b\u00e1nh m\u00ec Ph\u00e1p La Boulangerie Fran\u00e7aise. B\u00e1nh ch\u1ee9a 2 thanh socola l\u00e0m t\u1eeb h\u1ea1t ca cao gieo tr\u1ed3ng b\u1ec1n v\u1eefng t\u1ea1i B\u1ebfn Tre (Cacao Trace) \u0110\u1ecdc th\u00eam: Ngh\u1ec1 b\u00e1nh &hellip; <\/p>\n<p class=\"link-more\"><a href=\"https:\/\/bynature.vn\/vi\/product\/banh-mi-pain-au-chocolate\/\" class=\"more-link\">Continue reading<span class=\"screen-reader-text\"> &#8220;1 B\u00e1nh M\u00ec Pain Au Chocolate&#8221;<\/span><\/a><\/p>\n","protected":false},"featured_media":2916,"template":"","meta":[],"pwb-brand":[],"product_cat":[183],"product_tag":[],"class_list":{"0":"post-2620","1":"product","2":"type-product","3":"status-publish","4":"has-post-thumbnail","6":"product_cat-banh-kem-banh-quy","8":"first","9":"instock","10":"purchasable","11":"product-type-simple"},"acf":[],"brands":[],"_links":{"self":[{"href":"https:\/\/bynature.vn\/vi\/wp-json\/wp\/v2\/product\/2620","targetHints":{"allow":["GET"]}}],"collection":[{"href":"https:\/\/bynature.vn\/vi\/wp-json\/wp\/v2\/product"}],"about":[{"href":"https:\/\/bynature.vn\/vi\/wp-json\/wp\/v2\/types\/product"}],"wp:featuredmedia":[{"embeddable":true,"href":"https:\/\/bynature.vn\/vi\/wp-json\/wp\/v2\/media\/2916"}],"wp:attachment":[{"href":"https:\/\/bynature.vn\/vi\/wp-json\/wp\/v2\/media?parent=2620"}],"wp:term":[{"taxonomy":"pwb-brand","embeddable":true,"href":"https:\/\/bynature.vn\/vi\/wp-json\/wp\/v2\/pwb-brand?post=2620"},{"taxonomy":"product_cat","embeddable":true,"href":"https:\/\/bynature.vn\/vi\/wp-json\/wp\/v2\/product_cat?post=2620"},{"taxonomy":"product_tag","embeddable":true,"href":"https:\/\/bynature.vn\/vi\/wp-json\/wp\/v2\/product_tag?post=2620"}],"curies":[{"name":"wp","href":"https:\/\/api.w.org\/{rel}","templated":true}]}}