{"id":2619,"date":"2023-11-14T12:48:07","date_gmt":"2023-11-14T05:48:07","guid":{"rendered":"https:\/\/bynature.vn\/product\/2619\/"},"modified":"2024-03-28T12:00:08","modified_gmt":"2024-03-28T05:00:08","slug":"banh-sung-bo-croissant","status":"publish","type":"product","link":"https:\/\/bynature.vn\/vi\/product\/banh-sung-bo-croissant\/","title":{"rendered":"1 B\u00e1nh S\u1eebng B\u00f2 Croissant"},"content":{"rendered":"<h6 style=\"text-align: justify;\">B\u00e1nh s\u1eebng b\u00f2 croissant<\/h6>\n<p style=\"text-align: justify;\">B\u00e1nh s\u1eebng b\u00f2 ki\u1ec3u Ph\u00e1p truy\u1ec1n th\u1ed1ng v\u1edbi b\u01a1 nguy\u00ean ch\u1ea5t, b\u00e1nh \u0111\u01b0\u1ee3c n\u01b0\u1edbng m\u1edbi m\u1ed7i bu\u1ed5i s\u00e1ng t\u1ea1i l\u00f2 b\u00e1nh m\u00ec Ph\u00e1p La Boulangerie Fran\u00e7aise<\/p>\n<p style=\"text-align: justify;\">\u0110\u1ecdc th\u00eam: <span style=\"text-decoration: underline;\"><span style=\"color: #008000;\"><a style=\"color: #008000; text-decoration: underline;\" href=\"https:\/\/bynature.vn\/vi\/nghe-banh-mo-canh-cua-vao-doi\/\">Ngh\u1ec1 b\u00e1nh m\u1edf c\u00e1nh c\u1eeda v\u00e0o \u0111\u1eddi<\/a><\/span><\/span><\/p>\n","protected":false},"excerpt":{"rendered":"<p>B\u00e1nh s\u1eebng b\u00f2 croissant B\u00e1nh s\u1eebng b\u00f2 ki\u1ec3u Ph\u00e1p truy\u1ec1n th\u1ed1ng v\u1edbi b\u01a1 nguy\u00ean ch\u1ea5t, b\u00e1nh \u0111\u01b0\u1ee3c n\u01b0\u1edbng m\u1edbi m\u1ed7i bu\u1ed5i s\u00e1ng t\u1ea1i l\u00f2 b\u00e1nh m\u00ec Ph\u00e1p La Boulangerie Fran\u00e7aise \u0110\u1ecdc th\u00eam: Ngh\u1ec1 b\u00e1nh m\u1edf c\u00e1nh c\u1eeda v\u00e0o \u0111\u1eddi<\/p>\n","protected":false},"featured_media":2914,"template":"","meta":[],"pwb-brand":[],"product_cat":[183],"product_tag":[],"class_list":{"0":"post-2619","1":"product","2":"type-product","3":"status-publish","4":"has-post-thumbnail","6":"product_cat-banh-kem-banh-quy","8":"first","9":"instock","10":"purchasable","11":"product-type-simple"},"acf":[],"brands":[],"_links":{"self":[{"href":"https:\/\/bynature.vn\/vi\/wp-json\/wp\/v2\/product\/2619","targetHints":{"allow":["GET"]}}],"collection":[{"href":"https:\/\/bynature.vn\/vi\/wp-json\/wp\/v2\/product"}],"about":[{"href":"https:\/\/bynature.vn\/vi\/wp-json\/wp\/v2\/types\/product"}],"wp:featuredmedia":[{"embeddable":true,"href":"https:\/\/bynature.vn\/vi\/wp-json\/wp\/v2\/media\/2914"}],"wp:attachment":[{"href":"https:\/\/bynature.vn\/vi\/wp-json\/wp\/v2\/media?parent=2619"}],"wp:term":[{"taxonomy":"pwb-brand","embeddable":true,"href":"https:\/\/bynature.vn\/vi\/wp-json\/wp\/v2\/pwb-brand?post=2619"},{"taxonomy":"product_cat","embeddable":true,"href":"https:\/\/bynature.vn\/vi\/wp-json\/wp\/v2\/product_cat?post=2619"},{"taxonomy":"product_tag","embeddable":true,"href":"https:\/\/bynature.vn\/vi\/wp-json\/wp\/v2\/product_tag?post=2619"}],"curies":[{"name":"wp","href":"https:\/\/api.w.org\/{rel}","templated":true}]}}