{"id":2617,"date":"2023-11-14T12:48:02","date_gmt":"2023-11-14T05:48:02","guid":{"rendered":"https:\/\/bynature.vn\/product\/dau-truffle-250ml\/"},"modified":"2024-01-29T14:13:05","modified_gmt":"2024-01-29T07:13:05","slug":"dau-truffle-250ml","status":"publish","type":"product","link":"https:\/\/bynature.vn\/vi\/product\/dau-truffle-250ml\/","title":{"rendered":"D\u1ea7u Truffle (250ml)"},"content":{"rendered":"<p>M\u1ed9t ch\u00fat d\u1ea7u truffle c\u00f3 th\u1ec3 bi\u1ebfn \u0111i\u1ec1u b\u00ecnh th\u01b0\u1eddng tr\u1edf n\u00ean \u0111\u1eb7c bi\u1ec7t!<\/p>\n<p>\u0110\u00e2y l\u00e0 m\u1ed9t lo\u1ea1i gia v\u1ecb hay \u0111\u01b0\u1ee3c s\u1eed d\u1ee5ng \u0111\u1ec3 k\u1ebft th\u00fac ho\u1eb7c trang tr\u00ed m\u00f3n \u0103n nh\u1eb1m l\u01b0u gi\u1eef h\u01b0\u01a1ng v\u1ecb v\u00e0 h\u01b0\u01a1ng th\u01a1m h\u1ea5p d\u1eabn cho m\u00f3n \u0103n c\u1ee7a b\u1ea1n.<\/p>\n<p>Mua th\u00eam s\u1ea3n ph\u1ea9m N\u1ea5m Truffle<\/p>\n","protected":false},"excerpt":{"rendered":"<p>M\u1ed9t ch\u00fat d\u1ea7u truffle c\u00f3 th\u1ec3 bi\u1ebfn \u0111i\u1ec1u b\u00ecnh th\u01b0\u1eddng tr\u1edf n\u00ean \u0111\u1eb7c bi\u1ec7t! \u0110\u00e2y l\u00e0 m\u1ed9t lo\u1ea1i gia v\u1ecb hay \u0111\u01b0\u1ee3c s\u1eed d\u1ee5ng \u0111\u1ec3 k\u1ebft th\u00fac ho\u1eb7c trang tr\u00ed m\u00f3n \u0103n nh\u1eb1m l\u01b0u gi\u1eef h\u01b0\u01a1ng v\u1ecb v\u00e0 h\u01b0\u01a1ng th\u01a1m h\u1ea5p d\u1eabn cho m\u00f3n \u0103n c\u1ee7a b\u1ea1n. Mua th\u00eam s\u1ea3n ph\u1ea9m N\u1ea5m Truffle<\/p>\n","protected":false},"featured_media":3216,"template":"","meta":[],"pwb-brand":[],"product_cat":[264],"product_tag":[],"class_list":{"0":"post-2617","1":"product","2":"type-product","3":"status-publish","4":"has-post-thumbnail","6":"product_cat-nam-truffle","8":"first","9":"instock","10":"purchasable","11":"product-type-simple"},"acf":[],"brands":[],"_links":{"self":[{"href":"https:\/\/bynature.vn\/vi\/wp-json\/wp\/v2\/product\/2617","targetHints":{"allow":["GET"]}}],"collection":[{"href":"https:\/\/bynature.vn\/vi\/wp-json\/wp\/v2\/product"}],"about":[{"href":"https:\/\/bynature.vn\/vi\/wp-json\/wp\/v2\/types\/product"}],"wp:featuredmedia":[{"embeddable":true,"href":"https:\/\/bynature.vn\/vi\/wp-json\/wp\/v2\/media\/3216"}],"wp:attachment":[{"href":"https:\/\/bynature.vn\/vi\/wp-json\/wp\/v2\/media?parent=2617"}],"wp:term":[{"taxonomy":"pwb-brand","embeddable":true,"href":"https:\/\/bynature.vn\/vi\/wp-json\/wp\/v2\/pwb-brand?post=2617"},{"taxonomy":"product_cat","embeddable":true,"href":"https:\/\/bynature.vn\/vi\/wp-json\/wp\/v2\/product_cat?post=2617"},{"taxonomy":"product_tag","embeddable":true,"href":"https:\/\/bynature.vn\/vi\/wp-json\/wp\/v2\/product_tag?post=2617"}],"curies":[{"name":"wp","href":"https:\/\/api.w.org\/{rel}","templated":true}]}}