{"id":2615,"date":"2023-11-14T12:48:02","date_gmt":"2023-11-14T05:48:02","guid":{"rendered":"https:\/\/bynature.vn\/product\/95g-sot-nam-cuc-truffle-aioli\/"},"modified":"2024-04-04T09:43:47","modified_gmt":"2024-04-04T02:43:47","slug":"95g-sot-nam-cuc-truffle-aioli","status":"publish","type":"product","link":"https:\/\/bynature.vn\/vi\/product\/95g-sot-nam-cuc-truffle-aioli\/","title":{"rendered":"95g S\u1ed1t N\u1ea5m C\u1ee5c Truffle Aioli"},"content":{"rendered":"<h6 style=\"text-align: justify;\">S\u1ed1t n\u1ea5m c\u1ee5c truffle aioli<\/h6>\n<p style=\"text-align: justify;\">S\u1ed1t aioli c\u1ed5 \u0111i\u1ec3n \u0111\u01b0\u1ee3c l\u00e0m t\u1eeb c\u00e1c nguy\u00ean li\u1ec7u truy\u1ec1n th\u1ed1ng s\u1ebd \u0111\u01b0\u1ee3c n\u00e2ng t\u1ea7m v\u1edbi n\u1ea5m c\u1ee5c \u0111en. H\u01b0\u01a1ng v\u1ecb \u0111\u1eb7c bi\u1ec7t cho m\u00f3n b\u00e1nh m\u00ec k\u1eb9p th\u1ecbt, khoai t\u00e2y chi\u00ean, c\u00e1, m\u0103ng t\u00e2y, tr\u1ed9n v\u1edbi khoai t\u00e2y nghi\u1ec1n v\u00e0 nh\u00fang v\u1edbi b\u00e1nh cua.<\/p>\n<p style=\"text-align: justify;\"><span style=\"text-decoration: underline; color: #008000;\"><a style=\"color: #008000; text-decoration: underline;\" href=\"https:\/\/bynature.vn\/vi\/danh-muc-san-pham\/do-kho\/sot-gia-vi\/nam-truffle\/\">Xem th\u00eam s\u1ea3n ph\u1ea9m N\u1ea5m Truffle<\/a><\/span><\/p>\n","protected":false},"excerpt":{"rendered":"<p>S\u1ed1t n\u1ea5m c\u1ee5c truffle aioli S\u1ed1t aioli c\u1ed5 \u0111i\u1ec3n \u0111\u01b0\u1ee3c l\u00e0m t\u1eeb c\u00e1c nguy\u00ean li\u1ec7u truy\u1ec1n th\u1ed1ng s\u1ebd \u0111\u01b0\u1ee3c n\u00e2ng t\u1ea7m v\u1edbi n\u1ea5m c\u1ee5c \u0111en. H\u01b0\u01a1ng v\u1ecb \u0111\u1eb7c bi\u1ec7t cho m\u00f3n b\u00e1nh m\u00ec k\u1eb9p th\u1ecbt, khoai t\u00e2y chi\u00ean, c\u00e1, m\u0103ng t\u00e2y, tr\u1ed9n v\u1edbi khoai t\u00e2y nghi\u1ec1n v\u00e0 nh\u00fang v\u1edbi b\u00e1nh cua. Xem th\u00eam s\u1ea3n ph\u1ea9m &hellip; <\/p>\n<p class=\"link-more\"><a href=\"https:\/\/bynature.vn\/vi\/product\/95g-sot-nam-cuc-truffle-aioli\/\" class=\"more-link\">Continue reading<span class=\"screen-reader-text\"> &#8220;95g S\u1ed1t N\u1ea5m C\u1ee5c Truffle Aioli&#8221;<\/span><\/a><\/p>\n","protected":false},"featured_media":3212,"template":"","meta":[],"pwb-brand":[],"product_cat":[264],"product_tag":[],"class_list":{"0":"post-2615","1":"product","2":"type-product","3":"status-publish","4":"has-post-thumbnail","6":"product_cat-nam-truffle","8":"first","9":"instock","10":"purchasable","11":"product-type-simple"},"acf":[],"brands":[],"_links":{"self":[{"href":"https:\/\/bynature.vn\/vi\/wp-json\/wp\/v2\/product\/2615","targetHints":{"allow":["GET"]}}],"collection":[{"href":"https:\/\/bynature.vn\/vi\/wp-json\/wp\/v2\/product"}],"about":[{"href":"https:\/\/bynature.vn\/vi\/wp-json\/wp\/v2\/types\/product"}],"wp:featuredmedia":[{"embeddable":true,"href":"https:\/\/bynature.vn\/vi\/wp-json\/wp\/v2\/media\/3212"}],"wp:attachment":[{"href":"https:\/\/bynature.vn\/vi\/wp-json\/wp\/v2\/media?parent=2615"}],"wp:term":[{"taxonomy":"pwb-brand","embeddable":true,"href":"https:\/\/bynature.vn\/vi\/wp-json\/wp\/v2\/pwb-brand?post=2615"},{"taxonomy":"product_cat","embeddable":true,"href":"https:\/\/bynature.vn\/vi\/wp-json\/wp\/v2\/product_cat?post=2615"},{"taxonomy":"product_tag","embeddable":true,"href":"https:\/\/bynature.vn\/vi\/wp-json\/wp\/v2\/product_tag?post=2615"}],"curies":[{"name":"wp","href":"https:\/\/api.w.org\/{rel}","templated":true}]}}