{"id":2614,"date":"2023-11-14T12:48:02","date_gmt":"2023-11-14T05:48:02","guid":{"rendered":"https:\/\/bynature.vn\/product\/135g-mat-ong-nam-truffle\/"},"modified":"2024-04-04T09:37:55","modified_gmt":"2024-04-04T02:37:55","slug":"135g-mat-ong-nam-truffle","status":"publish","type":"product","link":"https:\/\/bynature.vn\/vi\/product\/135g-mat-ong-nam-truffle\/","title":{"rendered":"135g M\u1eadt Ong N\u1ea5m Truffle"},"content":{"rendered":"<h6 style=\"text-align: justify;\">M\u1eadt ong n\u1ea5m truffle<\/h6>\n<p style=\"text-align: justify;\">H\u01b0\u01a1ng v\u1ecb m\u1eadt ong nh\u1eb9 nh\u00e0ng k\u1ebft h\u1ee3p v\u1edbi h\u01b0\u01a1ng v\u1ecb \u0111\u1eb7c tr\u01b0ng c\u1ee7a n\u1ea5m c\u1ee5c truffle. C\u00f3 th\u1ec3 d\u00f9ng cho c\u00e1c m\u00f3n \u01b0\u1edbp. M\u1eadt ong n\u1ea5m truffle c\u0169ng r\u1ea5t ngon khi d\u00f9ng chung Parmesan ho\u1eb7c Pecorino ho\u1eb7c ph\u00f4 mai s\u1eefa c\u1eebu.<\/p>\n<p style=\"text-align: justify;\"><span style=\"text-decoration: underline; color: #008000;\"><a style=\"color: #008000; text-decoration: underline;\" href=\"https:\/\/bynature.vn\/vi\/danh-muc-san-pham\/do-kho\/sot-gia-vi\/nam-truffle\/\">Xem th\u00eam s\u1ea3n ph\u1ea9m N\u1ea5m Truffle<\/a><\/span><\/p>\n","protected":false},"excerpt":{"rendered":"<p>M\u1eadt ong n\u1ea5m truffle H\u01b0\u01a1ng v\u1ecb m\u1eadt ong nh\u1eb9 nh\u00e0ng k\u1ebft h\u1ee3p v\u1edbi h\u01b0\u01a1ng v\u1ecb \u0111\u1eb7c tr\u01b0ng c\u1ee7a n\u1ea5m c\u1ee5c truffle. C\u00f3 th\u1ec3 d\u00f9ng cho c\u00e1c m\u00f3n \u01b0\u1edbp. M\u1eadt ong n\u1ea5m truffle c\u0169ng r\u1ea5t ngon khi d\u00f9ng chung Parmesan ho\u1eb7c Pecorino ho\u1eb7c ph\u00f4 mai s\u1eefa c\u1eebu. Xem th\u00eam s\u1ea3n ph\u1ea9m N\u1ea5m Truffle<\/p>\n","protected":false},"featured_media":3453,"template":"","meta":[],"pwb-brand":[],"product_cat":[255,264],"product_tag":[],"class_list":{"0":"post-2614","1":"product","2":"type-product","3":"status-publish","4":"has-post-thumbnail","6":"product_cat-mat-ong","7":"product_cat-nam-truffle","9":"first","10":"instock","11":"purchasable","12":"product-type-simple"},"acf":[],"brands":[],"_links":{"self":[{"href":"https:\/\/bynature.vn\/vi\/wp-json\/wp\/v2\/product\/2614","targetHints":{"allow":["GET"]}}],"collection":[{"href":"https:\/\/bynature.vn\/vi\/wp-json\/wp\/v2\/product"}],"about":[{"href":"https:\/\/bynature.vn\/vi\/wp-json\/wp\/v2\/types\/product"}],"wp:featuredmedia":[{"embeddable":true,"href":"https:\/\/bynature.vn\/vi\/wp-json\/wp\/v2\/media\/3453"}],"wp:attachment":[{"href":"https:\/\/bynature.vn\/vi\/wp-json\/wp\/v2\/media?parent=2614"}],"wp:term":[{"taxonomy":"pwb-brand","embeddable":true,"href":"https:\/\/bynature.vn\/vi\/wp-json\/wp\/v2\/pwb-brand?post=2614"},{"taxonomy":"product_cat","embeddable":true,"href":"https:\/\/bynature.vn\/vi\/wp-json\/wp\/v2\/product_cat?post=2614"},{"taxonomy":"product_tag","embeddable":true,"href":"https:\/\/bynature.vn\/vi\/wp-json\/wp\/v2\/product_tag?post=2614"}],"curies":[{"name":"wp","href":"https:\/\/api.w.org\/{rel}","templated":true}]}}