{"id":2613,"date":"2023-11-14T12:48:02","date_gmt":"2023-11-14T05:48:02","guid":{"rendered":"https:\/\/bynature.vn\/product\/110g-sot-mu-tat-nam-truffle\/"},"modified":"2024-04-04T09:46:09","modified_gmt":"2024-04-04T02:46:09","slug":"110g-sot-mu-tat-nam-truffle","status":"publish","type":"product","link":"https:\/\/bynature.vn\/vi\/product\/110g-sot-mu-tat-nam-truffle\/","title":{"rendered":"110g S\u1ed1t M\u00f9 T\u1ea1t N\u1ea5m Truffle"},"content":{"rendered":"<h6 style=\"text-align: justify;\">S\u1ed1t m\u00f9 t\u1ea1t n\u1ea5m truffle<\/h6>\n<p style=\"text-align: justify;\">S\u1ef1 k\u1ebft h\u1ee3p h\u00e0i h\u00f2a h\u01b0\u01a1ng v\u1ecb gi\u1eefa m\u00f9 t\u1ea1t Dijon truy\u1ec1n th\u1ed1ng v\u00e0 n\u1ea5m c\u1ee5c \u0111en t\u1ea1o n\u00ean m\u1ed9t h\u01b0\u01a1ng v\u1ecb c\u00f3 m\u1ed9t kh\u00f4ng hai.<\/p>\n<p style=\"text-align: justify;\">B\u1ea1n c\u00f3 t\u1ec3 th\u1eed s\u1ed1t m\u00f9 t\u1ea1t truffle v\u1edbi b\u00e1nh m\u00ec sandwich, salad ho\u1eb7c x\u00fac x\u00edch hay BBQ \u0111\u1ec3 c\u1ea3m nh\u1eadn h\u01b0\u01a1ng v\u1ecb tuy\u1ec7t v\u1eddi m\u00e0 ch\u00fang t\u00f4i \u0111\u1ec1 c\u1eadp.<\/p>\n<p style=\"text-align: justify;\"><span style=\"text-decoration: underline; color: #008000;\"><a style=\"color: #008000; text-decoration: underline;\" href=\"https:\/\/bynature.vn\/vi\/danh-muc-san-pham\/do-kho\/sot-gia-vi\/nam-truffle\/\">Xem th\u00eam s\u1ea3n ph\u1ea9m N\u1ea5m Truffle<\/a><\/span><\/p>\n","protected":false},"excerpt":{"rendered":"<p>S\u1ed1t m\u00f9 t\u1ea1t n\u1ea5m truffle S\u1ef1 k\u1ebft h\u1ee3p h\u00e0i h\u00f2a h\u01b0\u01a1ng v\u1ecb gi\u1eefa m\u00f9 t\u1ea1t Dijon truy\u1ec1n th\u1ed1ng v\u00e0 n\u1ea5m c\u1ee5c \u0111en t\u1ea1o n\u00ean m\u1ed9t h\u01b0\u01a1ng v\u1ecb c\u00f3 m\u1ed9t kh\u00f4ng hai. B\u1ea1n c\u00f3 t\u1ec3 th\u1eed s\u1ed1t m\u00f9 t\u1ea1t truffle v\u1edbi b\u00e1nh m\u00ec sandwich, salad ho\u1eb7c x\u00fac x\u00edch hay BBQ \u0111\u1ec3 c\u1ea3m nh\u1eadn h\u01b0\u01a1ng v\u1ecb tuy\u1ec7t &hellip; <\/p>\n<p class=\"link-more\"><a href=\"https:\/\/bynature.vn\/vi\/product\/110g-sot-mu-tat-nam-truffle\/\" class=\"more-link\">Continue reading<span class=\"screen-reader-text\"> &#8220;110g S\u1ed1t M\u00f9 T\u1ea1t N\u1ea5m Truffle&#8221;<\/span><\/a><\/p>\n","protected":false},"featured_media":4060,"template":"","meta":[],"pwb-brand":[],"product_cat":[264],"product_tag":[],"class_list":{"0":"post-2613","1":"product","2":"type-product","3":"status-publish","4":"has-post-thumbnail","6":"product_cat-nam-truffle","8":"first","9":"instock","10":"purchasable","11":"product-type-simple"},"acf":[],"brands":[],"_links":{"self":[{"href":"https:\/\/bynature.vn\/vi\/wp-json\/wp\/v2\/product\/2613","targetHints":{"allow":["GET"]}}],"collection":[{"href":"https:\/\/bynature.vn\/vi\/wp-json\/wp\/v2\/product"}],"about":[{"href":"https:\/\/bynature.vn\/vi\/wp-json\/wp\/v2\/types\/product"}],"wp:featuredmedia":[{"embeddable":true,"href":"https:\/\/bynature.vn\/vi\/wp-json\/wp\/v2\/media\/4060"}],"wp:attachment":[{"href":"https:\/\/bynature.vn\/vi\/wp-json\/wp\/v2\/media?parent=2613"}],"wp:term":[{"taxonomy":"pwb-brand","embeddable":true,"href":"https:\/\/bynature.vn\/vi\/wp-json\/wp\/v2\/pwb-brand?post=2613"},{"taxonomy":"product_cat","embeddable":true,"href":"https:\/\/bynature.vn\/vi\/wp-json\/wp\/v2\/product_cat?post=2613"},{"taxonomy":"product_tag","embeddable":true,"href":"https:\/\/bynature.vn\/vi\/wp-json\/wp\/v2\/product_tag?post=2613"}],"curies":[{"name":"wp","href":"https:\/\/api.w.org\/{rel}","templated":true}]}}