{"id":2612,"date":"2023-11-14T12:48:02","date_gmt":"2023-11-14T05:48:02","guid":{"rendered":"https:\/\/bynature.vn\/product\/100g-sot-nam-va-nam-truffle-tapenade\/"},"modified":"2024-04-04T09:41:14","modified_gmt":"2024-04-04T02:41:14","slug":"100g-sot-nam-va-nam-truffle-tapenade","status":"publish","type":"product","link":"https:\/\/bynature.vn\/vi\/product\/100g-sot-nam-va-nam-truffle-tapenade\/","title":{"rendered":"100g S\u1ed1t N\u1ea5m V\u00e0 N\u1ea5m Truffle Tapenade"},"content":{"rendered":"<h6 style=\"text-align: justify;\">S\u1ed1t n\u1ea5m v\u00e0 n\u1ea5m truffle tapenade<\/h6>\n<p style=\"text-align: justify;\">S\u1ed1t tapenade n\u1ea5m v\u00e0 n\u1ea5m c\u1ee5c truffle l\u00e0 s\u1ef1 k\u1ebft h\u1ee3p tuy\u1ec7t v\u1eddi c\u1ee7a n\u1ea5m truffle \u0111en P\u00e9rigord th\u00e1i l\u00e1t, n\u1ea5m Porcini, \u00f4 liu v\u00e0 n\u1ee5 b\u1ea1ch hoa. S\u1ef1 h\u00f2a quy\u1ec7n gi\u1eefa c\u00e1c h\u01b0\u01a1ng v\u1ecb n\u00e0y gi\u00fap gia t\u0103ng h\u01b0\u01a1ng v\u1ecb c\u1ee7a n\u1ea5m c\u1ee5c truffle.<\/p>\n<p style=\"text-align: justify;\">S\u1eed d\u1ee5ng tr\u1ef1c ti\u1ebfp, d\u00f9ng c\u00f9ng crostini &amp; m\u00f3n khai v\u1ecb ho\u1eb7c l\u00e0m l\u1edbp ph\u1ee7 cho m\u00f3n th\u1ecbt n\u01b0\u1edbng, h\u1ea3i s\u1ea3n v\u00e0 rau. D\u00f9ng chung v\u1edbi m\u00ec \u1ed1ng \u0111\u1ec3 c\u00f3 ngay m\u1ed9t m\u00f3n \u0103n k\u00e8m ho\u1eb7c m\u00f3n ph\u1ee5 ti\u00ean l\u1ee3i v\u00e0 nhanh ch\u00f3ng.<\/p>\n<p style=\"text-align: justify;\"><span style=\"text-decoration: underline; color: #008000;\"><a style=\"color: #008000; text-decoration: underline;\" href=\"https:\/\/bynature.vn\/vi\/danh-muc-san-pham\/do-kho\/sot-gia-vi\/nam-truffle\/\">Xem th\u00eam s\u1ea3n ph\u1ea9m N\u1ea5m Truffle<\/a><\/span><\/p>\n","protected":false},"excerpt":{"rendered":"<p>S\u1ed1t n\u1ea5m v\u00e0 n\u1ea5m truffle tapenade S\u1ed1t tapenade n\u1ea5m v\u00e0 n\u1ea5m c\u1ee5c truffle l\u00e0 s\u1ef1 k\u1ebft h\u1ee3p tuy\u1ec7t v\u1eddi c\u1ee7a n\u1ea5m truffle \u0111en P\u00e9rigord th\u00e1i l\u00e1t, n\u1ea5m Porcini, \u00f4 liu v\u00e0 n\u1ee5 b\u1ea1ch hoa. S\u1ef1 h\u00f2a quy\u1ec7n gi\u1eefa c\u00e1c h\u01b0\u01a1ng v\u1ecb n\u00e0y gi\u00fap gia t\u0103ng h\u01b0\u01a1ng v\u1ecb c\u1ee7a n\u1ea5m c\u1ee5c truffle. S\u1eed d\u1ee5ng tr\u1ef1c ti\u1ebfp, &hellip; <\/p>\n<p class=\"link-more\"><a href=\"https:\/\/bynature.vn\/vi\/product\/100g-sot-nam-va-nam-truffle-tapenade\/\" class=\"more-link\">Continue reading<span class=\"screen-reader-text\"> &#8220;100g S\u1ed1t N\u1ea5m V\u00e0 N\u1ea5m Truffle Tapenade&#8221;<\/span><\/a><\/p>\n","protected":false},"featured_media":3451,"template":"","meta":[],"pwb-brand":[],"product_cat":[264],"product_tag":[],"class_list":{"0":"post-2612","1":"product","2":"type-product","3":"status-publish","4":"has-post-thumbnail","6":"product_cat-nam-truffle","8":"first","9":"instock","10":"purchasable","11":"product-type-simple"},"acf":[],"brands":[],"_links":{"self":[{"href":"https:\/\/bynature.vn\/vi\/wp-json\/wp\/v2\/product\/2612","targetHints":{"allow":["GET"]}}],"collection":[{"href":"https:\/\/bynature.vn\/vi\/wp-json\/wp\/v2\/product"}],"about":[{"href":"https:\/\/bynature.vn\/vi\/wp-json\/wp\/v2\/types\/product"}],"wp:featuredmedia":[{"embeddable":true,"href":"https:\/\/bynature.vn\/vi\/wp-json\/wp\/v2\/media\/3451"}],"wp:attachment":[{"href":"https:\/\/bynature.vn\/vi\/wp-json\/wp\/v2\/media?parent=2612"}],"wp:term":[{"taxonomy":"pwb-brand","embeddable":true,"href":"https:\/\/bynature.vn\/vi\/wp-json\/wp\/v2\/pwb-brand?post=2612"},{"taxonomy":"product_cat","embeddable":true,"href":"https:\/\/bynature.vn\/vi\/wp-json\/wp\/v2\/product_cat?post=2612"},{"taxonomy":"product_tag","embeddable":true,"href":"https:\/\/bynature.vn\/vi\/wp-json\/wp\/v2\/product_tag?post=2612"}],"curies":[{"name":"wp","href":"https:\/\/api.w.org\/{rel}","templated":true}]}}