{"id":2597,"date":"2023-11-14T12:47:53","date_gmt":"2023-11-14T05:47:53","guid":{"rendered":"https:\/\/bynature.vn\/product\/rawbite-vi-dau-phong-hop-12-thanh\/"},"modified":"2024-04-03T15:16:21","modified_gmt":"2024-04-03T08:16:21","slug":"thanh-dinh-duong-rawbite-dau-phong-hop-12","status":"publish","type":"product","link":"https:\/\/bynature.vn\/vi\/product\/thanh-dinh-duong-rawbite-dau-phong-hop-12\/","title":{"rendered":"Thanh Dinh D\u01b0\u1ee1ng H\u1eefu C\u01a1 RawBite \u0110\u1eadu Ph\u1ed9ng (H\u1ed9p 12 Thanh)"},"content":{"rendered":"<h6 style=\"text-align: justify;\">Thanh dinh d\u01b0\u1ee1ng h\u1eefu c\u01a1 RawBite v\u1ecb \u0110\u1eadu ph\u1ed9ng<\/h6>\n<p style=\"text-align: justify;\">RawBite l\u00e0 thanh dinh d\u01b0\u1ee1ng h\u1eefu c\u01a1 t\u1eeb h\u1ea1t v\u00e0 tr\u00e1i c\u00e2y. Ho\u00e0n h\u1ea3o l\u00e0 m\u1ed9t b\u1eefa \u0103n nh\u1eb9 \u0111\u1ea7y n\u0103ng l\u01b0\u1ee3ng tr\u01b0\u1edbc, trong v\u00e0 sau m\u1ed7i bu\u1ed5i t\u1eadp; khi di chuy\u1ec3n \u0111\u01b0\u1eddng d\u00e0i, d\u00e3 ngo\u1ea1i, trekking,\u2026 hay m\u1ed9t b\u1eefa \u0103n v\u1ed9i n\u01a1i c\u00f4ng s\u1edf.<\/p>\n<p style=\"text-align: justify;\">\u0110\u1eb7c bi\u1ec7t, RawBite h\u1eefu c\u01a1, thu\u1ea7n chay, kh\u00f4ng \u0111\u01b0\u1eddng v\u00e0 kh\u00f4ng ch\u1ee9a gluten.<br \/>\nPh\u00f9 h\u1ee3p v\u1edbi m\u1ecdi ch\u1ebf \u0111\u1ed9 t\u1eadp luy\u1ec7n v\u00e0 dinh d\u01b0\u1ee1ng c\u1ee7a b\u1ea1n.<\/p>\n<p style=\"text-align: justify;\">V\u1ecb b\u00e9o th\u01a1m c\u1ee7a \u0111\u1eadu ph\u1ed9ng h\u00f2a quy\u1ec7n c\u00f9ng v\u1ecb m\u1eb7n c\u1ee7a mu\u1ed1i, v\u1ecb ng\u1ecdt c\u1ee7a ch\u00e0 l\u00e0 kh\u00f4 s\u1ebd th\u1eadt tuy\u1ec7t v\u1eddi v\u00e0 ho\u00e0n h\u1ea3o n\u1ebfu b\u1ea1n \u0111ang c\u1ea7n m\u1ed9t b\u1eefa \u0103n nh\u1eb9 v\u1edbi \u0111\u1ea7y \u0111\u1ee7 h\u01b0\u01a1ng v\u1ecb.<\/p>\n<p style=\"text-align: justify;\"><em><strong>Th\u00e0nh ph\u1ea7n: <\/strong><\/em>Ch\u00e0 l\u00e0 kh\u00f4, \u0110\u1eadu ph\u1ed9ng, Mu\u1ed1i bi\u1ec3n 0,5%<\/p>\n<p style=\"text-align: justify;\">Kh\u1ed1i l\u01b0\u1ee3ng: 50g<\/p>\n<p style=\"text-align: justify;\">\u0110\u1ecdc th\u00eam: <span style=\"text-decoration: underline;\"><span style=\"color: #008000;\"><a style=\"color: #008000; text-decoration: underline;\" href=\"https:\/\/bynature.vn\/vi\/cau-chuyen-ve-nhung-thanh-rawbite\/\">Chuy\u1ec7n v\u1ec1 nh\u1eefng thanh RawBite<\/a><\/span><\/span><\/p>\n","protected":false},"excerpt":{"rendered":"<p>Thanh dinh d\u01b0\u1ee1ng h\u1eefu c\u01a1 RawBite v\u1ecb \u0110\u1eadu ph\u1ed9ng RawBite l\u00e0 thanh dinh d\u01b0\u1ee1ng h\u1eefu c\u01a1 t\u1eeb h\u1ea1t v\u00e0 tr\u00e1i c\u00e2y. Ho\u00e0n h\u1ea3o l\u00e0 m\u1ed9t b\u1eefa \u0103n nh\u1eb9 \u0111\u1ea7y n\u0103ng l\u01b0\u1ee3ng tr\u01b0\u1edbc, trong v\u00e0 sau m\u1ed7i bu\u1ed5i t\u1eadp; khi di chuy\u1ec3n \u0111\u01b0\u1eddng d\u00e0i, d\u00e3 ngo\u1ea1i, trekking,\u2026 hay m\u1ed9t b\u1eefa \u0103n v\u1ed9i n\u01a1i c\u00f4ng s\u1edf. \u0110\u1eb7c &hellip; <\/p>\n<p class=\"link-more\"><a href=\"https:\/\/bynature.vn\/vi\/product\/thanh-dinh-duong-rawbite-dau-phong-hop-12\/\" class=\"more-link\">Continue reading<span class=\"screen-reader-text\"> &#8220;Thanh Dinh D\u01b0\u1ee1ng H\u1eefu C\u01a1 RawBite \u0110\u1eadu Ph\u1ed9ng (H\u1ed9p 12 Thanh)&#8221;<\/span><\/a><\/p>\n","protected":false},"featured_media":861,"template":"","meta":[],"pwb-brand":[289],"product_cat":[415,257],"product_tag":[],"class_list":{"0":"post-2597","1":"product","2":"type-product","3":"status-publish","4":"has-post-thumbnail","6":"pwb-brand-rawbite-vi","7":"product_cat-san-pham-khuyen-mai-hang-tuan","8":"product_cat-thanh-dinh-duong-ngu-coc-banh-snack","10":"first","11":"instock","12":"sale","13":"purchasable","14":"product-type-simple"},"acf":[],"brands":[{"id":289,"name":"RawBite","slug":"rawbite-vi"}],"_links":{"self":[{"href":"https:\/\/bynature.vn\/vi\/wp-json\/wp\/v2\/product\/2597","targetHints":{"allow":["GET"]}}],"collection":[{"href":"https:\/\/bynature.vn\/vi\/wp-json\/wp\/v2\/product"}],"about":[{"href":"https:\/\/bynature.vn\/vi\/wp-json\/wp\/v2\/types\/product"}],"wp:featuredmedia":[{"embeddable":true,"href":"https:\/\/bynature.vn\/vi\/wp-json\/wp\/v2\/media\/861"}],"wp:attachment":[{"href":"https:\/\/bynature.vn\/vi\/wp-json\/wp\/v2\/media?parent=2597"}],"wp:term":[{"taxonomy":"pwb-brand","embeddable":true,"href":"https:\/\/bynature.vn\/vi\/wp-json\/wp\/v2\/pwb-brand?post=2597"},{"taxonomy":"product_cat","embeddable":true,"href":"https:\/\/bynature.vn\/vi\/wp-json\/wp\/v2\/product_cat?post=2597"},{"taxonomy":"product_tag","embeddable":true,"href":"https:\/\/bynature.vn\/vi\/wp-json\/wp\/v2\/product_tag?post=2597"}],"curies":[{"name":"wp","href":"https:\/\/api.w.org\/{rel}","templated":true}]}}