{"id":2593,"date":"2023-11-14T12:47:53","date_gmt":"2023-11-14T05:47:53","guid":{"rendered":"https:\/\/bynature.vn\/product\/organic-rawbite-dau-phong\/"},"modified":"2026-01-15T10:22:25","modified_gmt":"2026-01-15T03:22:25","slug":"thanh-dinh-duong-huu-co-rawbite-dau-phong","status":"publish","type":"product","link":"https:\/\/bynature.vn\/vi\/product\/thanh-dinh-duong-huu-co-rawbite-dau-phong\/","title":{"rendered":"Rawbite \u0110\u1eadu Ph\u1ed9ng H\u1eefu C\u01a1"},"content":{"rendered":"<h6 style=\"text-align: justify;\">Rawbite \u0110\u1eadu Ph\u1ed9ng H\u1eefu C\u01a1<\/h6>\n<p style=\"text-align: justify;\"><span class=\"fontstyle0\">RAWBITE l\u00e0 thanh tr\u00e1i c\u00e2y v\u00e0 h\u1ea1t h\u1eefu c\u01a1 \u0111\u01b0\u1ee3c l\u00e0m t\u1eeb tr\u00e1i c\u00e2y kh\u00f4 v\u00e0 h\u1ea1t, ph\u00f9 h\u1ee3p d\u00f9ng m\u1ecdi l\u00fac, m\u1ecdi n\u01a1i, l\u00e0m snack nhanh g\u1ecdn ho\u1eb7c b\u1ed5 sung n\u0103ng l\u01b0\u1ee3ng khi v\u1eadn \u0111\u1ed9ng.<\/span><\/p>\n<p style=\"text-align: justify;\">50g &#8211; h\u1eefu c\u01a1, thu\u1ea7n chay, kh\u00f4ng gluten, kh\u00f4ng th\u00eam \u0111\u01b0\u1eddng <span class=\"fontstyle0\">(ch\u1ec9 ch\u1ee9a \u0111\u01b0\u1eddng t\u1ef1 nhi\u00ean c\u00f3 s\u1eb5n)<\/span>.<\/p>\n<p style=\"text-align: justify;\">Tr\u1ea3i nghi\u1ec7m \u201creal bite\u201d \u0111\u00fang ngh\u0129a \u2013 \u0111\u1ea7y \u1eafp \u0111\u1eadu ph\u1ed9ng v\u00e0 \u0111i\u1ec3m xuy\u1ebft mu\u1ed1i bi\u1ec3n, thanh RAWBITE n\u00e0y khi\u1ebfn b\u1ea1n ph\u1ea3i y\u00eau c\u1ea7u \u0111\u01b0\u1ee3c nhi\u1ec1u h\u01a1n n\u1eefa! Gi\u00f2n r\u1ee5m, \u0111\u1eadm \u0111\u00e0, ho\u00e0n h\u1ea3o khi b\u1ea1n th\u00e8m m\u1ed9t m\u00f3n \u0103n b\u00e9o b\u00f9i v\u00e0 m\u1eb7n nh\u1eb9. <\/p>\n<p style=\"text-align: justify;\"><em><strong>Th\u00e0nh ph\u1ea7n:<\/strong><\/em> Tr\u00e1i c\u00e2y kh\u00f4 52,5% (ch\u00e0 l\u00e0 kh\u00f4*), c\u00e1c lo\u1ea1i h\u1ea1t 47% (\u0111\u1eadu ph\u1ed9ng*), mu\u1ed1i bi\u1ec3n 0,52%<\/p>\n<p style=\"text-align: justify;\"><em><strong>*Ch\u1ee9ng nh\u1eadn h\u1eefu c\u01a1<\/strong><\/em><\/p>\n<p style=\"text-align: justify;\"><em>C\u00f3 th\u1ec3 c\u00f2n s\u00f3t v\u1ecf h\u1ea1t ho\u1eb7c h\u1ea1t qu\u1ea3.<\/em><\/p>\n<p style=\"text-align: justify;\">T\u00ecm hi\u1ec3u th\u00eam: <span style=\"text-decoration: underline; color: #008000;\"><a style=\"color: #008000; text-decoration: underline;\" href=\"https:\/\/bynature.vn\/the-story-about-our-rawbite-bars\/\">The story about our RAWBITE bars!<\/a><\/span><\/p>\n","protected":false},"excerpt":{"rendered":"<p>Rawbite \u0110\u1eadu Ph\u1ed9ng H\u1eefu C\u01a1 RAWBITE l\u00e0 thanh tr\u00e1i c\u00e2y v\u00e0 h\u1ea1t h\u1eefu c\u01a1 \u0111\u01b0\u1ee3c l\u00e0m t\u1eeb tr\u00e1i c\u00e2y kh\u00f4 v\u00e0 h\u1ea1t, ph\u00f9 h\u1ee3p d\u00f9ng m\u1ecdi l\u00fac, m\u1ecdi n\u01a1i, l\u00e0m snack nhanh g\u1ecdn ho\u1eb7c b\u1ed5 sung n\u0103ng l\u01b0\u1ee3ng khi v\u1eadn \u0111\u1ed9ng. 50g &#8211; h\u1eefu c\u01a1, thu\u1ea7n chay, kh\u00f4ng gluten, kh\u00f4ng th\u00eam \u0111\u01b0\u1eddng (ch\u1ec9 ch\u1ee9a \u0111\u01b0\u1eddng &hellip; <\/p>\n<p class=\"link-more\"><a href=\"https:\/\/bynature.vn\/vi\/product\/thanh-dinh-duong-huu-co-rawbite-dau-phong\/\" class=\"more-link\">Continue reading<span class=\"screen-reader-text\"> &#8220;Rawbite \u0110\u1eadu Ph\u1ed9ng H\u1eefu C\u01a1&#8221;<\/span><\/a><\/p>\n","protected":false},"featured_media":846,"template":"","meta":[],"pwb-brand":[289],"product_cat":[415,257],"product_tag":[],"class_list":{"0":"post-2593","1":"product","2":"type-product","3":"status-publish","4":"has-post-thumbnail","6":"pwb-brand-rawbite-vi","7":"product_cat-san-pham-khuyen-mai-hang-tuan","8":"product_cat-thanh-dinh-duong-ngu-coc-banh-snack","10":"first","11":"instock","12":"sale","13":"purchasable","14":"product-type-simple"},"acf":[],"brands":[{"id":289,"name":"RawBite","slug":"rawbite-vi"}],"_links":{"self":[{"href":"https:\/\/bynature.vn\/vi\/wp-json\/wp\/v2\/product\/2593","targetHints":{"allow":["GET"]}}],"collection":[{"href":"https:\/\/bynature.vn\/vi\/wp-json\/wp\/v2\/product"}],"about":[{"href":"https:\/\/bynature.vn\/vi\/wp-json\/wp\/v2\/types\/product"}],"wp:featuredmedia":[{"embeddable":true,"href":"https:\/\/bynature.vn\/vi\/wp-json\/wp\/v2\/media\/846"}],"wp:attachment":[{"href":"https:\/\/bynature.vn\/vi\/wp-json\/wp\/v2\/media?parent=2593"}],"wp:term":[{"taxonomy":"pwb-brand","embeddable":true,"href":"https:\/\/bynature.vn\/vi\/wp-json\/wp\/v2\/pwb-brand?post=2593"},{"taxonomy":"product_cat","embeddable":true,"href":"https:\/\/bynature.vn\/vi\/wp-json\/wp\/v2\/product_cat?post=2593"},{"taxonomy":"product_tag","embeddable":true,"href":"https:\/\/bynature.vn\/vi\/wp-json\/wp\/v2\/product_tag?post=2593"}],"curies":[{"name":"wp","href":"https:\/\/api.w.org\/{rel}","templated":true}]}}