{"id":2590,"date":"2023-11-14T12:47:53","date_gmt":"2023-11-14T05:47:53","guid":{"rendered":"https:\/\/bynature.vn\/product\/organic-rawbite-hat-dieu\/"},"modified":"2026-01-15T10:32:03","modified_gmt":"2026-01-15T03:32:03","slug":"thanh-dinh-duong-huu-co-rawbite-hat-dieu","status":"publish","type":"product","link":"https:\/\/bynature.vn\/vi\/product\/thanh-dinh-duong-huu-co-rawbite-hat-dieu\/","title":{"rendered":"Rawbite H\u1ea1t \u0110i\u1ec1u H\u1eefu C\u01a1"},"content":{"rendered":"<h6 style=\"text-align: justify;\">Rawbite H\u1ea1t \u0110i\u1ec1u H\u1eefu C\u01a1<\/h6>\n<p style=\"text-align: justify;\"><span class=\"fontstyle0\">RAWBITE l\u00e0 thanh tr\u00e1i c\u00e2y v\u00e0 h\u1ea1t h\u1eefu c\u01a1 \u0111\u01b0\u1ee3c l\u00e0m t\u1eeb tr\u00e1i c\u00e2y kh\u00f4 v\u00e0 h\u1ea1t, ph\u00f9 h\u1ee3p d\u00f9ng m\u1ecdi l\u00fac, m\u1ecdi n\u01a1i, l\u00e0m snack nhanh g\u1ecdn ho\u1eb7c b\u1ed5 sung n\u0103ng l\u01b0\u1ee3ng khi v\u1eadn \u0111\u1ed9ng.<\/span><\/p>\n<p style=\"text-align: justify;\">50g &#8211; h\u1eefu c\u01a1, thu\u1ea7n chay, kh\u00f4ng gluten, kh\u00f4ng th\u00eam \u0111\u01b0\u1eddng <span class=\"fontstyle0\">(ch\u1ec9 ch\u1ee9a \u0111\u01b0\u1eddng t\u1ef1 nhi\u00ean c\u00f3 s\u1eb5n)<\/span>.<\/p>\n<p style=\"text-align: justify;\">T\u00f4i n\u00f3i h\u1ea1t &#8211; b\u1ea1n n\u00f3i&#8230;H\u1ea0T \u0110I\u1ec0U! Thanh RAWBITE c\u1ed5 \u0111i\u1ec3n c\u1ee7a ch\u00fang t\u00f4i ch\u1ee9a 50% h\u1ea1t \u0111i\u1ec1u. H\u01b0\u01a1ng v\u1ecb nh\u1eb9 nh\u00e0ng v\u00e0 k\u1ebft c\u1ea5u m\u1ec1m m\u1ea1i c\u1ee7a ch\u00e0 l\u00e0 ng\u1ecdt ng\u00e0o v\u00e0 h\u1ea1t \u0111i\u1ec1u kem \u0111\u1ea3m b\u1ea3o s\u1ebd l\u00e0m th\u1ecfa m\u00e3n c\u01a1n \u0111\u00f3i c\u1ee7a b\u1ea1n.  <\/p>\n<p style=\"text-align: justify;\"><em><strong>Th\u00e0nh ph\u1ea7n:<\/strong> Tr\u00e1i C\u00e2y Kh\u00f4<\/em> 50% (Ch\u00e0 L\u00e0 Kh\u00f4*, Nho Kh\u00f4*), H\u1ea1t \u0110i\u1ec1u* 50%<\/p>\n<p style=\"text-align: justify;\"><em><strong>*Ch\u1ee9ng nh\u1eadn h\u1eefu c\u01a1.<\/strong><\/em><\/p>\n<p style=\"text-align: justify;\"><em>C\u00f3 th\u1ec3 ch\u1ee9a ch\u00fat h\u1ea1nh nh\u00e2n. Th\u1ec9nh tho\u1ea3ng c\u00f3 th\u1ec3 ch\u1ee9a v\u1ecf h\u1ea1t v\u00e0 h\u1ed9t qu\u1ea3. <\/em><\/p>\n<p style=\"text-align: justify;\">T\u00ecm hi\u1ec3u th\u00eam: <span style=\"text-decoration: underline; color: #008000;\"><a style=\"color: #008000; text-decoration: underline;\" href=\"https:\/\/bynature.vn\/the-story-about-our-rawbite-bars\/\">The story about our RAWBITE bars!<\/a><\/span><\/p>\n","protected":false},"excerpt":{"rendered":"<p>Rawbite H\u1ea1t \u0110i\u1ec1u H\u1eefu C\u01a1 RAWBITE l\u00e0 thanh tr\u00e1i c\u00e2y v\u00e0 h\u1ea1t h\u1eefu c\u01a1 \u0111\u01b0\u1ee3c l\u00e0m t\u1eeb tr\u00e1i c\u00e2y kh\u00f4 v\u00e0 h\u1ea1t, ph\u00f9 h\u1ee3p d\u00f9ng m\u1ecdi l\u00fac, m\u1ecdi n\u01a1i, l\u00e0m snack nhanh g\u1ecdn ho\u1eb7c b\u1ed5 sung n\u0103ng l\u01b0\u1ee3ng khi v\u1eadn \u0111\u1ed9ng. 50g &#8211; h\u1eefu c\u01a1, thu\u1ea7n chay, kh\u00f4ng gluten, kh\u00f4ng th\u00eam \u0111\u01b0\u1eddng (ch\u1ec9 ch\u1ee9a \u0111\u01b0\u1eddng &hellip; <\/p>\n<p class=\"link-more\"><a href=\"https:\/\/bynature.vn\/vi\/product\/thanh-dinh-duong-huu-co-rawbite-hat-dieu\/\" class=\"more-link\">Continue reading<span class=\"screen-reader-text\"> &#8220;Rawbite H\u1ea1t \u0110i\u1ec1u H\u1eefu C\u01a1&#8221;<\/span><\/a><\/p>\n","protected":false},"featured_media":837,"template":"","meta":[],"pwb-brand":[289],"product_cat":[257],"product_tag":[],"class_list":{"0":"post-2590","1":"product","2":"type-product","3":"status-publish","4":"has-post-thumbnail","6":"pwb-brand-rawbite-vi","7":"product_cat-thanh-dinh-duong-ngu-coc-banh-snack","9":"first","10":"instock","11":"sale","12":"purchasable","13":"product-type-simple"},"acf":[],"brands":[{"id":289,"name":"RawBite","slug":"rawbite-vi"}],"_links":{"self":[{"href":"https:\/\/bynature.vn\/vi\/wp-json\/wp\/v2\/product\/2590","targetHints":{"allow":["GET"]}}],"collection":[{"href":"https:\/\/bynature.vn\/vi\/wp-json\/wp\/v2\/product"}],"about":[{"href":"https:\/\/bynature.vn\/vi\/wp-json\/wp\/v2\/types\/product"}],"wp:featuredmedia":[{"embeddable":true,"href":"https:\/\/bynature.vn\/vi\/wp-json\/wp\/v2\/media\/837"}],"wp:attachment":[{"href":"https:\/\/bynature.vn\/vi\/wp-json\/wp\/v2\/media?parent=2590"}],"wp:term":[{"taxonomy":"pwb-brand","embeddable":true,"href":"https:\/\/bynature.vn\/vi\/wp-json\/wp\/v2\/pwb-brand?post=2590"},{"taxonomy":"product_cat","embeddable":true,"href":"https:\/\/bynature.vn\/vi\/wp-json\/wp\/v2\/product_cat?post=2590"},{"taxonomy":"product_tag","embeddable":true,"href":"https:\/\/bynature.vn\/vi\/wp-json\/wp\/v2\/product_tag?post=2590"}],"curies":[{"name":"wp","href":"https:\/\/api.w.org\/{rel}","templated":true}]}}