{"id":2586,"date":"2023-11-14T12:47:53","date_gmt":"2023-11-14T05:47:53","guid":{"rendered":"https:\/\/bynature.vn\/product\/200ml-mat-ong-tu-nhien-nguyen-chat\/"},"modified":"2024-04-03T16:50:31","modified_gmt":"2024-04-03T09:50:31","slug":"200ml-mat-ong-tu-nhien-nguyen-chat","status":"publish","type":"product","link":"https:\/\/bynature.vn\/vi\/product\/200ml-mat-ong-tu-nhien-nguyen-chat\/","title":{"rendered":"200ml M\u1eadt Ong T\u1ef1 Nhi\u00ean Nguy\u00ean Ch\u1ea5t"},"content":{"rendered":"<h6 style=\"text-align: justify;\">M\u1eadt ong t\u1ef1 nhi\u00ean nguy\u00ean ch\u1ea5t ByNature<\/h6>\n<p style=\"text-align: justify;\">Gi\u00e0u s\u1eaft, kali v\u00e0 c\u00e1c ch\u1ea5t ch\u1ed1ng oxy h\u00f3a. C\u00f3 t\u00ednh n\u0103ng ch\u1ed1ng vi\u00eam \u0111\u1eb7c bi\u1ec7t nh\u01b0 phenol v\u00e0 flavonoid.<\/p>\n<p style=\"text-align: justify;\">H\u01b0\u01a1ng v\u1ecb \u00edt nhi\u1ec1u b\u1ecb \u1ea3nh h\u01b0\u1edfng b\u1edfi y\u1ebfu t\u1ed1 th\u1eddi ti\u1ebft v\u00e0 m\u00f9a v\u1ee5. Tuy nhi\u00ean, ph\u1ea7n l\u1edbn h\u01b0\u01a1ng v\u1ecb ng\u1ecdt ng\u00e0o \u0111\u1eb7c tr\u01b0ng v\u1eabn \u0111\u01b0\u1ee3c b\u1ea3o \u0111\u1ea3m.<\/p>\n<p style=\"text-align: justify;\"><em>M\u1ed9t l\u01b0u \u00fd nh\u1ecf l\u00e0 m\u1eadt th\u00f4 kh\u00f4ng \u0111\u01b0\u1ee3c x\u1eed l\u00fd qua nhi\u1ec7t nh\u1eb1m cho ph\u00e9p s\u1ef1 ph\u00e1t tri\u1ec3n t\u1ef1 nhi\u00ean c\u1ee7a clostridium botulinum &#8211; m\u1ed9t lo\u1ea1i vi khu\u1ea9n c\u00f3 th\u1ec3 g\u00e2y h\u1ea1i cho tr\u1ebb s\u01a1 sinh (r\u1ea5t hi\u1ebfm khi c\u00f3 ph\u1ea3n \u1ee9ng tr\u00ean tr\u1ebb em v\u00e0 ng\u01b0\u1eddi l\u1edbn).<\/em><\/p>\n<p style=\"text-align: justify;\">\u0110\u1ecdc th\u00eam:<span style=\"text-decoration: underline; color: #008000;\"> <a style=\"color: #008000; text-decoration: underline;\" href=\"https:\/\/bynature.vn\/vi\/mat-ong-hoa-ca-phe-thang-3-mua-con-ong-di-lay-mat\/\">M\u1eadt ong hoa c\u00e0 ph\u00ea th\u00e1ng 3, m\u00f9a con ong \u0111i l\u1ea5y m\u1eadt<\/a><\/span><\/p>\n","protected":false},"excerpt":{"rendered":"<p>M\u1eadt ong t\u1ef1 nhi\u00ean nguy\u00ean ch\u1ea5t ByNature Gi\u00e0u s\u1eaft, kali v\u00e0 c\u00e1c ch\u1ea5t ch\u1ed1ng oxy h\u00f3a. C\u00f3 t\u00ednh n\u0103ng ch\u1ed1ng vi\u00eam \u0111\u1eb7c bi\u1ec7t nh\u01b0 phenol v\u00e0 flavonoid. H\u01b0\u01a1ng v\u1ecb \u00edt nhi\u1ec1u b\u1ecb \u1ea3nh h\u01b0\u1edfng b\u1edfi y\u1ebfu t\u1ed1 th\u1eddi ti\u1ebft v\u00e0 m\u00f9a v\u1ee5. Tuy nhi\u00ean, ph\u1ea7n l\u1edbn h\u01b0\u01a1ng v\u1ecb ng\u1ecdt ng\u00e0o \u0111\u1eb7c tr\u01b0ng v\u1eabn \u0111\u01b0\u1ee3c b\u1ea3o &hellip; <\/p>\n<p class=\"link-more\"><a href=\"https:\/\/bynature.vn\/vi\/product\/200ml-mat-ong-tu-nhien-nguyen-chat\/\" class=\"more-link\">Continue reading<span class=\"screen-reader-text\"> &#8220;200ml M\u1eadt Ong T\u1ef1 Nhi\u00ean Nguy\u00ean Ch\u1ea5t&#8221;<\/span><\/a><\/p>\n","protected":false},"featured_media":3390,"template":"","meta":[],"pwb-brand":[288],"product_cat":[255],"product_tag":[],"class_list":{"0":"post-2586","1":"product","2":"type-product","3":"status-publish","4":"has-post-thumbnail","6":"pwb-brand-bynature-vi","7":"product_cat-mat-ong","9":"first","10":"instock","11":"purchasable","12":"product-type-simple"},"acf":[],"brands":[{"id":288,"name":"ByNature","slug":"bynature-vi"}],"_links":{"self":[{"href":"https:\/\/bynature.vn\/vi\/wp-json\/wp\/v2\/product\/2586","targetHints":{"allow":["GET"]}}],"collection":[{"href":"https:\/\/bynature.vn\/vi\/wp-json\/wp\/v2\/product"}],"about":[{"href":"https:\/\/bynature.vn\/vi\/wp-json\/wp\/v2\/types\/product"}],"wp:featuredmedia":[{"embeddable":true,"href":"https:\/\/bynature.vn\/vi\/wp-json\/wp\/v2\/media\/3390"}],"wp:attachment":[{"href":"https:\/\/bynature.vn\/vi\/wp-json\/wp\/v2\/media?parent=2586"}],"wp:term":[{"taxonomy":"pwb-brand","embeddable":true,"href":"https:\/\/bynature.vn\/vi\/wp-json\/wp\/v2\/pwb-brand?post=2586"},{"taxonomy":"product_cat","embeddable":true,"href":"https:\/\/bynature.vn\/vi\/wp-json\/wp\/v2\/product_cat?post=2586"},{"taxonomy":"product_tag","embeddable":true,"href":"https:\/\/bynature.vn\/vi\/wp-json\/wp\/v2\/product_tag?post=2586"}],"curies":[{"name":"wp","href":"https:\/\/api.w.org\/{rel}","templated":true}]}}