{"id":2584,"date":"2023-11-14T12:47:53","date_gmt":"2023-11-14T05:47:53","guid":{"rendered":"https:\/\/bynature.vn\/product\/200g-knaek\/"},"modified":"2024-04-03T15:32:09","modified_gmt":"2024-04-03T08:32:09","slug":"200g-knaek","status":"publish","type":"product","link":"https:\/\/bynature.vn\/vi\/product\/200g-knaek\/","title":{"rendered":"200g Knaek"},"content":{"rendered":"<h6>Knaek v\u1ecb truy\u1ec1n th\u1ed1ng<\/h6>\n<p style=\"text-align: justify;\">KNAEK l\u00e0 m\u1ed9t lo\u1ea1i b\u00e1nh m\u1eb7n, gi\u00f2n, ch\u1ee9a ng\u0169 c\u1ed1c, h\u1ea1t v\u00e0 d\u1ea7u \u00f4 liu nguy\u00ean ch\u1ea5t.<\/p>\n<p style=\"text-align: justify;\">Tr\u1ecdng l\u01b0\u1ee3ng: 200gram.<\/p>\n<p style=\"text-align: justify;\"><strong><em>Th\u00e0nh ph\u1ea7n:<\/em><\/strong> B\u1ed9t m\u00ec, b\u1ed9t l\u00faa m\u1ea1ch \u0111en h\u1eefu c\u01a1, b\u1ed9t n\u1edf, y\u1ebfn m\u1ea1ch, h\u1ea1t chia, mu\u1ed1i, h\u1ea1t b\u00ed ng\u00f4, h\u1ea1t h\u01b0\u1edbng d\u01b0\u01a1ng, h\u1ea1t m\u00e8, n\u01b0\u1edbc, d\u1ea7u \u00f4 liu nguy\u00ean ch\u1ea5t.<\/p>\n<p style=\"text-align: justify;\"><em><strong>B\u1ea3o qu\u1ea3n:<\/strong><\/em> N\u01a1i kh\u00f4 r\u00e1o, tr\u00e1nh \u00e1nh n\u1eafng m\u1eb7t tr\u1eddi, trong bao b\u00ec k\u00edn gi\u00f3.<\/p>\n<p style=\"text-align: justify;\"><em><strong>H\u1ea1n s\u1eed d\u1ee5ng:<\/strong><\/em> 3 th\u00e1ng k\u1ec3 t\u1eeb ng\u00e0y s\u1ea3n xu\u1ea5t.<\/p>\n<p><span style=\"text-decoration: underline; color: #008000;\"><a style=\"color: #008000; text-decoration: underline;\" href=\"https:\/\/bynature.vn\/vi\/danh-muc-san-pham\/do-kho\/snacks-vi\/thanh-dinh-duong-ngu-coc-banh-snack\/\">Xem th\u00eam Thanh dinh d\u01b0\u1ee1ng v\u00e0 b\u00e1nh k\u1eb9o<\/a><\/span><\/p>\n<p style=\"text-align: justify;\">\n","protected":false},"excerpt":{"rendered":"<p>Knaek v\u1ecb truy\u1ec1n th\u1ed1ng KNAEK l\u00e0 m\u1ed9t lo\u1ea1i b\u00e1nh m\u1eb7n, gi\u00f2n, ch\u1ee9a ng\u0169 c\u1ed1c, h\u1ea1t v\u00e0 d\u1ea7u \u00f4 liu nguy\u00ean ch\u1ea5t. Tr\u1ecdng l\u01b0\u1ee3ng: 200gram. Th\u00e0nh ph\u1ea7n: B\u1ed9t m\u00ec, b\u1ed9t l\u00faa m\u1ea1ch \u0111en h\u1eefu c\u01a1, b\u1ed9t n\u1edf, y\u1ebfn m\u1ea1ch, h\u1ea1t chia, mu\u1ed1i, h\u1ea1t b\u00ed ng\u00f4, h\u1ea1t h\u01b0\u1edbng d\u01b0\u01a1ng, h\u1ea1t m\u00e8, n\u01b0\u1edbc, d\u1ea7u \u00f4 liu nguy\u00ean ch\u1ea5t. &hellip; <\/p>\n<p class=\"link-more\"><a href=\"https:\/\/bynature.vn\/vi\/product\/200g-knaek\/\" class=\"more-link\">Continue reading<span class=\"screen-reader-text\"> &#8220;200g Knaek&#8221;<\/span><\/a><\/p>\n","protected":false},"featured_media":3208,"template":"","meta":[],"pwb-brand":[],"product_cat":[257],"product_tag":[],"class_list":{"0":"post-2584","1":"product","2":"type-product","3":"status-publish","4":"has-post-thumbnail","6":"product_cat-thanh-dinh-duong-ngu-coc-banh-snack","8":"first","9":"instock","10":"purchasable","11":"product-type-simple"},"acf":[],"brands":[],"_links":{"self":[{"href":"https:\/\/bynature.vn\/vi\/wp-json\/wp\/v2\/product\/2584","targetHints":{"allow":["GET"]}}],"collection":[{"href":"https:\/\/bynature.vn\/vi\/wp-json\/wp\/v2\/product"}],"about":[{"href":"https:\/\/bynature.vn\/vi\/wp-json\/wp\/v2\/types\/product"}],"wp:featuredmedia":[{"embeddable":true,"href":"https:\/\/bynature.vn\/vi\/wp-json\/wp\/v2\/media\/3208"}],"wp:attachment":[{"href":"https:\/\/bynature.vn\/vi\/wp-json\/wp\/v2\/media?parent=2584"}],"wp:term":[{"taxonomy":"pwb-brand","embeddable":true,"href":"https:\/\/bynature.vn\/vi\/wp-json\/wp\/v2\/pwb-brand?post=2584"},{"taxonomy":"product_cat","embeddable":true,"href":"https:\/\/bynature.vn\/vi\/wp-json\/wp\/v2\/product_cat?post=2584"},{"taxonomy":"product_tag","embeddable":true,"href":"https:\/\/bynature.vn\/vi\/wp-json\/wp\/v2\/product_tag?post=2584"}],"curies":[{"name":"wp","href":"https:\/\/api.w.org\/{rel}","templated":true}]}}