{"id":2583,"date":"2023-11-14T12:47:53","date_gmt":"2023-11-14T05:47:53","guid":{"rendered":"https:\/\/bynature.vn\/product\/200g-knaek-ca-chua-ot-va-rau-kinh-gioi\/"},"modified":"2024-04-03T15:33:38","modified_gmt":"2024-04-03T08:33:38","slug":"200g-knaek-ca-chua-ot-va-rau-kinh-gioi","status":"publish","type":"product","link":"https:\/\/bynature.vn\/vi\/product\/200g-knaek-ca-chua-ot-va-rau-kinh-gioi\/","title":{"rendered":"200g Knaek C\u00e0 Chua, \u1edat V\u00e0 Rau Kinh Gi\u1edbi"},"content":{"rendered":"<h6 style=\"text-align: justify;\">Knaek c\u00e0 chua, \u1edbt v\u00e0 rau kinh gi\u1edbi<\/h6>\n<p style=\"text-align: justify;\">KNAEK v\u1edbi c\u00e0 chua, \u1edbt v\u00e0 rau kinh gi\u1edbi h\u00f2a quy\u1ec7n ho\u00e0n h\u1ea3o \u0111\u1ec3 tr\u1edf th\u00e0nh m\u1ed9t m\u00f3n \u0103n v\u1eb7t tuy\u1ec7t v\u1eddi, nh\u1ea5t l\u00e0 khi th\u01b0\u1edfng th\u1ee9c c\u00f9ng bia.<\/p>\n<p style=\"text-align: justify;\">Tr\u1ecdng l\u01b0\u1ee3ng: 200 gram.<\/p>\n<p style=\"text-align: justify;\"><em><strong>Th\u00e0nh ph\u1ea7n:<\/strong><\/em> B\u1ed9t m\u00ec, l\u00faa m\u00ec nguy\u00ean c\u00e1m, d\u1ea7u \u00f4 liu nguy\u00ean ch\u1ea5t, n\u01b0\u1edbc, m\u1ea3nh l\u00faa m\u1ea1ch \u0111en, h\u1ea1t h\u01b0\u1edbng d\u01b0\u01a1ng, h\u1ea1t m\u00e8, c\u00e0 chua, \u1edbt m\u1ea3nh, l\u00e1 oregano, b\u1ed9t n\u1edf, mu\u1ed1i.<\/p>\n<p style=\"text-align: justify;\"><em><strong>B\u1ea3o qu\u1ea3n:<\/strong><\/em> N\u01a1i kh\u00f4 r\u00e1o, tr\u00e1nh \u00e1nh n\u1eafng m\u1eb7t tr\u1eddi, trong bao b\u00ec k\u00edn gi\u00f3.<\/p>\n<p style=\"text-align: justify;\"><em><strong>H\u1ea1n s\u1eed d\u1ee5ng:<\/strong><\/em> 3 th\u00e1ng k\u1ec3 t\u1eeb ng\u00e0y s\u1ea3n xu\u1ea5t.<\/p>\n<p style=\"text-align: justify;\"><span style=\"text-decoration: underline; color: #008000;\"><a style=\"color: #008000; text-decoration: underline;\" href=\"https:\/\/bynature.vn\/vi\/danh-muc-san-pham\/do-kho\/snacks-vi\/thanh-dinh-duong-ngu-coc-banh-snack\/\">Xem th\u00eam Thanh dinh d\u01b0\u1ee1ng v\u00e0 b\u00e1nh k\u1eb9o<\/a><\/span><\/p>\n","protected":false},"excerpt":{"rendered":"<p>Knaek c\u00e0 chua, \u1edbt v\u00e0 rau kinh gi\u1edbi KNAEK v\u1edbi c\u00e0 chua, \u1edbt v\u00e0 rau kinh gi\u1edbi h\u00f2a quy\u1ec7n ho\u00e0n h\u1ea3o \u0111\u1ec3 tr\u1edf th\u00e0nh m\u1ed9t m\u00f3n \u0103n v\u1eb7t tuy\u1ec7t v\u1eddi, nh\u1ea5t l\u00e0 khi th\u01b0\u1edfng th\u1ee9c c\u00f9ng bia. Tr\u1ecdng l\u01b0\u1ee3ng: 200 gram. Th\u00e0nh ph\u1ea7n: B\u1ed9t m\u00ec, l\u00faa m\u00ec nguy\u00ean c\u00e1m, d\u1ea7u \u00f4 liu nguy\u00ean ch\u1ea5t, n\u01b0\u1edbc, &hellip; <\/p>\n<p class=\"link-more\"><a href=\"https:\/\/bynature.vn\/vi\/product\/200g-knaek-ca-chua-ot-va-rau-kinh-gioi\/\" class=\"more-link\">Continue reading<span class=\"screen-reader-text\"> &#8220;200g Knaek C\u00e0 Chua, \u1edat V\u00e0 Rau Kinh Gi\u1edbi&#8221;<\/span><\/a><\/p>\n","protected":false},"featured_media":3438,"template":"","meta":[],"pwb-brand":[],"product_cat":[257],"product_tag":[],"class_list":{"0":"post-2583","1":"product","2":"type-product","3":"status-publish","4":"has-post-thumbnail","6":"product_cat-thanh-dinh-duong-ngu-coc-banh-snack","8":"first","9":"instock","10":"purchasable","11":"product-type-simple"},"acf":[],"brands":[],"_links":{"self":[{"href":"https:\/\/bynature.vn\/vi\/wp-json\/wp\/v2\/product\/2583","targetHints":{"allow":["GET"]}}],"collection":[{"href":"https:\/\/bynature.vn\/vi\/wp-json\/wp\/v2\/product"}],"about":[{"href":"https:\/\/bynature.vn\/vi\/wp-json\/wp\/v2\/types\/product"}],"wp:featuredmedia":[{"embeddable":true,"href":"https:\/\/bynature.vn\/vi\/wp-json\/wp\/v2\/media\/3438"}],"wp:attachment":[{"href":"https:\/\/bynature.vn\/vi\/wp-json\/wp\/v2\/media?parent=2583"}],"wp:term":[{"taxonomy":"pwb-brand","embeddable":true,"href":"https:\/\/bynature.vn\/vi\/wp-json\/wp\/v2\/pwb-brand?post=2583"},{"taxonomy":"product_cat","embeddable":true,"href":"https:\/\/bynature.vn\/vi\/wp-json\/wp\/v2\/product_cat?post=2583"},{"taxonomy":"product_tag","embeddable":true,"href":"https:\/\/bynature.vn\/vi\/wp-json\/wp\/v2\/product_tag?post=2583"}],"curies":[{"name":"wp","href":"https:\/\/api.w.org\/{rel}","templated":true}]}}