{"id":2582,"date":"2023-11-14T12:47:53","date_gmt":"2023-11-14T05:47:53","guid":{"rendered":"https:\/\/bynature.vn\/product\/200g-bot-socola\/"},"modified":"2024-04-04T09:28:55","modified_gmt":"2024-04-04T02:28:55","slug":"200g-bot-socola","status":"publish","type":"product","link":"https:\/\/bynature.vn\/vi\/product\/200g-bot-socola\/","title":{"rendered":"200g B\u1ed9t Socola"},"content":{"rendered":"<h6 style=\"text-align: justify;\">B\u1ed9t socola<\/h6>\n<p style=\"text-align: justify;\">B\u1ed9t socola \u0111\u01b0\u1ee3c l\u00e0m t\u1eeb 100% h\u1ea1t cacao nguy\u00ean ch\u1ea5t s\u1ea5y kh\u00f4, \u0111\u01b0\u1eddng v\u00e0 s\u1eefa. Tr\u00e1i cacao \u0111\u01b0\u1ee3c tr\u1ed3ng h\u1eefu c\u01a1 t\u1ea1i \u0110\u1ed3ng b\u1eb1ng s\u00f4ng C\u1eedu Long. H\u01b0\u01a1ng v\u1ecb s\u00f4 c\u00f4 la th\u00edch h\u1ee3p \u0111\u1ec3 l\u00e0m b\u00e1nh v\u00e0 pha v\u1edbi s\u1eefa.<\/p>\n<p style=\"text-align: justify;\">\u0110\u1ecdc th\u00eam: <span style=\"text-decoration: underline; color: #008000;\"><a style=\"color: #008000; text-decoration: underline;\" href=\"https:\/\/bynature.vn\/vi\/hat-cacao-cang-tot-thi-socola-cang-ngon\/\">H\u1ea1t cacao c\u00e0ng t\u1ed1t th\u00ec s\u00f4c\u00f4la c\u00e0ng ngon<\/a><\/span><\/p>\n","protected":false},"excerpt":{"rendered":"<p>B\u1ed9t socola B\u1ed9t socola \u0111\u01b0\u1ee3c l\u00e0m t\u1eeb 100% h\u1ea1t cacao nguy\u00ean ch\u1ea5t s\u1ea5y kh\u00f4, \u0111\u01b0\u1eddng v\u00e0 s\u1eefa. Tr\u00e1i cacao \u0111\u01b0\u1ee3c tr\u1ed3ng h\u1eefu c\u01a1 t\u1ea1i \u0110\u1ed3ng b\u1eb1ng s\u00f4ng C\u1eedu Long. H\u01b0\u01a1ng v\u1ecb s\u00f4 c\u00f4 la th\u00edch h\u1ee3p \u0111\u1ec3 l\u00e0m b\u00e1nh v\u00e0 pha v\u1edbi s\u1eefa. \u0110\u1ecdc th\u00eam: H\u1ea1t cacao c\u00e0ng t\u1ed1t th\u00ec s\u00f4c\u00f4la c\u00e0ng ngon<\/p>\n","protected":false},"featured_media":823,"template":"","meta":[],"pwb-brand":[288],"product_cat":[226,259,227],"product_tag":[],"class_list":{"0":"post-2582","1":"product","2":"type-product","3":"status-publish","4":"has-post-thumbnail","6":"pwb-brand-bynature-vi","7":"product_cat-do-uong","8":"product_cat-socola-banh-keo","9":"product_cat-ca-phe","11":"first","12":"instock","13":"purchasable","14":"product-type-simple"},"acf":[],"brands":[{"id":288,"name":"ByNature","slug":"bynature-vi"}],"_links":{"self":[{"href":"https:\/\/bynature.vn\/vi\/wp-json\/wp\/v2\/product\/2582","targetHints":{"allow":["GET"]}}],"collection":[{"href":"https:\/\/bynature.vn\/vi\/wp-json\/wp\/v2\/product"}],"about":[{"href":"https:\/\/bynature.vn\/vi\/wp-json\/wp\/v2\/types\/product"}],"wp:featuredmedia":[{"embeddable":true,"href":"https:\/\/bynature.vn\/vi\/wp-json\/wp\/v2\/media\/823"}],"wp:attachment":[{"href":"https:\/\/bynature.vn\/vi\/wp-json\/wp\/v2\/media?parent=2582"}],"wp:term":[{"taxonomy":"pwb-brand","embeddable":true,"href":"https:\/\/bynature.vn\/vi\/wp-json\/wp\/v2\/pwb-brand?post=2582"},{"taxonomy":"product_cat","embeddable":true,"href":"https:\/\/bynature.vn\/vi\/wp-json\/wp\/v2\/product_cat?post=2582"},{"taxonomy":"product_tag","embeddable":true,"href":"https:\/\/bynature.vn\/vi\/wp-json\/wp\/v2\/product_tag?post=2582"}],"curies":[{"name":"wp","href":"https:\/\/api.w.org\/{rel}","templated":true}]}}