{"id":2581,"date":"2023-11-14T12:47:53","date_gmt":"2023-11-14T05:47:53","guid":{"rendered":"https:\/\/bynature.vn\/product\/200g-bot-cacao\/"},"modified":"2024-04-04T09:27:17","modified_gmt":"2024-04-04T02:27:17","slug":"200g-bot-cacao","status":"publish","type":"product","link":"https:\/\/bynature.vn\/vi\/product\/200g-bot-cacao\/","title":{"rendered":"200g B\u1ed9t Cacao"},"content":{"rendered":"<h6 style=\"text-align: justify;\">B\u1ed9t cacao<\/h6>\n<p style=\"text-align: justify;\">B\u1ed9t cacao kh\u00f4ng \u0111\u01b0\u1eddng v\u1edbi 90% h\u1ea1t cacao nguy\u00ean ch\u1ea5t v\u00e0 10% b\u01a1 cacao. Tr\u00e1i cacao \u0111\u01b0\u1ee3c tr\u1ed3ng h\u1eefu c\u01a1 t\u1ea1i \u0110\u1ed3ng b\u1eb1ng s\u00f4ng C\u1eedu Long.<\/p>\n<p style=\"text-align: justify;\">B\u1ed9t cacao l\u00e0 phi\u00ean b\u1ea3n th\u00f4 c\u1ee7a cacao, \u00edt qua ch\u1ebf bi\u1ebfn, b\u1ed5 d\u01b0\u1ee1ng v\u00e0 ch\u1ee9a nhi\u1ec1u ch\u1ea5t ch\u1ed1ng oxy h\u00f3a, vitamin v\u00e0 kho\u00e1ng ch\u1ea5t thi\u1ebft y\u1ebfu.<\/p>\n<p style=\"text-align: justify;\">\u0110\u1ecdc th\u00eam: <span style=\"text-decoration: underline; color: #008000;\"><a style=\"color: #008000; text-decoration: underline;\" href=\"https:\/\/bynature.vn\/vi\/hat-cacao-cang-tot-thi-socola-cang-ngon\/\">H\u1ea1t cacao c\u00e0ng t\u1ed1t th\u00ec s\u00f4c\u00f4la c\u00e0ng ngon<\/a><\/span><\/p>\n","protected":false},"excerpt":{"rendered":"<p>B\u1ed9t cacao B\u1ed9t cacao kh\u00f4ng \u0111\u01b0\u1eddng v\u1edbi 90% h\u1ea1t cacao nguy\u00ean ch\u1ea5t v\u00e0 10% b\u01a1 cacao. Tr\u00e1i cacao \u0111\u01b0\u1ee3c tr\u1ed3ng h\u1eefu c\u01a1 t\u1ea1i \u0110\u1ed3ng b\u1eb1ng s\u00f4ng C\u1eedu Long. B\u1ed9t cacao l\u00e0 phi\u00ean b\u1ea3n th\u00f4 c\u1ee7a cacao, \u00edt qua ch\u1ebf bi\u1ebfn, b\u1ed5 d\u01b0\u1ee1ng v\u00e0 ch\u1ee9a nhi\u1ec1u ch\u1ea5t ch\u1ed1ng oxy h\u00f3a, vitamin v\u00e0 kho\u00e1ng ch\u1ea5t thi\u1ebft y\u1ebfu. &hellip; <\/p>\n<p class=\"link-more\"><a href=\"https:\/\/bynature.vn\/vi\/product\/200g-bot-cacao\/\" class=\"more-link\">Continue reading<span class=\"screen-reader-text\"> &#8220;200g B\u1ed9t Cacao&#8221;<\/span><\/a><\/p>\n","protected":false},"featured_media":820,"template":"","meta":[],"pwb-brand":[288],"product_cat":[226,259,227],"product_tag":[],"class_list":{"0":"post-2581","1":"product","2":"type-product","3":"status-publish","4":"has-post-thumbnail","6":"pwb-brand-bynature-vi","7":"product_cat-do-uong","8":"product_cat-socola-banh-keo","9":"product_cat-ca-phe","11":"first","12":"instock","13":"purchasable","14":"product-type-simple"},"acf":[],"brands":[{"id":288,"name":"ByNature","slug":"bynature-vi"}],"_links":{"self":[{"href":"https:\/\/bynature.vn\/vi\/wp-json\/wp\/v2\/product\/2581","targetHints":{"allow":["GET"]}}],"collection":[{"href":"https:\/\/bynature.vn\/vi\/wp-json\/wp\/v2\/product"}],"about":[{"href":"https:\/\/bynature.vn\/vi\/wp-json\/wp\/v2\/types\/product"}],"wp:featuredmedia":[{"embeddable":true,"href":"https:\/\/bynature.vn\/vi\/wp-json\/wp\/v2\/media\/820"}],"wp:attachment":[{"href":"https:\/\/bynature.vn\/vi\/wp-json\/wp\/v2\/media?parent=2581"}],"wp:term":[{"taxonomy":"pwb-brand","embeddable":true,"href":"https:\/\/bynature.vn\/vi\/wp-json\/wp\/v2\/pwb-brand?post=2581"},{"taxonomy":"product_cat","embeddable":true,"href":"https:\/\/bynature.vn\/vi\/wp-json\/wp\/v2\/product_cat?post=2581"},{"taxonomy":"product_tag","embeddable":true,"href":"https:\/\/bynature.vn\/vi\/wp-json\/wp\/v2\/product_tag?post=2581"}],"curies":[{"name":"wp","href":"https:\/\/api.w.org\/{rel}","templated":true}]}}