{"id":2580,"date":"2023-11-14T12:47:48","date_gmt":"2023-11-14T05:47:48","guid":{"rendered":"https:\/\/bynature.vn\/product\/200g-cacao-ngoi\/"},"modified":"2024-04-03T16:53:17","modified_gmt":"2024-04-03T09:53:17","slug":"200g-cacao-ngoi","status":"publish","type":"product","link":"https:\/\/bynature.vn\/vi\/product\/200g-cacao-ngoi\/","title":{"rendered":"200g Cacao Ng\u00f2i"},"content":{"rendered":"<h6 style=\"text-align: justify;\">Cacao ng\u00f2i<\/h6>\n<p style=\"text-align: justify;\">Cacao ng\u00f2i hay h\u1ea1t cacao l\u00e0 d\u1ea1ng s\u00f4c\u00f4la tinh khi\u1ebft nh\u1ea5t m\u00e0 b\u1ea1n c\u00f3 th\u1ec3 th\u01b0\u1edfng th\u1ee9c. \u0110\u00e2y l\u00e0 d\u1ea1ng s\u00f4 c\u00f4 la ho\u00e0n to\u00e0n t\u1ef1 nhi\u00ean v\u00e0 ch\u01b0a qua ch\u1ebf bi\u1ebfn.<\/p>\n<p style=\"text-align: justify;\">Cacao ng\u00f2i ho\u00e0n to\u00e0n t\u1ef1 nhi\u00ean.<\/p>\n<p style=\"text-align: justify;\">\u0110\u01b0\u1ee3c tr\u1ed3ng v\u00e0 thu ho\u1ea1ch t\u1eeb nh\u1eefng c\u00e2y cacao t\u1ea1i nh\u00e0 v\u01b0\u1eddn c\u00e1c t\u1ec9nh \u0110\u1ed3ng b\u1eb1ng s\u00f4ng C\u1eedu Long; n\u01a1i c\u00f3 kh\u00ed h\u1eadu g\u1ea7n nh\u01b0 ho\u00e0n h\u1ea3o \u0111\u1ec3 canh t\u00e1c cacao.<\/p>\n<p style=\"text-align: justify;\">\u0110\u1ecdc th\u00eam: <span style=\"text-decoration: underline; color: #008000;\"><a style=\"color: #008000; text-decoration: underline;\" href=\"https:\/\/bynature.vn\/vi\/hat-cacao-cang-tot-thi-socola-cang-ngon\/\">H\u1ea1t cacao c\u00e0ng t\u1ed1t th\u00ec s\u00f4c\u00f4la c\u00e0ng ngon<\/a><\/span><\/p>\n","protected":false},"excerpt":{"rendered":"<p>Cacao ng\u00f2i Cacao ng\u00f2i hay h\u1ea1t cacao l\u00e0 d\u1ea1ng s\u00f4c\u00f4la tinh khi\u1ebft nh\u1ea5t m\u00e0 b\u1ea1n c\u00f3 th\u1ec3 th\u01b0\u1edfng th\u1ee9c. \u0110\u00e2y l\u00e0 d\u1ea1ng s\u00f4 c\u00f4 la ho\u00e0n to\u00e0n t\u1ef1 nhi\u00ean v\u00e0 ch\u01b0a qua ch\u1ebf bi\u1ebfn. Cacao ng\u00f2i ho\u00e0n to\u00e0n t\u1ef1 nhi\u00ean. \u0110\u01b0\u1ee3c tr\u1ed3ng v\u00e0 thu ho\u1ea1ch t\u1eeb nh\u1eefng c\u00e2y cacao t\u1ea1i nh\u00e0 v\u01b0\u1eddn c\u00e1c t\u1ec9nh \u0110\u1ed3ng &hellip; <\/p>\n<p class=\"link-more\"><a href=\"https:\/\/bynature.vn\/vi\/product\/200g-cacao-ngoi\/\" class=\"more-link\">Continue reading<span class=\"screen-reader-text\"> &#8220;200g Cacao Ng\u00f2i&#8221;<\/span><\/a><\/p>\n","protected":false},"featured_media":817,"template":"","meta":[],"pwb-brand":[288],"product_cat":[259],"product_tag":[],"class_list":{"0":"post-2580","1":"product","2":"type-product","3":"status-publish","4":"has-post-thumbnail","6":"pwb-brand-bynature-vi","7":"product_cat-socola-banh-keo","9":"first","10":"outofstock","11":"purchasable","12":"product-type-simple"},"acf":[],"brands":[{"id":288,"name":"ByNature","slug":"bynature-vi"}],"_links":{"self":[{"href":"https:\/\/bynature.vn\/vi\/wp-json\/wp\/v2\/product\/2580","targetHints":{"allow":["GET"]}}],"collection":[{"href":"https:\/\/bynature.vn\/vi\/wp-json\/wp\/v2\/product"}],"about":[{"href":"https:\/\/bynature.vn\/vi\/wp-json\/wp\/v2\/types\/product"}],"wp:featuredmedia":[{"embeddable":true,"href":"https:\/\/bynature.vn\/vi\/wp-json\/wp\/v2\/media\/817"}],"wp:attachment":[{"href":"https:\/\/bynature.vn\/vi\/wp-json\/wp\/v2\/media?parent=2580"}],"wp:term":[{"taxonomy":"pwb-brand","embeddable":true,"href":"https:\/\/bynature.vn\/vi\/wp-json\/wp\/v2\/pwb-brand?post=2580"},{"taxonomy":"product_cat","embeddable":true,"href":"https:\/\/bynature.vn\/vi\/wp-json\/wp\/v2\/product_cat?post=2580"},{"taxonomy":"product_tag","embeddable":true,"href":"https:\/\/bynature.vn\/vi\/wp-json\/wp\/v2\/product_tag?post=2580"}],"curies":[{"name":"wp","href":"https:\/\/api.w.org\/{rel}","templated":true}]}}