{"id":2579,"date":"2023-11-14T12:47:48","date_gmt":"2023-11-14T05:47:48","guid":{"rendered":"https:\/\/bynature.vn\/product\/socola-den-100-thanh-80g\/"},"modified":"2024-04-03T15:45:47","modified_gmt":"2024-04-03T08:45:47","slug":"socola-den-100-thanh-80g","status":"publish","type":"product","link":"https:\/\/bynature.vn\/vi\/product\/socola-den-100-thanh-80g\/","title":{"rendered":"S\u00f4c\u00f4la \u0110en 100% (Thanh 80g)"},"content":{"rendered":"<h6 style=\"text-align: justify;\">S\u00f4c\u00f4la \u0111en 100% &#8211; Socola nguy\u00ean ch\u1ea5t ByNature<\/h6>\n<p style=\"text-align: justify;\"><em><strong>Th\u00e0nh ph\u1ea7n t\u1ef1 nhi\u00ean:<\/strong><\/em> \u00a0H\u1ea1t cacao v\u00e0 b\u01a1 cacao.<\/p>\n<p style=\"text-align: justify;\">\u0110\u01b0\u1ee3c ch\u1ebf bi\u1ebfn th\u1ee7 c\u00f4ng tinh t\u1ebf t\u1eeb nh\u1eefng tr\u00e1i cacao s\u1ea1ch t\u1ed1t nh\u1ea5t c\u1ee7a v\u00f9ng tr\u1ed3ng cacao Ch\u1ee3 G\u1ea1o, Ti\u1ec1n Giang.<\/p>\n<p style=\"text-align: justify;\">H\u1ea1t cacao c\u00e0ng t\u1ed1t th\u00ec s\u00f4 c\u00f4 la c\u00e0ng ngon: Ch\u1ea5t l\u01b0\u1ee3ng cacao \u0111\u01b0\u1ee3c x\u00e1c \u0111\u1ecbnh d\u1ef1a tr\u00ean \u0111\u1ed9 ch\u1eafc c\u1ee7a h\u1ea1t, kh\u00ed h\u1eadu v\u00e0 quy tr\u00ecnh x\u1eed l\u00fd sau khi thu ho\u1ea1ch. Cacao t\u1ea1i ByNature \u0111\u01b0\u1ee3c thu ho\u1ea1ch t\u1eeb c\u00f9ng m\u1ed9t nh\u00e0 v\u01b0\u1eddn, s\u1eed d\u1ee5ng c\u00f9ng m\u1ed9t ph\u01b0\u01a1ng ph\u00e1p ch\u1ebf bi\u1ebfn. M\u1eb7c d\u00f9 y\u1ebfu t\u1ed1 m\u00f9a v\u1ee5 c\u00f3 th\u1ec3 \u1ea3nh h\u01b0\u1edfng \u00edt nhi\u1ec1u \u0111\u1ebfn ch\u1ea5t l\u01b0\u1ee3ng v\u00e0 m\u00f9i v\u1ecb h\u1ea1t cacao. Nh\u01b0ng nh\u00ecn chung, ch\u00fang \u0111\u1ec1u gi\u1eef \u0111\u01b0\u1ee3c s\u1ef1 th\u01a1m ngon v\u00e0 h\u01b0\u01a1ng v\u1ecb \u0111\u1eb7c tr\u01b0ng.<\/p>\n<p>\u0110\u1ecdc th\u00eam: <span style=\"text-decoration: underline;\"><span style=\"color: #008000;\"><a style=\"color: #008000; text-decoration: underline;\" href=\"https:\/\/bynature.vn\/vi\/3-loi-ich-suc-khoe-tuyet-voi-cua-socola-den\/\">3 l\u1ee3i \u00edch s\u1ee9c kh\u1ecfe tuy\u1ec7t v\u1eddi c\u1ee7a s\u00f4c\u00f4la \u0111en<\/a><\/span><\/span><\/p>\n","protected":false},"excerpt":{"rendered":"<p>S\u00f4c\u00f4la \u0111en 100% &#8211; Socola nguy\u00ean ch\u1ea5t ByNature Th\u00e0nh ph\u1ea7n t\u1ef1 nhi\u00ean: \u00a0H\u1ea1t cacao v\u00e0 b\u01a1 cacao. \u0110\u01b0\u1ee3c ch\u1ebf bi\u1ebfn th\u1ee7 c\u00f4ng tinh t\u1ebf t\u1eeb nh\u1eefng tr\u00e1i cacao s\u1ea1ch t\u1ed1t nh\u1ea5t c\u1ee7a v\u00f9ng tr\u1ed3ng cacao Ch\u1ee3 G\u1ea1o, Ti\u1ec1n Giang. H\u1ea1t cacao c\u00e0ng t\u1ed1t th\u00ec s\u00f4 c\u00f4 la c\u00e0ng ngon: Ch\u1ea5t l\u01b0\u1ee3ng cacao \u0111\u01b0\u1ee3c x\u00e1c \u0111\u1ecbnh &hellip; <\/p>\n<p class=\"link-more\"><a href=\"https:\/\/bynature.vn\/vi\/product\/socola-den-100-thanh-80g\/\" class=\"more-link\">Continue reading<span class=\"screen-reader-text\"> &#8220;S\u00f4c\u00f4la \u0110en 100% (Thanh 80g)&#8221;<\/span><\/a><\/p>\n","protected":false},"featured_media":3442,"template":"","meta":[],"pwb-brand":[288],"product_cat":[259],"product_tag":[],"class_list":{"0":"post-2579","1":"product","2":"type-product","3":"status-publish","4":"has-post-thumbnail","6":"pwb-brand-bynature-vi","7":"product_cat-socola-banh-keo","9":"first","10":"instock","11":"purchasable","12":"product-type-simple"},"acf":[],"brands":[{"id":288,"name":"ByNature","slug":"bynature-vi"}],"_links":{"self":[{"href":"https:\/\/bynature.vn\/vi\/wp-json\/wp\/v2\/product\/2579","targetHints":{"allow":["GET"]}}],"collection":[{"href":"https:\/\/bynature.vn\/vi\/wp-json\/wp\/v2\/product"}],"about":[{"href":"https:\/\/bynature.vn\/vi\/wp-json\/wp\/v2\/types\/product"}],"wp:featuredmedia":[{"embeddable":true,"href":"https:\/\/bynature.vn\/vi\/wp-json\/wp\/v2\/media\/3442"}],"wp:attachment":[{"href":"https:\/\/bynature.vn\/vi\/wp-json\/wp\/v2\/media?parent=2579"}],"wp:term":[{"taxonomy":"pwb-brand","embeddable":true,"href":"https:\/\/bynature.vn\/vi\/wp-json\/wp\/v2\/pwb-brand?post=2579"},{"taxonomy":"product_cat","embeddable":true,"href":"https:\/\/bynature.vn\/vi\/wp-json\/wp\/v2\/product_cat?post=2579"},{"taxonomy":"product_tag","embeddable":true,"href":"https:\/\/bynature.vn\/vi\/wp-json\/wp\/v2\/product_tag?post=2579"}],"curies":[{"name":"wp","href":"https:\/\/api.w.org\/{rel}","templated":true}]}}