{"id":2576,"date":"2023-11-14T12:47:48","date_gmt":"2023-11-14T05:47:48","guid":{"rendered":"https:\/\/bynature.vn\/product\/banh-mi-sourdough-nguyen-cam-voi-ot-jalapenos-va-pho-mai-thuan-chay\/"},"modified":"2024-03-28T14:19:10","modified_gmt":"2024-03-28T07:19:10","slug":"banh-mi-sourdough-nguyen-cam-voi-ot","status":"publish","type":"product","link":"https:\/\/bynature.vn\/vi\/product\/banh-mi-sourdough-nguyen-cam-voi-ot\/","title":{"rendered":"B\u00e1nh M\u00ec Sourdough Nguy\u00ean C\u00e1m V\u1edbi \u1edat Jalapenos V\u00e0 Ph\u00f4 Mai (Thu\u1ea7n Chay)"},"content":{"rendered":"<h6 style=\"text-align: justify;\">B\u00e1nh m\u00ec sourdough nguy\u00ean c\u00e1m v\u1edbi \u1edbt jalapenos v\u00e0 ph\u00f4 mai (thu\u1ea7n chay)<\/h6>\n<ul>\n<li style=\"text-align: justify;\">B\u00e1nh \u0111\u01b0\u1ee3c l\u00e0m t\u1eeb b\u1ed9t m\u00ec, n\u01b0\u1edbc kho\u00e1ng v\u00e0 mu\u1ed1i (kh\u00f4ng th\u00eam \u0111\u01b0\u1eddng, men c\u00f4ng nghi\u1ec7p, kh\u00f4ng s\u1eefa, d\u1ea7u\/ b\u01a1).<\/li>\n<li style=\"text-align: justify;\">S\u1eed d\u1ee5ng 100% ph\u01b0\u01a1ng ph\u00e1p l\u00ean men t\u1ef1 nhi\u00ean \u0111\u1ec3 l\u00e0m b\u00e1nh m\u00ec sourdough.<\/li>\n<li style=\"text-align: justify;\">Qu\u00e1 tr\u00ecnh l\u00e0m m\u1ed7i chi\u1ebfc b\u00e1nh m\u1ea5t t\u1eeb 24-72 gi\u1edd, to\u00e0n b\u1ed9 qu\u00e1 tr\u00ecnh \u0111\u01b0\u1ee3c th\u1ef1c hi\u1ec7n b\u1eb1ng tay. T\u1ea1o ra m\u1ed9t l\u1edbp v\u1ecf caramen tuy\u1ec7t h\u1ea3o v\u00e0 l\u1edbp b\u00e1nh m\u1ec1m th\u01a1m.<\/li>\n<li>B\u00e1nh m\u00ec Sharon Artisan Bakery.<\/li>\n<\/ul>\n<p style=\"text-align: justify;\">\u0110\u1ecdc th\u00eam: <span style=\"text-decoration: underline; color: #008000;\"><a style=\"color: #008000; text-decoration: underline;\" href=\"https:\/\/bynature.vn\/vi\/chuyen-cua-banh-mi\/\">Chuy\u1ec7n c\u1ee7a b\u00e1nh m\u00ec<\/a><\/span><\/p>\n","protected":false},"excerpt":{"rendered":"<p>B\u00e1nh m\u00ec sourdough nguy\u00ean c\u00e1m v\u1edbi \u1edbt jalapenos v\u00e0 ph\u00f4 mai (thu\u1ea7n chay) B\u00e1nh \u0111\u01b0\u1ee3c l\u00e0m t\u1eeb b\u1ed9t m\u00ec, n\u01b0\u1edbc kho\u00e1ng v\u00e0 mu\u1ed1i (kh\u00f4ng th\u00eam \u0111\u01b0\u1eddng, men c\u00f4ng nghi\u1ec7p, kh\u00f4ng s\u1eefa, d\u1ea7u\/ b\u01a1). S\u1eed d\u1ee5ng 100% ph\u01b0\u01a1ng ph\u00e1p l\u00ean men t\u1ef1 nhi\u00ean \u0111\u1ec3 l\u00e0m b\u00e1nh m\u00ec sourdough. Qu\u00e1 tr\u00ecnh l\u00e0m m\u1ed7i chi\u1ebfc b\u00e1nh m\u1ea5t t\u1eeb &hellip; <\/p>\n<p class=\"link-more\"><a href=\"https:\/\/bynature.vn\/vi\/product\/banh-mi-sourdough-nguyen-cam-voi-ot\/\" class=\"more-link\">Continue reading<span class=\"screen-reader-text\"> &#8220;B\u00e1nh M\u00ec Sourdough Nguy\u00ean C\u00e1m V\u1edbi \u1edat Jalapenos V\u00e0 Ph\u00f4 Mai (Thu\u1ea7n Chay)&#8221;<\/span><\/a><\/p>\n","protected":false},"featured_media":811,"template":"","meta":[],"pwb-brand":[],"product_cat":[182],"product_tag":[],"class_list":{"0":"post-2576","1":"product","2":"type-product","3":"status-publish","4":"has-post-thumbnail","6":"product_cat-banh-mi-banh-nuong","8":"first","9":"outofstock","10":"purchasable","11":"product-type-simple"},"acf":[],"brands":[],"_links":{"self":[{"href":"https:\/\/bynature.vn\/vi\/wp-json\/wp\/v2\/product\/2576","targetHints":{"allow":["GET"]}}],"collection":[{"href":"https:\/\/bynature.vn\/vi\/wp-json\/wp\/v2\/product"}],"about":[{"href":"https:\/\/bynature.vn\/vi\/wp-json\/wp\/v2\/types\/product"}],"wp:featuredmedia":[{"embeddable":true,"href":"https:\/\/bynature.vn\/vi\/wp-json\/wp\/v2\/media\/811"}],"wp:attachment":[{"href":"https:\/\/bynature.vn\/vi\/wp-json\/wp\/v2\/media?parent=2576"}],"wp:term":[{"taxonomy":"pwb-brand","embeddable":true,"href":"https:\/\/bynature.vn\/vi\/wp-json\/wp\/v2\/pwb-brand?post=2576"},{"taxonomy":"product_cat","embeddable":true,"href":"https:\/\/bynature.vn\/vi\/wp-json\/wp\/v2\/product_cat?post=2576"},{"taxonomy":"product_tag","embeddable":true,"href":"https:\/\/bynature.vn\/vi\/wp-json\/wp\/v2\/product_tag?post=2576"}],"curies":[{"name":"wp","href":"https:\/\/api.w.org\/{rel}","templated":true}]}}