{"id":2575,"date":"2023-11-14T12:47:48","date_gmt":"2023-11-14T05:47:48","guid":{"rendered":"https:\/\/bynature.vn\/product\/banh-mi-sourdough-ciabatta-mem-3-banh\/"},"modified":"2024-03-28T14:31:31","modified_gmt":"2024-03-28T07:31:31","slug":"banh-mi-sourdough-ciabatta-mem-3-banh","status":"publish","type":"product","link":"https:\/\/bynature.vn\/vi\/product\/banh-mi-sourdough-ciabatta-mem-3-banh\/","title":{"rendered":"B\u00e1nh M\u00ec Sourdough Ciabatta M\u1ec1m (3 B\u00e1nh)"},"content":{"rendered":"<h6>B\u00e1nh m\u00ec sourdough ciabatta m\u1ec1m<\/h6>\n<ul>\n<li>B\u00e1nh \u0111\u01b0\u1ee3c l\u00e0m t\u1eeb b\u1ed9t, n\u01b0\u1edbc kho\u00e1ng v\u00e0 mu\u1ed1i.<\/li>\n<li>B\u00e1nh \u0111\u01b0\u1ee3c n\u01b0\u1edbng m\u1edbi m\u1ed7i ng\u00e0y.<\/li>\n<li>C\u00f3 th\u1ec3 \u0103n ri\u00eang ho\u1eb7c \u0103n k\u00e8m v\u1edbi ph\u00f4 mai v\u00e0 n\u01b0\u1edbc s\u1ed1t.<\/li>\n<li>B\u00e1nh m\u00ec Sharon Artisan Bakery.<\/li>\n<\/ul>\n<p>\u0110\u1ecdc th\u00eam: <span style=\"text-decoration: underline; color: #008000;\"><a style=\"color: #008000; text-decoration: underline;\" href=\"https:\/\/bynature.vn\/vi\/chuyen-cua-banh-mi\/\">Chuy\u1ec7n c\u1ee7a b\u00e1nh m\u00ec<\/a><\/span><\/p>\n","protected":false},"excerpt":{"rendered":"<p>B\u00e1nh m\u00ec sourdough ciabatta m\u1ec1m B\u00e1nh \u0111\u01b0\u1ee3c l\u00e0m t\u1eeb b\u1ed9t, n\u01b0\u1edbc kho\u00e1ng v\u00e0 mu\u1ed1i. B\u00e1nh \u0111\u01b0\u1ee3c n\u01b0\u1edbng m\u1edbi m\u1ed7i ng\u00e0y. C\u00f3 th\u1ec3 \u0103n ri\u00eang ho\u1eb7c \u0103n k\u00e8m v\u1edbi ph\u00f4 mai v\u00e0 n\u01b0\u1edbc s\u1ed1t. B\u00e1nh m\u00ec Sharon Artisan Bakery. \u0110\u1ecdc th\u00eam: Chuy\u1ec7n c\u1ee7a b\u00e1nh m\u00ec<\/p>\n","protected":false},"featured_media":808,"template":"","meta":[],"pwb-brand":[],"product_cat":[182],"product_tag":[],"class_list":{"0":"post-2575","1":"product","2":"type-product","3":"status-publish","4":"has-post-thumbnail","6":"product_cat-banh-mi-banh-nuong","8":"first","9":"instock","10":"purchasable","11":"product-type-simple"},"acf":[],"brands":[],"_links":{"self":[{"href":"https:\/\/bynature.vn\/vi\/wp-json\/wp\/v2\/product\/2575","targetHints":{"allow":["GET"]}}],"collection":[{"href":"https:\/\/bynature.vn\/vi\/wp-json\/wp\/v2\/product"}],"about":[{"href":"https:\/\/bynature.vn\/vi\/wp-json\/wp\/v2\/types\/product"}],"wp:featuredmedia":[{"embeddable":true,"href":"https:\/\/bynature.vn\/vi\/wp-json\/wp\/v2\/media\/808"}],"wp:attachment":[{"href":"https:\/\/bynature.vn\/vi\/wp-json\/wp\/v2\/media?parent=2575"}],"wp:term":[{"taxonomy":"pwb-brand","embeddable":true,"href":"https:\/\/bynature.vn\/vi\/wp-json\/wp\/v2\/pwb-brand?post=2575"},{"taxonomy":"product_cat","embeddable":true,"href":"https:\/\/bynature.vn\/vi\/wp-json\/wp\/v2\/product_cat?post=2575"},{"taxonomy":"product_tag","embeddable":true,"href":"https:\/\/bynature.vn\/vi\/wp-json\/wp\/v2\/product_tag?post=2575"}],"curies":[{"name":"wp","href":"https:\/\/api.w.org\/{rel}","templated":true}]}}