{"id":2574,"date":"2023-11-14T12:47:48","date_gmt":"2023-11-14T05:47:48","guid":{"rendered":"https:\/\/bynature.vn\/product\/banh-mi-sourdough-tron-4-banh\/"},"modified":"2024-03-28T14:33:41","modified_gmt":"2024-03-28T07:33:41","slug":"banh-mi-sourdough-tron-4-banh","status":"publish","type":"product","link":"https:\/\/bynature.vn\/vi\/product\/banh-mi-sourdough-tron-4-banh\/","title":{"rendered":"B\u00e1nh M\u00ec Sourdough Tr\u00f2n (4 B\u00e1nh)"},"content":{"rendered":"<h6>B\u00e1nh m\u00ec sourdough tr\u00f2n<\/h6>\n<p>B\u00e1nh m\u00ec sourdough tr\u00f2n Sharon Artisan Bakery thu\u1ea7n chay \u0111\u01b0\u1ee3c l\u00e0m t\u1eeb n\u01b0\u1edbc kho\u00e1ng, b\u1ed9t v\u00e0 mu\u1ed1i.<\/p>\n<p>\u0110\u1ecdc th\u00eam: <span style=\"text-decoration: underline; color: #008000;\"><a style=\"color: #008000; text-decoration: underline;\" href=\"https:\/\/bynature.vn\/vi\/chuyen-cua-banh-mi\/\">Chuy\u1ec7n c\u1ee7a b\u00e1nh m\u00ec<\/a><\/span><\/p>\n","protected":false},"excerpt":{"rendered":"<p>B\u00e1nh m\u00ec sourdough tr\u00f2n B\u00e1nh m\u00ec sourdough tr\u00f2n Sharon Artisan Bakery thu\u1ea7n chay \u0111\u01b0\u1ee3c l\u00e0m t\u1eeb n\u01b0\u1edbc kho\u00e1ng, b\u1ed9t v\u00e0 mu\u1ed1i. \u0110\u1ecdc th\u00eam: Chuy\u1ec7n c\u1ee7a b\u00e1nh m\u00ec<\/p>\n","protected":false},"featured_media":805,"template":"","meta":[],"pwb-brand":[],"product_cat":[182],"product_tag":[],"class_list":{"0":"post-2574","1":"product","2":"type-product","3":"status-publish","4":"has-post-thumbnail","6":"product_cat-banh-mi-banh-nuong","8":"first","9":"instock","10":"purchasable","11":"product-type-simple"},"acf":[],"brands":[],"_links":{"self":[{"href":"https:\/\/bynature.vn\/vi\/wp-json\/wp\/v2\/product\/2574","targetHints":{"allow":["GET"]}}],"collection":[{"href":"https:\/\/bynature.vn\/vi\/wp-json\/wp\/v2\/product"}],"about":[{"href":"https:\/\/bynature.vn\/vi\/wp-json\/wp\/v2\/types\/product"}],"wp:featuredmedia":[{"embeddable":true,"href":"https:\/\/bynature.vn\/vi\/wp-json\/wp\/v2\/media\/805"}],"wp:attachment":[{"href":"https:\/\/bynature.vn\/vi\/wp-json\/wp\/v2\/media?parent=2574"}],"wp:term":[{"taxonomy":"pwb-brand","embeddable":true,"href":"https:\/\/bynature.vn\/vi\/wp-json\/wp\/v2\/pwb-brand?post=2574"},{"taxonomy":"product_cat","embeddable":true,"href":"https:\/\/bynature.vn\/vi\/wp-json\/wp\/v2\/product_cat?post=2574"},{"taxonomy":"product_tag","embeddable":true,"href":"https:\/\/bynature.vn\/vi\/wp-json\/wp\/v2\/product_tag?post=2574"}],"curies":[{"name":"wp","href":"https:\/\/api.w.org\/{rel}","templated":true}]}}