{"id":2573,"date":"2023-11-14T12:47:48","date_gmt":"2023-11-14T05:47:48","guid":{"rendered":"https:\/\/bynature.vn\/product\/banh-mi-sourdough-baguettes-lua-mach-den-thuan-chay-2-banh\/"},"modified":"2024-03-28T14:49:27","modified_gmt":"2024-03-28T07:49:27","slug":"banh-mi-sourdough-baguettes-lua-mach-den","status":"publish","type":"product","link":"https:\/\/bynature.vn\/vi\/product\/banh-mi-sourdough-baguettes-lua-mach-den\/","title":{"rendered":"B\u00e1nh M\u00ec Sourdough Baguettes L\u00faa M\u1ea1ch \u0110en Thu\u1ea7n Chay (2 B\u00e1nh)"},"content":{"rendered":"<h6>B\u00e1nh m\u00ec sourdough baguettes l\u00faa m\u1ea1ch \u0111en (thu\u1ea7n chay) Sharon Artisan Bakery<\/h6>\n<ul>\n<li>Ch\u1ec9 \u0111\u01b0\u1ee3c l\u00e0m t\u1eeb n\u01b0\u1edbc kho\u00e1ng v\u00e0 nh\u1eefng nguy\u00ean li\u1ec7u ch\u1ea5t l\u01b0\u1ee3ng cao.<\/li>\n<li>Kh\u1ed1i l\u01b0\u1ee3ng: 350g<\/li>\n<\/ul>\n<p>\u0110\u1ecdc th\u00eam: <span style=\"text-decoration: underline; color: #008000;\"><a style=\"color: #008000; text-decoration: underline;\" href=\"https:\/\/bynature.vn\/vi\/chuyen-cua-banh-mi\/\">Chuy\u1ec7n c\u1ee7a b\u00e1nh m\u00ec<\/a><\/span><\/p>\n","protected":false},"excerpt":{"rendered":"<p>B\u00e1nh m\u00ec sourdough baguettes l\u00faa m\u1ea1ch \u0111en (thu\u1ea7n chay) Sharon Artisan Bakery Ch\u1ec9 \u0111\u01b0\u1ee3c l\u00e0m t\u1eeb n\u01b0\u1edbc kho\u00e1ng v\u00e0 nh\u1eefng nguy\u00ean li\u1ec7u ch\u1ea5t l\u01b0\u1ee3ng cao. Kh\u1ed1i l\u01b0\u1ee3ng: 350g \u0110\u1ecdc th\u00eam: Chuy\u1ec7n c\u1ee7a b\u00e1nh m\u00ec<\/p>\n","protected":false},"featured_media":802,"template":"","meta":[],"pwb-brand":[],"product_cat":[181],"product_tag":[],"class_list":{"0":"post-2573","1":"product","2":"type-product","3":"status-publish","4":"has-post-thumbnail","6":"product_cat-banh-mi-baguette","8":"first","9":"instock","10":"purchasable","11":"product-type-simple"},"acf":[],"brands":[],"_links":{"self":[{"href":"https:\/\/bynature.vn\/vi\/wp-json\/wp\/v2\/product\/2573","targetHints":{"allow":["GET"]}}],"collection":[{"href":"https:\/\/bynature.vn\/vi\/wp-json\/wp\/v2\/product"}],"about":[{"href":"https:\/\/bynature.vn\/vi\/wp-json\/wp\/v2\/types\/product"}],"wp:featuredmedia":[{"embeddable":true,"href":"https:\/\/bynature.vn\/vi\/wp-json\/wp\/v2\/media\/802"}],"wp:attachment":[{"href":"https:\/\/bynature.vn\/vi\/wp-json\/wp\/v2\/media?parent=2573"}],"wp:term":[{"taxonomy":"pwb-brand","embeddable":true,"href":"https:\/\/bynature.vn\/vi\/wp-json\/wp\/v2\/pwb-brand?post=2573"},{"taxonomy":"product_cat","embeddable":true,"href":"https:\/\/bynature.vn\/vi\/wp-json\/wp\/v2\/product_cat?post=2573"},{"taxonomy":"product_tag","embeddable":true,"href":"https:\/\/bynature.vn\/vi\/wp-json\/wp\/v2\/product_tag?post=2573"}],"curies":[{"name":"wp","href":"https:\/\/api.w.org\/{rel}","templated":true}]}}