{"id":2568,"date":"2023-11-14T12:47:48","date_gmt":"2023-11-14T05:47:48","guid":{"rendered":"https:\/\/bynature.vn\/product\/banh-mi-sandwich-sourdough-nguyen-cam-chua-hat-thuan-chay-500g\/"},"modified":"2024-03-28T15:09:14","modified_gmt":"2024-03-28T08:09:14","slug":"banh-mi-sandwich-sourdough-nguyen-cam-2","status":"publish","type":"product","link":"https:\/\/bynature.vn\/vi\/product\/banh-mi-sandwich-sourdough-nguyen-cam-2\/","title":{"rendered":"B\u00e1nh M\u00ec Sandwich Sourdough Nguy\u00ean C\u00e1m Ch\u1ee9a H\u1ea1t (Thu\u1ea7n Chay) 500g"},"content":{"rendered":"<h6 style=\"text-align: justify;\">B\u00e1nh m\u00ec sandwich sourdough nguy\u00ean c\u00e1m ch\u1ee9a h\u1ea1t (thu\u1ea7n chay)<\/h6>\n<ul>\n<li style=\"text-align: justify;\">C\u00f3 size 500g<\/li>\n<li style=\"text-align: justify;\">Ch\u1ec9 \u0111\u01b0\u1ee3c l\u00e0m t\u1eeb n\u01b0\u1edbc kho\u00e1ng v\u00e0 nh\u1eefng nguy\u00ean li\u1ec7u ch\u1ea5t l\u01b0\u1ee3ng cao. Ho\u00e0n to\u00e0n kh\u00f4ng ch\u1ee9a h\u00f3a ch\u1ea5t v\u00e0 ch\u1ea5t ph\u1ee5 gia.<\/li>\n<\/ul>\n<p style=\"text-align: justify;\">\u0110\u1ecdc th\u00eam: <span style=\"text-decoration: underline; color: #008000;\"><a style=\"color: #008000; text-decoration: underline;\" href=\"https:\/\/bynature.vn\/vi\/chuyen-cua-banh-mi\/\">Chuy\u1ec7n c\u1ee7a b\u00e1nh m\u00ec<\/a><\/span><\/p>\n","protected":false},"excerpt":{"rendered":"<p>B\u00e1nh m\u00ec sandwich sourdough nguy\u00ean c\u00e1m ch\u1ee9a h\u1ea1t (thu\u1ea7n chay) C\u00f3 size 500g Ch\u1ec9 \u0111\u01b0\u1ee3c l\u00e0m t\u1eeb n\u01b0\u1edbc kho\u00e1ng v\u00e0 nh\u1eefng nguy\u00ean li\u1ec7u ch\u1ea5t l\u01b0\u1ee3ng cao. Ho\u00e0n to\u00e0n kh\u00f4ng ch\u1ee9a h\u00f3a ch\u1ea5t v\u00e0 ch\u1ea5t ph\u1ee5 gia. \u0110\u1ecdc th\u00eam: Chuy\u1ec7n c\u1ee7a b\u00e1nh m\u00ec<\/p>\n","protected":false},"featured_media":3204,"template":"","meta":[],"pwb-brand":[],"product_cat":[184],"product_tag":[],"class_list":{"0":"post-2568","1":"product","2":"type-product","3":"status-publish","4":"has-post-thumbnail","6":"product_cat-banh-mi-sandwich","8":"first","9":"instock","10":"purchasable","11":"product-type-simple"},"acf":[],"brands":[],"_links":{"self":[{"href":"https:\/\/bynature.vn\/vi\/wp-json\/wp\/v2\/product\/2568","targetHints":{"allow":["GET"]}}],"collection":[{"href":"https:\/\/bynature.vn\/vi\/wp-json\/wp\/v2\/product"}],"about":[{"href":"https:\/\/bynature.vn\/vi\/wp-json\/wp\/v2\/types\/product"}],"wp:featuredmedia":[{"embeddable":true,"href":"https:\/\/bynature.vn\/vi\/wp-json\/wp\/v2\/media\/3204"}],"wp:attachment":[{"href":"https:\/\/bynature.vn\/vi\/wp-json\/wp\/v2\/media?parent=2568"}],"wp:term":[{"taxonomy":"pwb-brand","embeddable":true,"href":"https:\/\/bynature.vn\/vi\/wp-json\/wp\/v2\/pwb-brand?post=2568"},{"taxonomy":"product_cat","embeddable":true,"href":"https:\/\/bynature.vn\/vi\/wp-json\/wp\/v2\/product_cat?post=2568"},{"taxonomy":"product_tag","embeddable":true,"href":"https:\/\/bynature.vn\/vi\/wp-json\/wp\/v2\/product_tag?post=2568"}],"curies":[{"name":"wp","href":"https:\/\/api.w.org\/{rel}","templated":true}]}}