{"id":2565,"date":"2023-11-14T12:47:48","date_gmt":"2023-11-14T05:47:48","guid":{"rendered":"https:\/\/bynature.vn\/product\/banh-mi-sourdough-nguyen-cam-voi-nho-kho-thuan-chay\/"},"modified":"2024-03-28T15:13:04","modified_gmt":"2024-03-28T08:13:04","slug":"banh-mi-sourdough-nguyen-cam-voi-nho-kho","status":"publish","type":"product","link":"https:\/\/bynature.vn\/vi\/product\/banh-mi-sourdough-nguyen-cam-voi-nho-kho\/","title":{"rendered":"B\u00e1nh M\u00ec Sourdough Nguy\u00ean C\u00e1m V\u1edbi Nho Kh\u00f4 (Thu\u1ea7n Chay)"},"content":{"rendered":"<h6 style=\"text-align: justify;\">B\u00e1nh m\u00ec sourdough nguy\u00ean c\u00e1m v\u1edbi nho kh\u00f4 Sharon Artisan Bakery<\/h6>\n<ul>\n<li style=\"text-align: justify;\">Ho\u00e0n to\u00e0n thu\u1ea7n chay.<\/li>\n<li style=\"text-align: justify;\">Ch\u1ec9 ch\u1ee9a b\u1ed9t m\u00ec, n\u01b0\u1edbc kho\u00e1ng v\u00e0 mu\u1ed1i (kh\u00f4ng \u0111\u01b0\u1eddng, kh\u00f4ng men nh\u00e2n t\u1ea1o, kh\u00f4ng s\u1eefa, kh\u00f4ng d\u1ea7u\/b\u01a1).<\/li>\n<li style=\"text-align: justify;\">S\u1eed d\u1ee5ng 100% ph\u01b0\u01a1ng ph\u00e1p l\u00ean men t\u1ef1 nhi\u00ean.<\/li>\n<li style=\"text-align: justify;\">To\u00e0n b\u1ed9 qu\u00e1 tr\u00ecnh l\u00e0m b\u00e1nh \u0111\u1ec1u \u0111\u01b0\u1ee3c th\u1ef1c hi\u1ec7n b\u1eb1ng tay, m\u1ea5t kho\u1ea3ng 24-72 gi\u1edd \u0111\u1ec3 t\u1ea1o ra l\u1edbp v\u1ecf caramen tuy\u1ec7t v\u1eddi v\u00e0 l\u1edbp b\u00e1nh m\u00ec m\u1ec1m \u1ea9m.<\/li>\n<li style=\"text-align: justify;\">Ch\u1ee9a nhi\u1ec1u ch\u1ea5t x\u01a1, c\u00e1c l\u1ee3i khu\u1ea9n v\u00e0 probiotic c\u00f3 l\u1ee3i cho c\u01a1 th\u1ec3.<\/li>\n<\/ul>\n<p style=\"text-align: justify;\">\u0110\u1ecdc th\u00eam: <span style=\"text-decoration: underline; color: #008000;\"><a style=\"color: #008000; text-decoration: underline;\" href=\"https:\/\/bynature.vn\/vi\/chuyen-cua-banh-mi\/\">Chuy\u1ec7n c\u1ee7a b\u00e1nh m\u00ec<\/a><\/span><\/p>\n","protected":false},"excerpt":{"rendered":"<p>B\u00e1nh m\u00ec sourdough nguy\u00ean c\u00e1m v\u1edbi nho kh\u00f4 Sharon Artisan Bakery Ho\u00e0n to\u00e0n thu\u1ea7n chay. Ch\u1ec9 ch\u1ee9a b\u1ed9t m\u00ec, n\u01b0\u1edbc kho\u00e1ng v\u00e0 mu\u1ed1i (kh\u00f4ng \u0111\u01b0\u1eddng, kh\u00f4ng men nh\u00e2n t\u1ea1o, kh\u00f4ng s\u1eefa, kh\u00f4ng d\u1ea7u\/b\u01a1). S\u1eed d\u1ee5ng 100% ph\u01b0\u01a1ng ph\u00e1p l\u00ean men t\u1ef1 nhi\u00ean. To\u00e0n b\u1ed9 qu\u00e1 tr\u00ecnh l\u00e0m b\u00e1nh \u0111\u1ec1u \u0111\u01b0\u1ee3c th\u1ef1c hi\u1ec7n b\u1eb1ng tay, m\u1ea5t &hellip; <\/p>\n<p class=\"link-more\"><a href=\"https:\/\/bynature.vn\/vi\/product\/banh-mi-sourdough-nguyen-cam-voi-nho-kho\/\" class=\"more-link\">Continue reading<span class=\"screen-reader-text\"> &#8220;B\u00e1nh M\u00ec Sourdough Nguy\u00ean C\u00e1m V\u1edbi Nho Kh\u00f4 (Thu\u1ea7n Chay)&#8221;<\/span><\/a><\/p>\n","protected":false},"featured_media":790,"template":"","meta":[],"pwb-brand":[],"product_cat":[182],"product_tag":[],"class_list":{"0":"post-2565","1":"product","2":"type-product","3":"status-publish","4":"has-post-thumbnail","6":"product_cat-banh-mi-banh-nuong","8":"first","9":"instock","10":"purchasable","11":"product-type-simple"},"acf":[],"brands":[],"_links":{"self":[{"href":"https:\/\/bynature.vn\/vi\/wp-json\/wp\/v2\/product\/2565","targetHints":{"allow":["GET"]}}],"collection":[{"href":"https:\/\/bynature.vn\/vi\/wp-json\/wp\/v2\/product"}],"about":[{"href":"https:\/\/bynature.vn\/vi\/wp-json\/wp\/v2\/types\/product"}],"wp:featuredmedia":[{"embeddable":true,"href":"https:\/\/bynature.vn\/vi\/wp-json\/wp\/v2\/media\/790"}],"wp:attachment":[{"href":"https:\/\/bynature.vn\/vi\/wp-json\/wp\/v2\/media?parent=2565"}],"wp:term":[{"taxonomy":"pwb-brand","embeddable":true,"href":"https:\/\/bynature.vn\/vi\/wp-json\/wp\/v2\/pwb-brand?post=2565"},{"taxonomy":"product_cat","embeddable":true,"href":"https:\/\/bynature.vn\/vi\/wp-json\/wp\/v2\/product_cat?post=2565"},{"taxonomy":"product_tag","embeddable":true,"href":"https:\/\/bynature.vn\/vi\/wp-json\/wp\/v2\/product_tag?post=2565"}],"curies":[{"name":"wp","href":"https:\/\/api.w.org\/{rel}","templated":true}]}}