{"id":2564,"date":"2023-11-14T12:47:48","date_gmt":"2023-11-14T05:47:48","guid":{"rendered":"https:\/\/bynature.vn\/product\/banh-mi-sourdough-chuoi\/"},"modified":"2024-03-28T14:39:15","modified_gmt":"2024-03-28T07:39:15","slug":"banh-mi-sourdough-chuoi","status":"publish","type":"product","link":"https:\/\/bynature.vn\/vi\/product\/banh-mi-sourdough-chuoi\/","title":{"rendered":"B\u00e1nh M\u00ec Sourdough Chu\u1ed1i"},"content":{"rendered":"<h6>B\u00e1nh m\u00ec sourdough chu\u1ed1i thu\u1ea7n chay Sharon Artisan Bakery<\/h6>\n<ul>\n<li>\u0110\u01b0\u1ee3c l\u00e0m t\u1eeb b\u1ed9t nguy\u00ean c\u00e1m l\u00ean men t\u1ef1 nhi\u00ean k\u1ebft h\u1ee3p c\u00f9ng v\u1ecb chu\u1ed1i ng\u1ecdt th\u01a1m.<\/li>\n<li>B\u00e1nh m\u1ec1m, \u1ea9m v\u00e0 \u0111\u1ea7y h\u01b0\u01a1ng v\u1ecb.<\/li>\n<\/ul>\n<p>\u0110\u1ecdc th\u00eam: <span style=\"text-decoration: underline; color: #008000;\"><a style=\"color: #008000; text-decoration: underline;\" href=\"https:\/\/bynature.vn\/vi\/chuyen-cua-banh-mi\/\">Chuy\u1ec7n c\u1ee7a b\u00e1nh m\u00ec<\/a><\/span><\/p>\n","protected":false},"excerpt":{"rendered":"<p>B\u00e1nh m\u00ec sourdough chu\u1ed1i thu\u1ea7n chay Sharon Artisan Bakery \u0110\u01b0\u1ee3c l\u00e0m t\u1eeb b\u1ed9t nguy\u00ean c\u00e1m l\u00ean men t\u1ef1 nhi\u00ean k\u1ebft h\u1ee3p c\u00f9ng v\u1ecb chu\u1ed1i ng\u1ecdt th\u01a1m. B\u00e1nh m\u1ec1m, \u1ea9m v\u00e0 \u0111\u1ea7y h\u01b0\u01a1ng v\u1ecb. \u0110\u1ecdc th\u00eam: Chuy\u1ec7n c\u1ee7a b\u00e1nh m\u00ec<\/p>\n","protected":false},"featured_media":787,"template":"","meta":[],"pwb-brand":[],"product_cat":[182],"product_tag":[],"class_list":{"0":"post-2564","1":"product","2":"type-product","3":"status-publish","4":"has-post-thumbnail","6":"product_cat-banh-mi-banh-nuong","8":"first","9":"instock","10":"purchasable","11":"product-type-simple"},"acf":[],"brands":[],"_links":{"self":[{"href":"https:\/\/bynature.vn\/vi\/wp-json\/wp\/v2\/product\/2564","targetHints":{"allow":["GET"]}}],"collection":[{"href":"https:\/\/bynature.vn\/vi\/wp-json\/wp\/v2\/product"}],"about":[{"href":"https:\/\/bynature.vn\/vi\/wp-json\/wp\/v2\/types\/product"}],"wp:featuredmedia":[{"embeddable":true,"href":"https:\/\/bynature.vn\/vi\/wp-json\/wp\/v2\/media\/787"}],"wp:attachment":[{"href":"https:\/\/bynature.vn\/vi\/wp-json\/wp\/v2\/media?parent=2564"}],"wp:term":[{"taxonomy":"pwb-brand","embeddable":true,"href":"https:\/\/bynature.vn\/vi\/wp-json\/wp\/v2\/pwb-brand?post=2564"},{"taxonomy":"product_cat","embeddable":true,"href":"https:\/\/bynature.vn\/vi\/wp-json\/wp\/v2\/product_cat?post=2564"},{"taxonomy":"product_tag","embeddable":true,"href":"https:\/\/bynature.vn\/vi\/wp-json\/wp\/v2\/product_tag?post=2564"}],"curies":[{"name":"wp","href":"https:\/\/api.w.org\/{rel}","templated":true}]}}