{"id":2563,"date":"2023-11-14T12:47:48","date_gmt":"2023-11-14T05:47:48","guid":{"rendered":"https:\/\/bynature.vn\/product\/banh-dua-va-ca-phe-3-banh\/"},"modified":"2024-03-28T14:05:06","modified_gmt":"2024-03-28T07:05:06","slug":"banh-dua-va-ca-phe-3-banh","status":"publish","type":"product","link":"https:\/\/bynature.vn\/vi\/product\/banh-dua-va-ca-phe-3-banh\/","title":{"rendered":"B\u00e1nh D\u1eeba V\u00e0 C\u00e0 Ph\u00ea (3 B\u00e1nh)"},"content":{"rendered":"<h6>B\u00e1nh d\u1eeba v\u00e0 c\u00e0 ph\u00ea<\/h6>\n<p>S\u1ef1 k\u1ebft h\u1ee3p ho\u00e0n h\u1ea3o gi\u1eefa d\u1eeba v\u00e0 c\u00e0 ph\u00ea trong chi\u1ebfc b\u00e1nh n\u01b0\u1edbng Sharon Artisan Bakery.<\/p>\n<p>\u0110\u1ecdc th\u00eam: <span style=\"text-decoration: underline; color: #008000;\"><a style=\"color: #008000; text-decoration: underline;\" href=\"https:\/\/bynature.vn\/vi\/chuyen-cua-banh-mi\/\">Chuy\u1ec7n c\u1ee7a b\u00e1nh m\u00ec<\/a><\/span><\/p>\n","protected":false},"excerpt":{"rendered":"<p>B\u00e1nh d\u1eeba v\u00e0 c\u00e0 ph\u00ea S\u1ef1 k\u1ebft h\u1ee3p ho\u00e0n h\u1ea3o gi\u1eefa d\u1eeba v\u00e0 c\u00e0 ph\u00ea trong chi\u1ebfc b\u00e1nh n\u01b0\u1edbng Sharon Artisan Bakery. \u0110\u1ecdc th\u00eam: Chuy\u1ec7n c\u1ee7a b\u00e1nh m\u00ec<\/p>\n","protected":false},"featured_media":784,"template":"","meta":[],"pwb-brand":[],"product_cat":[183],"product_tag":[],"class_list":{"0":"post-2563","1":"product","2":"type-product","3":"status-publish","4":"has-post-thumbnail","6":"product_cat-banh-kem-banh-quy","8":"first","9":"instock","10":"purchasable","11":"product-type-simple"},"acf":[],"brands":[],"_links":{"self":[{"href":"https:\/\/bynature.vn\/vi\/wp-json\/wp\/v2\/product\/2563","targetHints":{"allow":["GET"]}}],"collection":[{"href":"https:\/\/bynature.vn\/vi\/wp-json\/wp\/v2\/product"}],"about":[{"href":"https:\/\/bynature.vn\/vi\/wp-json\/wp\/v2\/types\/product"}],"wp:featuredmedia":[{"embeddable":true,"href":"https:\/\/bynature.vn\/vi\/wp-json\/wp\/v2\/media\/784"}],"wp:attachment":[{"href":"https:\/\/bynature.vn\/vi\/wp-json\/wp\/v2\/media?parent=2563"}],"wp:term":[{"taxonomy":"pwb-brand","embeddable":true,"href":"https:\/\/bynature.vn\/vi\/wp-json\/wp\/v2\/pwb-brand?post=2563"},{"taxonomy":"product_cat","embeddable":true,"href":"https:\/\/bynature.vn\/vi\/wp-json\/wp\/v2\/product_cat?post=2563"},{"taxonomy":"product_tag","embeddable":true,"href":"https:\/\/bynature.vn\/vi\/wp-json\/wp\/v2\/product_tag?post=2563"}],"curies":[{"name":"wp","href":"https:\/\/api.w.org\/{rel}","templated":true}]}}