{"id":2561,"date":"2023-11-14T12:47:48","date_gmt":"2023-11-14T05:47:48","guid":{"rendered":"https:\/\/bynature.vn\/product\/banh-chocolate-3-banh\/"},"modified":"2024-03-28T14:01:16","modified_gmt":"2024-03-28T07:01:16","slug":"banh-chocolate-3-banh","status":"publish","type":"product","link":"https:\/\/bynature.vn\/vi\/product\/banh-chocolate-3-banh\/","title":{"rendered":"B\u00e1nh Chocolate (3 B\u00e1nh)"},"content":{"rendered":"<h6 style=\"text-align: justify;\">B\u00e1nh chocolate<\/h6>\n<ul style=\"text-align: justify;\">\n<li>B\u00e1nh chocolate \u1ea9m, m\u1ec1m v\u00e0 b\u00e9o.<\/li>\n<li>\u0110\u01b0\u1ee3c n\u01b0\u1edbng b\u1eb1ng nh\u1eefng nguy\u00ean li\u1ec7u h\u00e0ng \u0111\u1ea7u c\u1ee7a Sharon Artisan Bakery, m\u1ed7i b\u00e1nh n\u1eb7ng kho\u1ea3ng 100g.<\/li>\n<\/ul>\n<p style=\"text-align: justify;\">\u0110\u1ecdc th\u00eam: <span style=\"text-decoration: underline; color: #008000;\"><a style=\"color: #008000; text-decoration: underline;\" href=\"https:\/\/bynature.vn\/vi\/chuyen-cua-banh-mi\/\">Chuy\u1ec7n c\u1ee7a b\u00e1nh m\u00ec<\/a><\/span><\/p>\n","protected":false},"excerpt":{"rendered":"<p>B\u00e1nh chocolate B\u00e1nh chocolate \u1ea9m, m\u1ec1m v\u00e0 b\u00e9o. \u0110\u01b0\u1ee3c n\u01b0\u1edbng b\u1eb1ng nh\u1eefng nguy\u00ean li\u1ec7u h\u00e0ng \u0111\u1ea7u c\u1ee7a Sharon Artisan Bakery, m\u1ed7i b\u00e1nh n\u1eb7ng kho\u1ea3ng 100g. \u0110\u1ecdc th\u00eam: Chuy\u1ec7n c\u1ee7a b\u00e1nh m\u00ec<\/p>\n","protected":false},"featured_media":778,"template":"","meta":[],"pwb-brand":[],"product_cat":[183],"product_tag":[],"class_list":{"0":"post-2561","1":"product","2":"type-product","3":"status-publish","4":"has-post-thumbnail","6":"product_cat-banh-kem-banh-quy","8":"first","9":"instock","10":"purchasable","11":"product-type-simple"},"acf":[],"brands":[],"_links":{"self":[{"href":"https:\/\/bynature.vn\/vi\/wp-json\/wp\/v2\/product\/2561","targetHints":{"allow":["GET"]}}],"collection":[{"href":"https:\/\/bynature.vn\/vi\/wp-json\/wp\/v2\/product"}],"about":[{"href":"https:\/\/bynature.vn\/vi\/wp-json\/wp\/v2\/types\/product"}],"wp:featuredmedia":[{"embeddable":true,"href":"https:\/\/bynature.vn\/vi\/wp-json\/wp\/v2\/media\/778"}],"wp:attachment":[{"href":"https:\/\/bynature.vn\/vi\/wp-json\/wp\/v2\/media?parent=2561"}],"wp:term":[{"taxonomy":"pwb-brand","embeddable":true,"href":"https:\/\/bynature.vn\/vi\/wp-json\/wp\/v2\/pwb-brand?post=2561"},{"taxonomy":"product_cat","embeddable":true,"href":"https:\/\/bynature.vn\/vi\/wp-json\/wp\/v2\/product_cat?post=2561"},{"taxonomy":"product_tag","embeddable":true,"href":"https:\/\/bynature.vn\/vi\/wp-json\/wp\/v2\/product_tag?post=2561"}],"curies":[{"name":"wp","href":"https:\/\/api.w.org\/{rel}","templated":true}]}}