{"id":2558,"date":"2023-11-14T12:47:42","date_gmt":"2023-11-14T05:47:42","guid":{"rendered":"https:\/\/bynature.vn\/product\/banh-mi-sourdough-nguyen-cam-thuan-chay\/"},"modified":"2024-03-28T15:11:44","modified_gmt":"2024-03-28T08:11:44","slug":"banh-mi-sourdough-nguyen-cam-thuan-chay","status":"publish","type":"product","link":"https:\/\/bynature.vn\/vi\/product\/banh-mi-sourdough-nguyen-cam-thuan-chay\/","title":{"rendered":"B\u00e1nh M\u00ec Sourdough Nguy\u00ean C\u00e1m (Thu\u1ea7n Chay)"},"content":{"rendered":"<h6 style=\"text-align: justify;\">B\u00e1nh m\u00ec sourdough nguy\u00ean c\u00e1m (thu\u1ea7n chay)<\/h6>\n<ul>\n<li style=\"text-align: justify;\"><em><strong>Th\u00e0nh ph\u1ea7n:<\/strong><\/em> b\u1ed9t m\u00ec, n\u01b0\u1edbc kho\u00e1ng, mu\u1ed1i.<\/li>\n<li style=\"text-align: justify;\">Ph\u01b0\u01a1ng ph\u00e1p l\u00ean men 100% t\u1ef1 nhi\u00ean gi\u00fap cho b\u00e1nh m\u00ec ch\u1ee9a nhi\u1ec1u ch\u1ea5t x\u01a1 v\u00e0 l\u1ee3i khu\u1ea9n.<\/li>\n<li style=\"text-align: justify;\">Sau kho\u1ea3ng t\u1eeb 24-72 gi\u1edd, nh\u1eefng chi\u1ebfc b\u00e1nh m\u00ec s\u1ebd \u0111\u01b0\u1ee3c ra l\u00f2 v\u1edbi l\u1edbp v\u1ecf caramen tuy\u1ec7t h\u1ea3o c\u00f9ng l\u1edbp b\u00e1nh m\u1ec1m th\u01a1m.<\/li>\n<li style=\"text-align: justify;\">B\u00e1nh m\u00ec d\u00f9ng \u0111\u01b0\u1ee3c cho ng\u01b0\u1eddi \u0103n chay, kh\u00f4ng b\u1ecf th\u00eam \u0111\u01b0\u1eddng, d\u1ea7u\/b\u01a1 v\u00e0 men c\u00f4ng nghi\u1ec7p.<\/li>\n<\/ul>\n<p style=\"text-align: justify;\">\u0110\u1ecdc th\u00eam: <span style=\"text-decoration: underline; color: #008000;\"><a style=\"color: #008000; text-decoration: underline;\" href=\"https:\/\/bynature.vn\/vi\/chuyen-cua-banh-mi\/\">Chuy\u1ec7n c\u1ee7a b\u00e1nh m\u00ec<\/a><\/span><\/p>\n","protected":false},"excerpt":{"rendered":"<p>B\u00e1nh m\u00ec sourdough nguy\u00ean c\u00e1m (thu\u1ea7n chay) Th\u00e0nh ph\u1ea7n: b\u1ed9t m\u00ec, n\u01b0\u1edbc kho\u00e1ng, mu\u1ed1i. Ph\u01b0\u01a1ng ph\u00e1p l\u00ean men 100% t\u1ef1 nhi\u00ean gi\u00fap cho b\u00e1nh m\u00ec ch\u1ee9a nhi\u1ec1u ch\u1ea5t x\u01a1 v\u00e0 l\u1ee3i khu\u1ea9n. Sau kho\u1ea3ng t\u1eeb 24-72 gi\u1edd, nh\u1eefng chi\u1ebfc b\u00e1nh m\u00ec s\u1ebd \u0111\u01b0\u1ee3c ra l\u00f2 v\u1edbi l\u1edbp v\u1ecf caramen tuy\u1ec7t h\u1ea3o c\u00f9ng l\u1edbp b\u00e1nh m\u1ec1m &hellip; <\/p>\n<p class=\"link-more\"><a href=\"https:\/\/bynature.vn\/vi\/product\/banh-mi-sourdough-nguyen-cam-thuan-chay\/\" class=\"more-link\">Continue reading<span class=\"screen-reader-text\"> &#8220;B\u00e1nh M\u00ec Sourdough Nguy\u00ean C\u00e1m (Thu\u1ea7n Chay)&#8221;<\/span><\/a><\/p>\n","protected":false},"featured_media":766,"template":"","meta":[],"pwb-brand":[],"product_cat":[182],"product_tag":[],"class_list":{"0":"post-2558","1":"product","2":"type-product","3":"status-publish","4":"has-post-thumbnail","6":"product_cat-banh-mi-banh-nuong","8":"first","9":"instock","10":"purchasable","11":"product-type-simple"},"acf":[],"brands":[],"_links":{"self":[{"href":"https:\/\/bynature.vn\/vi\/wp-json\/wp\/v2\/product\/2558","targetHints":{"allow":["GET"]}}],"collection":[{"href":"https:\/\/bynature.vn\/vi\/wp-json\/wp\/v2\/product"}],"about":[{"href":"https:\/\/bynature.vn\/vi\/wp-json\/wp\/v2\/types\/product"}],"wp:featuredmedia":[{"embeddable":true,"href":"https:\/\/bynature.vn\/vi\/wp-json\/wp\/v2\/media\/766"}],"wp:attachment":[{"href":"https:\/\/bynature.vn\/vi\/wp-json\/wp\/v2\/media?parent=2558"}],"wp:term":[{"taxonomy":"pwb-brand","embeddable":true,"href":"https:\/\/bynature.vn\/vi\/wp-json\/wp\/v2\/pwb-brand?post=2558"},{"taxonomy":"product_cat","embeddable":true,"href":"https:\/\/bynature.vn\/vi\/wp-json\/wp\/v2\/product_cat?post=2558"},{"taxonomy":"product_tag","embeddable":true,"href":"https:\/\/bynature.vn\/vi\/wp-json\/wp\/v2\/product_tag?post=2558"}],"curies":[{"name":"wp","href":"https:\/\/api.w.org\/{rel}","templated":true}]}}