{"id":2555,"date":"2023-11-14T12:47:42","date_gmt":"2023-11-14T05:47:42","guid":{"rendered":"https:\/\/bynature.vn\/product\/hat-dieu-tu-nhien-5x50g\/"},"modified":"2024-04-03T16:35:29","modified_gmt":"2024-04-03T09:35:29","slug":"hat-dieu-say-tu-nhien-5x50g","status":"publish","type":"product","link":"https:\/\/bynature.vn\/vi\/product\/hat-dieu-say-tu-nhien-5x50g\/","title":{"rendered":"H\u1ea1t \u0110i\u1ec1u T\u1ef1 Nhi\u00ean (5 g\u00f3i x 50g)"},"content":{"rendered":"<h6 style=\"text-align: justify;\">H\u1ea1t \u0111i\u1ec1u s\u1ea5y<\/h6>\n<p style=\"text-align: justify;\">H\u1ea1t \u0111i\u1ec1u ho\u00e0n to\u00e0n t\u1ef1 nhi\u00ean &#8211; gi\u00e0u ch\u1ea5t b\u00e9o, protein v\u00e0 ch\u1ea5t x\u01a1 l\u00e0nh m\u1ea1nh c\u00f9ng v\u1edbi kali, ph\u1ed1t pho, magi\u00ea v\u00e0 vitamin B. \u0110\u01b0\u1ee3c tr\u1ed3ng b\u1edfi c\u00e1c n\u00f4ng d\u00e2n d\u00e2n t\u1ed9c thi\u1ec3u s\u1ed1.<\/p>\n<p style=\"text-align: justify;\">Xem th\u00eam: <span style=\"text-decoration: underline; color: #008000;\"><a style=\"color: #008000; text-decoration: underline;\" href=\"https:\/\/bynature.vn\/vi\/danh-muc-san-pham\/do-kho\/snacks-vi\/dau-hat\/\">\u0110\u1eadu v\u00e0 H\u1ea1t<\/a><\/span><\/p>\n","protected":false},"excerpt":{"rendered":"<p>H\u1ea1t \u0111i\u1ec1u s\u1ea5y H\u1ea1t \u0111i\u1ec1u ho\u00e0n to\u00e0n t\u1ef1 nhi\u00ean &#8211; gi\u00e0u ch\u1ea5t b\u00e9o, protein v\u00e0 ch\u1ea5t x\u01a1 l\u00e0nh m\u1ea1nh c\u00f9ng v\u1edbi kali, ph\u1ed1t pho, magi\u00ea v\u00e0 vitamin B. \u0110\u01b0\u1ee3c tr\u1ed3ng b\u1edfi c\u00e1c n\u00f4ng d\u00e2n d\u00e2n t\u1ed9c thi\u1ec3u s\u1ed1. Xem th\u00eam: \u0110\u1eadu v\u00e0 H\u1ea1t<\/p>\n","protected":false},"featured_media":757,"template":"","meta":[],"pwb-brand":[288],"product_cat":[261],"product_tag":[],"class_list":{"0":"post-2555","1":"product","2":"type-product","3":"status-publish","4":"has-post-thumbnail","6":"pwb-brand-bynature-vi","7":"product_cat-dau-hat","9":"first","10":"outofstock","11":"sale","12":"purchasable","13":"product-type-simple"},"acf":[],"brands":[{"id":288,"name":"ByNature","slug":"bynature-vi"}],"_links":{"self":[{"href":"https:\/\/bynature.vn\/vi\/wp-json\/wp\/v2\/product\/2555","targetHints":{"allow":["GET"]}}],"collection":[{"href":"https:\/\/bynature.vn\/vi\/wp-json\/wp\/v2\/product"}],"about":[{"href":"https:\/\/bynature.vn\/vi\/wp-json\/wp\/v2\/types\/product"}],"wp:featuredmedia":[{"embeddable":true,"href":"https:\/\/bynature.vn\/vi\/wp-json\/wp\/v2\/media\/757"}],"wp:attachment":[{"href":"https:\/\/bynature.vn\/vi\/wp-json\/wp\/v2\/media?parent=2555"}],"wp:term":[{"taxonomy":"pwb-brand","embeddable":true,"href":"https:\/\/bynature.vn\/vi\/wp-json\/wp\/v2\/pwb-brand?post=2555"},{"taxonomy":"product_cat","embeddable":true,"href":"https:\/\/bynature.vn\/vi\/wp-json\/wp\/v2\/product_cat?post=2555"},{"taxonomy":"product_tag","embeddable":true,"href":"https:\/\/bynature.vn\/vi\/wp-json\/wp\/v2\/product_tag?post=2555"}],"curies":[{"name":"wp","href":"https:\/\/api.w.org\/{rel}","templated":true}]}}