{"id":2554,"date":"2023-11-14T12:47:42","date_gmt":"2023-11-14T05:47:42","guid":{"rendered":"https:\/\/bynature.vn\/product\/dau-phong-tu-nhien-500g-2\/"},"modified":"2026-02-10T13:09:53","modified_gmt":"2026-02-10T06:09:53","slug":"dau-phong-tu-nhien-500g-2","status":"publish","type":"product","link":"https:\/\/bynature.vn\/vi\/product\/dau-phong-tu-nhien-500g-2\/","title":{"rendered":"Combo Snack \u0110\u1eadu Ph\u1ed9ng 5 G\u00f3i x 50g"},"content":{"rendered":"<h6>\u0110\u1eadu ph\u1ed9ng ho\u00e0n to\u00e0n t\u1ef1 nhi\u00ean<\/h6>\n<ul>\n<li style=\"text-align: justify;\">T\u1eadn h\u01b0\u1edfng l\u1ee3i \u00edch t\u1eeb ch\u1ea5t b\u00e9o t\u1ed1t, protein v\u00e0 ch\u1ea5t x\u01a1, c\u00f9ng c\u00e1c kho\u00e1ng ch\u1ea5t nh\u01b0 kali, ph\u1ed1t pho, magi\u00ea v\u00e0 vitamin B.<br \/>\u0110\u1eadu ph\u1ed9ng \u0111\u01b0\u1ee3c canh t\u00e1c b\u1edfi c\u00e1c n\u00f4ng h\u1ed9 nh\u1ecf thu\u1ed9c c\u1ed9ng \u0111\u1ed3ng d\u00e2n t\u1ed9c thi\u1ec3u s\u1ed1.<\/li>\n<li style=\"text-align: justify;\"><span style=\"text-decoration: underline; color: #008000;\"><a style=\"color: #008000; text-decoration: underline;\" href=\"https:\/\/bynature.vn\/product-category\/pantry\/snacks\/nuts\/\">Mua th\u00eam \u0110\u1eadu<\/a><\/span><\/li>\n<\/ul>\n","protected":false},"excerpt":{"rendered":"<p>\u0110\u1eadu ph\u1ed9ng ho\u00e0n to\u00e0n t\u1ef1 nhi\u00ean T\u1eadn h\u01b0\u1edfng l\u1ee3i \u00edch t\u1eeb ch\u1ea5t b\u00e9o t\u1ed1t, protein v\u00e0 ch\u1ea5t x\u01a1, c\u00f9ng c\u00e1c kho\u00e1ng ch\u1ea5t nh\u01b0 kali, ph\u1ed1t pho, magi\u00ea v\u00e0 vitamin B.\u0110\u1eadu ph\u1ed9ng \u0111\u01b0\u1ee3c canh t\u00e1c b\u1edfi c\u00e1c n\u00f4ng h\u1ed9 nh\u1ecf thu\u1ed9c c\u1ed9ng \u0111\u1ed3ng d\u00e2n t\u1ed9c thi\u1ec3u s\u1ed1. Mua th\u00eam \u0110\u1eadu<\/p>\n","protected":false},"featured_media":754,"template":"","meta":[],"pwb-brand":[288],"product_cat":[261],"product_tag":[],"class_list":{"0":"post-2554","1":"product","2":"type-product","3":"status-publish","4":"has-post-thumbnail","6":"pwb-brand-bynature-vi","7":"product_cat-dau-hat","9":"first","10":"outofstock","11":"sale","12":"purchasable","13":"product-type-simple"},"acf":[],"brands":[{"id":288,"name":"ByNature","slug":"bynature-vi"}],"_links":{"self":[{"href":"https:\/\/bynature.vn\/vi\/wp-json\/wp\/v2\/product\/2554","targetHints":{"allow":["GET"]}}],"collection":[{"href":"https:\/\/bynature.vn\/vi\/wp-json\/wp\/v2\/product"}],"about":[{"href":"https:\/\/bynature.vn\/vi\/wp-json\/wp\/v2\/types\/product"}],"wp:featuredmedia":[{"embeddable":true,"href":"https:\/\/bynature.vn\/vi\/wp-json\/wp\/v2\/media\/754"}],"wp:attachment":[{"href":"https:\/\/bynature.vn\/vi\/wp-json\/wp\/v2\/media?parent=2554"}],"wp:term":[{"taxonomy":"pwb-brand","embeddable":true,"href":"https:\/\/bynature.vn\/vi\/wp-json\/wp\/v2\/pwb-brand?post=2554"},{"taxonomy":"product_cat","embeddable":true,"href":"https:\/\/bynature.vn\/vi\/wp-json\/wp\/v2\/product_cat?post=2554"},{"taxonomy":"product_tag","embeddable":true,"href":"https:\/\/bynature.vn\/vi\/wp-json\/wp\/v2\/product_tag?post=2554"}],"curies":[{"name":"wp","href":"https:\/\/api.w.org\/{rel}","templated":true}]}}